{"id":3884,"date":"2025-01-22T15:33:03","date_gmt":"2025-01-22T15:33:03","guid":{"rendered":"https:\/\/antler.si\/izdelek\/robot-mower-autonomo-stiga-a1500-fino-a-2500m2\/"},"modified":"2025-01-22T15:33:03","modified_gmt":"2025-01-22T15:33:03","slug":"robot-mower-autonomo-stiga-a1500-fino-a-2500m2","status":"publish","type":"product","link":"https:\/\/antler.si\/it\/prodotto\/robot-mower-autonomo-stiga-a1500-fino-a-2500m2\/","title":{"rendered":"ROBOT MOWER AUTONOMO STIGA A1500 (fino a 2500m2)"},"content":{"rendered":"<p>Stiga A AUTONOMOUS \u00e8 il nuovo rasaerba robotico, il primo rasaerba veramente autonomo, dotato dell'avanzata tecnologia AGS, senza cavo di trattenuta. Una vera autonomia per il tuo prato. E, ovviamente, anche il tuo prato avr\u00e0 un aspetto pi\u00f9 naturale. Progettato per tagliare il tuo prato come vuoi tu. Il rasaerba robotico STIGA A AUTONOMO si impegna al massimo per semplificarti la vita sul prato. La lama \u00e8 di tipo orientabile e allo stesso tempo \u00e8 dotata di un sistema di rilevamento morbido degli ostacoli. La lama \u00e8 azionata da un motore brushless silenzioso. Livello di potenza sonora misurato &lt;60 dB (A). Eccellente bilanciamento del peso per ottenere un'inclinazione fino al 45% (24\u00b0). Protezione dall'acqua IPX5. Il coperchio superiore \u00e8 facile da rimuovere senza attrezzi. Vantaggi per l'utente: Eccellente controllo di corridoi e spazi stretti e giardini pi\u00f9 complessi, non lascia segni sul prato, riduce il consumo energetico e l'usura dei componenti. Esperienza utente semplificata. Intuitivo e facile da avviare. Comodo pulsante per la modalit\u00e0 \"toggle\": imposta il taglio a spot dove e quando vuoi, oppure organizza il suo programma di lavoro a tuo piacimento nell'app. Funzionamento silenzioso e rispettoso dei vicini. Ottime prestazioni di taglio anche su terreni collinari o irregolari. Facile pulizia senza attrezzi. Consulenza di esperti e assistenza post-vendita con ricambi e accessori disponibili. Garanzia: fino a 2 anni (termini e condizioni della dichiarazione di garanzia).                   <\/p>\n<p>&nbsp;<\/p>\n<p>Stazione di ricarica automatica: s\u00ec<br \/>\nBatteria: 5 Ah<br \/>\nMotore: brushless<br \/>\nTempo di funzionamento: fino a 150 min<br \/>\nLarghezza di lavoro: 18 cm<br \/>\nAltezza di taglio: da 20 a 60 mm<br \/>\nArea di taglio massima: fino a 2.500 m2<br \/>\nPendenza massima: 45% (24\u00b0)<br \/>\nRicevitore Bluetooth: s\u00ec<br \/>\nPeso: 9 kg<\/p>\n<p><iframe loading=\"lazy\" title=\"Intelligent garden care. Cable-free.\" width=\"500\" height=\"281\" src=\"https:\/\/www.youtube.com\/embed\/GDuwl7KtBNc?feature=oembed\" frameborder=\"0\" allow=\"accelerometer; autoplay; clipboard-write; encrypted-media; gyroscope; picture-in-picture; web-share\" referrerpolicy=\"strict-origin-when-cross-origin\" allowfullscreen><\/iframe><\/p>\n","protected":false},"excerpt":{"rendered":"<p>Stiga A AUTONOMOUS \u00e8 il nuovo rasaerba robotico, il primo rasaerba veramente autonomo, dotato dell'avanzata tecnologia AGS, senza cavo di trattenuta. Una vera autonomia per il tuo prato. E, ovviamente, anche il tuo prato avr\u00e0 un aspetto pi\u00f9 naturale. Progettato per tagliare il tuo prato come vuoi tu. Il rasaerba robotico STIGA A AUTONOMO si [&hellip;]<\/p>\n","protected":false},"featured_media":4427,"comment_status":"open","ping_status":"closed","template":"","meta":{"_acf_changed":false},"pwb-brand":[286],"product_brand":[],"product_cat":[199],"product_tag":[],"class_list":{"0":"post-3884","1":"product","2":"type-product","3":"status-publish","4":"has-post-thumbnail","6":"pwb-brand-stiga-it","7":"product_cat-robot-tagliaerba","8":"pa_nacin-kosnje-pacciamatura","10":"first","11":"instock","12":"shipping-taxable","13":"purchasable","14":"product-type-simple"},"acf":[],"yoast_head":"<!-- This site is optimized with the Yoast SEO plugin v27.3 - https:\/\/yoast.com\/product\/yoast-seo-wordpress\/ -->\n<title>ROBOT MOWER AUTONOMO STIGA A1500 (fino a 2500m2) - Trgovina in servis Antler, Solkan pri Novi Gorici<\/title>\n<meta name=\"robots\" content=\"index, follow, max-snippet:-1, max-image-preview:large, max-video-preview:-1\" \/>\n<link rel=\"canonical\" href=\"https:\/\/antler.si\/it\/prodotto\/robot-mower-autonomo-stiga-a1500-fino-a-2500m2\/\" \/>\n<meta property=\"og:locale\" content=\"it_IT\" \/>\n<meta property=\"og:type\" content=\"article\" \/>\n<meta property=\"og:title\" content=\"ROBOT MOWER AUTONOMO STIGA A1500 (fino a 2500m2) - Trgovina in servis Antler, Solkan pri Novi Gorici\" \/>\n<meta property=\"og:description\" content=\"Stiga A AUTONOMOUS \u00e8 il nuovo rasaerba robotico, il primo rasaerba veramente autonomo, dotato dell&#039;avanzata tecnologia AGS, senza cavo di trattenuta. Una vera autonomia per il tuo prato. E, ovviamente, anche il tuo prato avr\u00e0 un aspetto pi\u00f9 naturale. Progettato per tagliare il tuo prato come vuoi tu. Il rasaerba robotico STIGA A AUTONOMO si [&hellip;]\" \/>\n<meta property=\"og:url\" content=\"https:\/\/antler.si\/it\/prodotto\/robot-mower-autonomo-stiga-a1500-fino-a-2500m2\/\" \/>\n<meta property=\"og:site_name\" content=\"Trgovina in servis Antler, Solkan pri Novi Gorici\" \/>\n<meta property=\"article:publisher\" content=\"https:\/\/www.facebook.com\/profile.php?id=100063136754534\" \/>\n<meta property=\"og:image\" content=\"https:\/\/antler.si\/wp-content\/uploads\/2025\/01\/d1cd2710c34e696afaae26c335a356bfb31a4b90_A300_fullgallery_1_web.webp\" \/>\n\t<meta property=\"og:image:width\" content=\"700\" \/>\n\t<meta property=\"og:image:height\" content=\"700\" \/>\n\t<meta property=\"og:image:type\" content=\"image\/webp\" \/>\n<meta name=\"twitter:card\" content=\"summary_large_image\" \/>\n<meta name=\"twitter:label1\" content=\"Tempo di lettura stimato\" \/>\n\t<meta name=\"twitter:data1\" content=\"1 minuto\" \/>\n<script type=\"application\/ld+json\" class=\"yoast-schema-graph\">{\"@context\":\"https:\\\/\\\/schema.org\",\"@graph\":[{\"@type\":\"WebPage\",\"@id\":\"https:\\\/\\\/antler.si\\\/it\\\/prodotto\\\/robot-mower-autonomo-stiga-a1500-fino-a-2500m2\\\/\",\"url\":\"https:\\\/\\\/antler.si\\\/it\\\/prodotto\\\/robot-mower-autonomo-stiga-a1500-fino-a-2500m2\\\/\",\"name\":\"ROBOT MOWER AUTONOMO STIGA A1500 (fino a 2500m2) - Trgovina in servis Antler, Solkan pri Novi Gorici\",\"isPartOf\":{\"@id\":\"https:\\\/\\\/antler.si\\\/it\\\/#website\"},\"primaryImageOfPage\":{\"@id\":\"https:\\\/\\\/antler.si\\\/it\\\/prodotto\\\/robot-mower-autonomo-stiga-a1500-fino-a-2500m2\\\/#primaryimage\"},\"image\":{\"@id\":\"https:\\\/\\\/antler.si\\\/it\\\/prodotto\\\/robot-mower-autonomo-stiga-a1500-fino-a-2500m2\\\/#primaryimage\"},\"thumbnailUrl\":\"https:\\\/\\\/antler.si\\\/wp-content\\\/uploads\\\/2025\\\/01\\\/20587609-thickbox_default.jpg\",\"datePublished\":\"2025-01-22T15:33:03+00:00\",\"breadcrumb\":{\"@id\":\"https:\\\/\\\/antler.si\\\/it\\\/prodotto\\\/robot-mower-autonomo-stiga-a1500-fino-a-2500m2\\\/#breadcrumb\"},\"inLanguage\":\"it-IT\",\"potentialAction\":[{\"@type\":\"ReadAction\",\"target\":[\"https:\\\/\\\/antler.si\\\/it\\\/prodotto\\\/robot-mower-autonomo-stiga-a1500-fino-a-2500m2\\\/\"]}]},{\"@type\":\"ImageObject\",\"inLanguage\":\"it-IT\",\"@id\":\"https:\\\/\\\/antler.si\\\/it\\\/prodotto\\\/robot-mower-autonomo-stiga-a1500-fino-a-2500m2\\\/#primaryimage\",\"url\":\"https:\\\/\\\/antler.si\\\/wp-content\\\/uploads\\\/2025\\\/01\\\/20587609-thickbox_default.jpg\",\"contentUrl\":\"https:\\\/\\\/antler.si\\\/wp-content\\\/uploads\\\/2025\\\/01\\\/20587609-thickbox_default.jpg\",\"width\":720,\"height\":720},{\"@type\":\"BreadcrumbList\",\"@id\":\"https:\\\/\\\/antler.si\\\/it\\\/prodotto\\\/robot-mower-autonomo-stiga-a1500-fino-a-2500m2\\\/#breadcrumb\",\"itemListElement\":[{\"@type\":\"ListItem\",\"position\":1,\"name\":\"Home\",\"item\":\"https:\\\/\\\/antler.si\\\/it\\\/\"},{\"@type\":\"ListItem\",\"position\":2,\"name\":\"Trgovina\",\"item\":\"https:\\\/\\\/antler.si\\\/?page_id=37\"},{\"@type\":\"ListItem\",\"position\":3,\"name\":\"ROBOT MOWER AUTONOMO STIGA A1500 (fino a 2500m2)\"}]},{\"@type\":\"WebSite\",\"@id\":\"https:\\\/\\\/antler.si\\\/it\\\/#website\",\"url\":\"https:\\\/\\\/antler.si\\\/it\\\/\",\"name\":\"Trgovina in servis Antler, Solkan pri Novi Gorici\",\"description\":\"www.antler.si\",\"publisher\":{\"@id\":\"https:\\\/\\\/antler.si\\\/it\\\/#organization\"},\"potentialAction\":[{\"@type\":\"SearchAction\",\"target\":{\"@type\":\"EntryPoint\",\"urlTemplate\":\"https:\\\/\\\/antler.si\\\/it\\\/?s={search_term_string}\"},\"query-input\":{\"@type\":\"PropertyValueSpecification\",\"valueRequired\":true,\"valueName\":\"search_term_string\"}}],\"inLanguage\":\"it-IT\"},{\"@type\":\"Organization\",\"@id\":\"https:\\\/\\\/antler.si\\\/it\\\/#organization\",\"name\":\"Trgovina in servis Antler, Solkan pri Novi Gorici\",\"url\":\"https:\\\/\\\/antler.si\\\/it\\\/\",\"logo\":{\"@type\":\"ImageObject\",\"inLanguage\":\"it-IT\",\"@id\":\"https:\\\/\\\/antler.si\\\/it\\\/#\\\/schema\\\/logo\\\/image\\\/\",\"url\":\"https:\\\/\\\/antler.si\\\/wp-content\\\/uploads\\\/2022\\\/11\\\/logo.png\",\"contentUrl\":\"https:\\\/\\\/antler.si\\\/wp-content\\\/uploads\\\/2022\\\/11\\\/logo.png\",\"width\":399,\"height\":115,\"caption\":\"Trgovina in servis Antler, Solkan pri Novi Gorici\"},\"image\":{\"@id\":\"https:\\\/\\\/antler.si\\\/it\\\/#\\\/schema\\\/logo\\\/image\\\/\"},\"sameAs\":[\"https:\\\/\\\/www.facebook.com\\\/profile.php?id=100063136754534\",\"https:\\\/\\\/www.instagram.com\\\/antlerservistrgovina\\\/\"]}]}<\/script>\n<!-- \/ Yoast SEO plugin. -->","yoast_head_json":{"title":"ROBOT MOWER AUTONOMO STIGA A1500 (fino a 2500m2) - Trgovina in servis Antler, Solkan pri Novi Gorici","robots":{"index":"index","follow":"follow","max-snippet":"max-snippet:-1","max-image-preview":"max-image-preview:large","max-video-preview":"max-video-preview:-1"},"canonical":"https:\/\/antler.si\/it\/prodotto\/robot-mower-autonomo-stiga-a1500-fino-a-2500m2\/","og_locale":"it_IT","og_type":"article","og_title":"ROBOT MOWER AUTONOMO STIGA A1500 (fino a 2500m2) - Trgovina in servis Antler, Solkan pri Novi Gorici","og_description":"Stiga A AUTONOMOUS \u00e8 il nuovo rasaerba robotico, il primo rasaerba veramente autonomo, dotato dell'avanzata tecnologia AGS, senza cavo di trattenuta. Una vera autonomia per il tuo prato. E, ovviamente, anche il tuo prato avr\u00e0 un aspetto pi\u00f9 naturale. Progettato per tagliare il tuo prato come vuoi tu. Il rasaerba robotico STIGA A AUTONOMO si [&hellip;]","og_url":"https:\/\/antler.si\/it\/prodotto\/robot-mower-autonomo-stiga-a1500-fino-a-2500m2\/","og_site_name":"Trgovina in servis Antler, Solkan pri Novi Gorici","article_publisher":"https:\/\/www.facebook.com\/profile.php?id=100063136754534","og_image":[{"width":700,"height":700,"url":"https:\/\/antler.si\/wp-content\/uploads\/2025\/01\/d1cd2710c34e696afaae26c335a356bfb31a4b90_A300_fullgallery_1_web.webp","type":"image\/webp"}],"twitter_card":"summary_large_image","twitter_misc":{"Tempo di lettura stimato":"1 minuto"},"schema":{"@context":"https:\/\/schema.org","@graph":[{"@type":"WebPage","@id":"https:\/\/antler.si\/it\/prodotto\/robot-mower-autonomo-stiga-a1500-fino-a-2500m2\/","url":"https:\/\/antler.si\/it\/prodotto\/robot-mower-autonomo-stiga-a1500-fino-a-2500m2\/","name":"ROBOT MOWER AUTONOMO STIGA A1500 (fino a 2500m2) - Trgovina in servis Antler, Solkan pri Novi Gorici","isPartOf":{"@id":"https:\/\/antler.si\/it\/#website"},"primaryImageOfPage":{"@id":"https:\/\/antler.si\/it\/prodotto\/robot-mower-autonomo-stiga-a1500-fino-a-2500m2\/#primaryimage"},"image":{"@id":"https:\/\/antler.si\/it\/prodotto\/robot-mower-autonomo-stiga-a1500-fino-a-2500m2\/#primaryimage"},"thumbnailUrl":"https:\/\/antler.si\/wp-content\/uploads\/2025\/01\/20587609-thickbox_default.jpg","datePublished":"2025-01-22T15:33:03+00:00","breadcrumb":{"@id":"https:\/\/antler.si\/it\/prodotto\/robot-mower-autonomo-stiga-a1500-fino-a-2500m2\/#breadcrumb"},"inLanguage":"it-IT","potentialAction":[{"@type":"ReadAction","target":["https:\/\/antler.si\/it\/prodotto\/robot-mower-autonomo-stiga-a1500-fino-a-2500m2\/"]}]},{"@type":"ImageObject","inLanguage":"it-IT","@id":"https:\/\/antler.si\/it\/prodotto\/robot-mower-autonomo-stiga-a1500-fino-a-2500m2\/#primaryimage","url":"https:\/\/antler.si\/wp-content\/uploads\/2025\/01\/20587609-thickbox_default.jpg","contentUrl":"https:\/\/antler.si\/wp-content\/uploads\/2025\/01\/20587609-thickbox_default.jpg","width":720,"height":720},{"@type":"BreadcrumbList","@id":"https:\/\/antler.si\/it\/prodotto\/robot-mower-autonomo-stiga-a1500-fino-a-2500m2\/#breadcrumb","itemListElement":[{"@type":"ListItem","position":1,"name":"Home","item":"https:\/\/antler.si\/it\/"},{"@type":"ListItem","position":2,"name":"Trgovina","item":"https:\/\/antler.si\/?page_id=37"},{"@type":"ListItem","position":3,"name":"ROBOT MOWER AUTONOMO STIGA A1500 (fino a 2500m2)"}]},{"@type":"WebSite","@id":"https:\/\/antler.si\/it\/#website","url":"https:\/\/antler.si\/it\/","name":"Trgovina in servis Antler, Solkan pri Novi Gorici","description":"www.antler.si","publisher":{"@id":"https:\/\/antler.si\/it\/#organization"},"potentialAction":[{"@type":"SearchAction","target":{"@type":"EntryPoint","urlTemplate":"https:\/\/antler.si\/it\/?s={search_term_string}"},"query-input":{"@type":"PropertyValueSpecification","valueRequired":true,"valueName":"search_term_string"}}],"inLanguage":"it-IT"},{"@type":"Organization","@id":"https:\/\/antler.si\/it\/#organization","name":"Trgovina in servis Antler, Solkan pri Novi Gorici","url":"https:\/\/antler.si\/it\/","logo":{"@type":"ImageObject","inLanguage":"it-IT","@id":"https:\/\/antler.si\/it\/#\/schema\/logo\/image\/","url":"https:\/\/antler.si\/wp-content\/uploads\/2022\/11\/logo.png","contentUrl":"https:\/\/antler.si\/wp-content\/uploads\/2022\/11\/logo.png","width":399,"height":115,"caption":"Trgovina in servis Antler, Solkan pri Novi Gorici"},"image":{"@id":"https:\/\/antler.si\/it\/#\/schema\/logo\/image\/"},"sameAs":["https:\/\/www.facebook.com\/profile.php?id=100063136754534","https:\/\/www.instagram.com\/antlerservistrgovina\/"]}]}},"brands":[{"id":286,"name":"Stiga","slug":"stiga-it"}],"_links":{"self":[{"href":"https:\/\/antler.si\/it\/wp-json\/wp\/v2\/product\/3884","targetHints":{"allow":["GET"]}}],"collection":[{"href":"https:\/\/antler.si\/it\/wp-json\/wp\/v2\/product"}],"about":[{"href":"https:\/\/antler.si\/it\/wp-json\/wp\/v2\/types\/product"}],"replies":[{"embeddable":true,"href":"https:\/\/antler.si\/it\/wp-json\/wp\/v2\/comments?post=3884"}],"wp:featuredmedia":[{"embeddable":true,"href":"https:\/\/antler.si\/it\/wp-json\/wp\/v2\/media\/4427"}],"wp:attachment":[{"href":"https:\/\/antler.si\/it\/wp-json\/wp\/v2\/media?parent=3884"}],"wp:term":[{"taxonomy":"pwb-brand","embeddable":true,"href":"https:\/\/antler.si\/it\/wp-json\/wp\/v2\/pwb-brand?post=3884"},{"taxonomy":"product_brand","embeddable":true,"href":"https:\/\/antler.si\/it\/wp-json\/wp\/v2\/product_brand?post=3884"},{"taxonomy":"product_cat","embeddable":true,"href":"https:\/\/antler.si\/it\/wp-json\/wp\/v2\/product_cat?post=3884"},{"taxonomy":"product_tag","embeddable":true,"href":"https:\/\/antler.si\/it\/wp-json\/wp\/v2\/product_tag?post=3884"}],"curies":[{"name":"wp","href":"https:\/\/api.w.org\/{rel}","templated":true}]}}