{"id":3895,"date":"2023-01-27T10:57:04","date_gmt":"2023-01-27T10:57:04","guid":{"rendered":"https:\/\/antler.si\/izdelek\/ceccato-olindo-tritone-big-cingo-caterpillar-2in1\/"},"modified":"2023-01-27T10:57:04","modified_gmt":"2023-01-27T10:57:04","slug":"ceccato-olindo-tritone-big-cingo-caterpillar-2in1","status":"publish","type":"product","link":"https:\/\/antler.si\/it\/prodotto\/ceccato-olindo-tritone-big-cingo-caterpillar-2in1\/","title":{"rendered":"CECCATO OLINDO TRITONE BIG CINGO (CATERPILLAR) 2IN1"},"content":{"rendered":"<p>Il Tritone BIG CINGO di Ceccato Olindo \u00e8 un biotrituratore \/ trituratore di rami \"MADE IN ITALY\" progettato per uso professionale con un motore Honda GX390 incorporato da 11,7 CV. Costruito secondo la logica dei grandi trituratori professionali, raggiunge una velocit\u00e0 di taglio elevata e di qualit\u00e0 anche grazie alle due lame e contro-lame principali e ai 10 coltelli di triturazione. \u00c8 dotato di 2 motori HONDA (GX390 e GP 160) e offre una tramoggia extra-large e un'altezza di espulsione di 1,65 cm. Il trituratore \u00e8 montato su un carro cingolato che si muove in modo completamente indipendente. Il carro \u00e8 dotato di un motore Honda GP160 da 4,8 CV, pu\u00f2 trasportare un peso di 350 kg e ha una pendenza massima del 20%. Ha un cambio a 4 velocit\u00e0, 3 avanti + 1 indietro, e un cambio meccanico con freno integrato. Il Tritone BIG CINGO \u00e8 conforme alla normativa CE sulla sicurezza sul lavoro.      <\/p>\n<p>Aggiornabile a carriola motorizzata. La cippatrice pu\u00f2 essere appoggiata a terra e sollevata da speciali gambe in modo che la carriola possa essere utilizzata come contenitore per la produzione di cippato. <\/p>\n<p><strong>TRITONE BIG CINGO<\/strong><br \/>\nMotore: 2x Honda (GX390 - trituratore, GP160 - motore)<br \/>\nPeso: 380 kg<br \/>\nDiametro massimo di taglio: 80 mm<br \/>\nNumero di lame di triturazione: 2<br \/>\nNumero di controlame: 2<br \/>\nNumero di lame di triturazione: 10<br \/>\nApertura di ingresso: 650mm x 420mm <\/p>\n<p>Una cassa (per la carriola) \u00e8 un'opzione!<\/p>\n<p><iframe loading=\"lazy\" title=\"Tritone BIG CINGO-CECCATO OLINDO\" width=\"500\" height=\"281\" src=\"https:\/\/www.youtube.com\/embed\/1iVCrHapgGs?start=1&feature=oembed\" frameborder=\"0\" allow=\"accelerometer; autoplay; clipboard-write; encrypted-media; gyroscope; picture-in-picture; web-share\" referrerpolicy=\"strict-origin-when-cross-origin\" allowfullscreen><\/iframe><\/p>\n<p>&nbsp;<\/p>\n","protected":false},"excerpt":{"rendered":"<p>Il Tritone BIG CINGO di Ceccato Olindo \u00e8 un biotrituratore \/ trituratore di rami \"MADE IN ITALY\" progettato per uso professionale con un motore Honda GX390 incorporato da 11,7 CV. Costruito secondo la logica dei grandi trituratori professionali, raggiunge una velocit\u00e0 di taglio elevata e di qualit\u00e0 anche grazie alle due lame e contro-lame principali [&hellip;]<\/p>\n","protected":false},"featured_media":1664,"comment_status":"open","ping_status":"closed","template":"","meta":{"_acf_changed":false},"pwb-brand":[290],"product_brand":[],"product_cat":[205],"product_tag":[],"class_list":{"0":"post-3895","1":"product","2":"type-product","3":"status-publish","4":"has-post-thumbnail","6":"pwb-brand-ceccato-olindo-it","7":"product_cat-trituratori-bio","8":"pa_motor-benzina","9":"pa_motor-honda-it","10":"pa_pogon-3-in-avanti-e-1-indietro","11":"pa_premer-reza-80-cm-it","13":"first","14":"instock","15":"shipping-taxable","16":"purchasable","17":"product-type-simple"},"acf":[],"yoast_head":"<!-- This site is optimized with the Yoast SEO plugin v27.3 - https:\/\/yoast.com\/product\/yoast-seo-wordpress\/ -->\n<title>CECCATO OLINDO TRITONE BIG CINGO (CATERPILLAR) 2IN1 - Trgovina in servis Antler, Solkan pri Novi Gorici<\/title>\n<meta name=\"robots\" content=\"index, follow, max-snippet:-1, max-image-preview:large, max-video-preview:-1\" \/>\n<link rel=\"canonical\" href=\"https:\/\/antler.si\/it\/prodotto\/ceccato-olindo-tritone-big-cingo-caterpillar-2in1\/\" \/>\n<meta property=\"og:locale\" content=\"it_IT\" \/>\n<meta property=\"og:type\" content=\"article\" \/>\n<meta property=\"og:title\" content=\"CECCATO OLINDO TRITONE BIG CINGO (CATERPILLAR) 2IN1 - Trgovina in servis Antler, Solkan pri Novi Gorici\" \/>\n<meta property=\"og:description\" content=\"Il Tritone BIG CINGO di Ceccato Olindo \u00e8 un biotrituratore \/ trituratore di rami &quot;MADE IN ITALY&quot; progettato per uso professionale con un motore Honda GX390 incorporato da 11,7 CV. Costruito secondo la logica dei grandi trituratori professionali, raggiunge una velocit\u00e0 di taglio elevata e di qualit\u00e0 anche grazie alle due lame e contro-lame principali [&hellip;]\" \/>\n<meta property=\"og:url\" content=\"https:\/\/antler.si\/it\/prodotto\/ceccato-olindo-tritone-big-cingo-caterpillar-2in1\/\" \/>\n<meta property=\"og:site_name\" content=\"Trgovina in servis Antler, Solkan pri Novi Gorici\" \/>\n<meta property=\"article:publisher\" content=\"https:\/\/www.facebook.com\/profile.php?id=100063136754534\" \/>\n<meta property=\"og:image\" content=\"https:\/\/antler.si\/wp-content\/uploads\/2023\/01\/BIG-CINGOLATO-compress-compress.jpg\" \/>\n\t<meta property=\"og:image:width\" content=\"540\" \/>\n\t<meta property=\"og:image:height\" content=\"720\" \/>\n\t<meta property=\"og:image:type\" content=\"image\/jpeg\" \/>\n<meta name=\"twitter:card\" content=\"summary_large_image\" \/>\n<meta name=\"twitter:label1\" content=\"Tempo di lettura stimato\" \/>\n\t<meta name=\"twitter:data1\" content=\"1 minuto\" \/>\n<script type=\"application\/ld+json\" class=\"yoast-schema-graph\">{\"@context\":\"https:\\\/\\\/schema.org\",\"@graph\":[{\"@type\":\"WebPage\",\"@id\":\"https:\\\/\\\/antler.si\\\/it\\\/prodotto\\\/ceccato-olindo-tritone-big-cingo-caterpillar-2in1\\\/\",\"url\":\"https:\\\/\\\/antler.si\\\/it\\\/prodotto\\\/ceccato-olindo-tritone-big-cingo-caterpillar-2in1\\\/\",\"name\":\"CECCATO OLINDO TRITONE BIG CINGO (CATERPILLAR) 2IN1 - Trgovina in servis Antler, Solkan pri Novi Gorici\",\"isPartOf\":{\"@id\":\"https:\\\/\\\/antler.si\\\/it\\\/#website\"},\"primaryImageOfPage\":{\"@id\":\"https:\\\/\\\/antler.si\\\/it\\\/prodotto\\\/ceccato-olindo-tritone-big-cingo-caterpillar-2in1\\\/#primaryimage\"},\"image\":{\"@id\":\"https:\\\/\\\/antler.si\\\/it\\\/prodotto\\\/ceccato-olindo-tritone-big-cingo-caterpillar-2in1\\\/#primaryimage\"},\"thumbnailUrl\":\"https:\\\/\\\/antler.si\\\/wp-content\\\/uploads\\\/2023\\\/01\\\/BIG-CINGOLATO-compress-compress.jpg\",\"datePublished\":\"2023-01-27T10:57:04+00:00\",\"breadcrumb\":{\"@id\":\"https:\\\/\\\/antler.si\\\/it\\\/prodotto\\\/ceccato-olindo-tritone-big-cingo-caterpillar-2in1\\\/#breadcrumb\"},\"inLanguage\":\"it-IT\",\"potentialAction\":[{\"@type\":\"ReadAction\",\"target\":[\"https:\\\/\\\/antler.si\\\/it\\\/prodotto\\\/ceccato-olindo-tritone-big-cingo-caterpillar-2in1\\\/\"]}]},{\"@type\":\"ImageObject\",\"inLanguage\":\"it-IT\",\"@id\":\"https:\\\/\\\/antler.si\\\/it\\\/prodotto\\\/ceccato-olindo-tritone-big-cingo-caterpillar-2in1\\\/#primaryimage\",\"url\":\"https:\\\/\\\/antler.si\\\/wp-content\\\/uploads\\\/2023\\\/01\\\/BIG-CINGOLATO-compress-compress.jpg\",\"contentUrl\":\"https:\\\/\\\/antler.si\\\/wp-content\\\/uploads\\\/2023\\\/01\\\/BIG-CINGOLATO-compress-compress.jpg\",\"width\":540,\"height\":720},{\"@type\":\"BreadcrumbList\",\"@id\":\"https:\\\/\\\/antler.si\\\/it\\\/prodotto\\\/ceccato-olindo-tritone-big-cingo-caterpillar-2in1\\\/#breadcrumb\",\"itemListElement\":[{\"@type\":\"ListItem\",\"position\":1,\"name\":\"Home\",\"item\":\"https:\\\/\\\/antler.si\\\/it\\\/\"},{\"@type\":\"ListItem\",\"position\":2,\"name\":\"Trgovina\",\"item\":\"https:\\\/\\\/antler.si\\\/?page_id=37\"},{\"@type\":\"ListItem\",\"position\":3,\"name\":\"CECCATO OLINDO TRITONE BIG CINGO (CATERPILLAR) 2IN1\"}]},{\"@type\":\"WebSite\",\"@id\":\"https:\\\/\\\/antler.si\\\/it\\\/#website\",\"url\":\"https:\\\/\\\/antler.si\\\/it\\\/\",\"name\":\"Trgovina in servis Antler, Solkan pri Novi Gorici\",\"description\":\"www.antler.si\",\"publisher\":{\"@id\":\"https:\\\/\\\/antler.si\\\/it\\\/#organization\"},\"potentialAction\":[{\"@type\":\"SearchAction\",\"target\":{\"@type\":\"EntryPoint\",\"urlTemplate\":\"https:\\\/\\\/antler.si\\\/it\\\/?s={search_term_string}\"},\"query-input\":{\"@type\":\"PropertyValueSpecification\",\"valueRequired\":true,\"valueName\":\"search_term_string\"}}],\"inLanguage\":\"it-IT\"},{\"@type\":\"Organization\",\"@id\":\"https:\\\/\\\/antler.si\\\/it\\\/#organization\",\"name\":\"Trgovina in servis Antler, Solkan pri Novi Gorici\",\"url\":\"https:\\\/\\\/antler.si\\\/it\\\/\",\"logo\":{\"@type\":\"ImageObject\",\"inLanguage\":\"it-IT\",\"@id\":\"https:\\\/\\\/antler.si\\\/it\\\/#\\\/schema\\\/logo\\\/image\\\/\",\"url\":\"https:\\\/\\\/antler.si\\\/wp-content\\\/uploads\\\/2022\\\/11\\\/logo.png\",\"contentUrl\":\"https:\\\/\\\/antler.si\\\/wp-content\\\/uploads\\\/2022\\\/11\\\/logo.png\",\"width\":399,\"height\":115,\"caption\":\"Trgovina in servis Antler, Solkan pri Novi Gorici\"},\"image\":{\"@id\":\"https:\\\/\\\/antler.si\\\/it\\\/#\\\/schema\\\/logo\\\/image\\\/\"},\"sameAs\":[\"https:\\\/\\\/www.facebook.com\\\/profile.php?id=100063136754534\",\"https:\\\/\\\/www.instagram.com\\\/antlerservistrgovina\\\/\"]}]}<\/script>\n<!-- \/ Yoast SEO plugin. -->","yoast_head_json":{"title":"CECCATO OLINDO TRITONE BIG CINGO (CATERPILLAR) 2IN1 - Trgovina in servis Antler, Solkan pri Novi Gorici","robots":{"index":"index","follow":"follow","max-snippet":"max-snippet:-1","max-image-preview":"max-image-preview:large","max-video-preview":"max-video-preview:-1"},"canonical":"https:\/\/antler.si\/it\/prodotto\/ceccato-olindo-tritone-big-cingo-caterpillar-2in1\/","og_locale":"it_IT","og_type":"article","og_title":"CECCATO OLINDO TRITONE BIG CINGO (CATERPILLAR) 2IN1 - Trgovina in servis Antler, Solkan pri Novi Gorici","og_description":"Il Tritone BIG CINGO di Ceccato Olindo \u00e8 un biotrituratore \/ trituratore di rami \"MADE IN ITALY\" progettato per uso professionale con un motore Honda GX390 incorporato da 11,7 CV. Costruito secondo la logica dei grandi trituratori professionali, raggiunge una velocit\u00e0 di taglio elevata e di qualit\u00e0 anche grazie alle due lame e contro-lame principali [&hellip;]","og_url":"https:\/\/antler.si\/it\/prodotto\/ceccato-olindo-tritone-big-cingo-caterpillar-2in1\/","og_site_name":"Trgovina in servis Antler, Solkan pri Novi Gorici","article_publisher":"https:\/\/www.facebook.com\/profile.php?id=100063136754534","og_image":[{"width":540,"height":720,"url":"https:\/\/antler.si\/wp-content\/uploads\/2023\/01\/BIG-CINGOLATO-compress-compress.jpg","type":"image\/jpeg"}],"twitter_card":"summary_large_image","twitter_misc":{"Tempo di lettura stimato":"1 minuto"},"schema":{"@context":"https:\/\/schema.org","@graph":[{"@type":"WebPage","@id":"https:\/\/antler.si\/it\/prodotto\/ceccato-olindo-tritone-big-cingo-caterpillar-2in1\/","url":"https:\/\/antler.si\/it\/prodotto\/ceccato-olindo-tritone-big-cingo-caterpillar-2in1\/","name":"CECCATO OLINDO TRITONE BIG CINGO (CATERPILLAR) 2IN1 - Trgovina in servis Antler, Solkan pri Novi Gorici","isPartOf":{"@id":"https:\/\/antler.si\/it\/#website"},"primaryImageOfPage":{"@id":"https:\/\/antler.si\/it\/prodotto\/ceccato-olindo-tritone-big-cingo-caterpillar-2in1\/#primaryimage"},"image":{"@id":"https:\/\/antler.si\/it\/prodotto\/ceccato-olindo-tritone-big-cingo-caterpillar-2in1\/#primaryimage"},"thumbnailUrl":"https:\/\/antler.si\/wp-content\/uploads\/2023\/01\/BIG-CINGOLATO-compress-compress.jpg","datePublished":"2023-01-27T10:57:04+00:00","breadcrumb":{"@id":"https:\/\/antler.si\/it\/prodotto\/ceccato-olindo-tritone-big-cingo-caterpillar-2in1\/#breadcrumb"},"inLanguage":"it-IT","potentialAction":[{"@type":"ReadAction","target":["https:\/\/antler.si\/it\/prodotto\/ceccato-olindo-tritone-big-cingo-caterpillar-2in1\/"]}]},{"@type":"ImageObject","inLanguage":"it-IT","@id":"https:\/\/antler.si\/it\/prodotto\/ceccato-olindo-tritone-big-cingo-caterpillar-2in1\/#primaryimage","url":"https:\/\/antler.si\/wp-content\/uploads\/2023\/01\/BIG-CINGOLATO-compress-compress.jpg","contentUrl":"https:\/\/antler.si\/wp-content\/uploads\/2023\/01\/BIG-CINGOLATO-compress-compress.jpg","width":540,"height":720},{"@type":"BreadcrumbList","@id":"https:\/\/antler.si\/it\/prodotto\/ceccato-olindo-tritone-big-cingo-caterpillar-2in1\/#breadcrumb","itemListElement":[{"@type":"ListItem","position":1,"name":"Home","item":"https:\/\/antler.si\/it\/"},{"@type":"ListItem","position":2,"name":"Trgovina","item":"https:\/\/antler.si\/?page_id=37"},{"@type":"ListItem","position":3,"name":"CECCATO OLINDO TRITONE BIG CINGO (CATERPILLAR) 2IN1"}]},{"@type":"WebSite","@id":"https:\/\/antler.si\/it\/#website","url":"https:\/\/antler.si\/it\/","name":"Trgovina in servis Antler, Solkan pri Novi Gorici","description":"www.antler.si","publisher":{"@id":"https:\/\/antler.si\/it\/#organization"},"potentialAction":[{"@type":"SearchAction","target":{"@type":"EntryPoint","urlTemplate":"https:\/\/antler.si\/it\/?s={search_term_string}"},"query-input":{"@type":"PropertyValueSpecification","valueRequired":true,"valueName":"search_term_string"}}],"inLanguage":"it-IT"},{"@type":"Organization","@id":"https:\/\/antler.si\/it\/#organization","name":"Trgovina in servis Antler, Solkan pri Novi Gorici","url":"https:\/\/antler.si\/it\/","logo":{"@type":"ImageObject","inLanguage":"it-IT","@id":"https:\/\/antler.si\/it\/#\/schema\/logo\/image\/","url":"https:\/\/antler.si\/wp-content\/uploads\/2022\/11\/logo.png","contentUrl":"https:\/\/antler.si\/wp-content\/uploads\/2022\/11\/logo.png","width":399,"height":115,"caption":"Trgovina in servis Antler, Solkan pri Novi Gorici"},"image":{"@id":"https:\/\/antler.si\/it\/#\/schema\/logo\/image\/"},"sameAs":["https:\/\/www.facebook.com\/profile.php?id=100063136754534","https:\/\/www.instagram.com\/antlerservistrgovina\/"]}]}},"brands":[{"id":290,"name":"Ceccato Olindo","slug":"ceccato-olindo-it"}],"_links":{"self":[{"href":"https:\/\/antler.si\/it\/wp-json\/wp\/v2\/product\/3895","targetHints":{"allow":["GET"]}}],"collection":[{"href":"https:\/\/antler.si\/it\/wp-json\/wp\/v2\/product"}],"about":[{"href":"https:\/\/antler.si\/it\/wp-json\/wp\/v2\/types\/product"}],"replies":[{"embeddable":true,"href":"https:\/\/antler.si\/it\/wp-json\/wp\/v2\/comments?post=3895"}],"wp:featuredmedia":[{"embeddable":true,"href":"https:\/\/antler.si\/it\/wp-json\/wp\/v2\/media\/1664"}],"wp:attachment":[{"href":"https:\/\/antler.si\/it\/wp-json\/wp\/v2\/media?parent=3895"}],"wp:term":[{"taxonomy":"pwb-brand","embeddable":true,"href":"https:\/\/antler.si\/it\/wp-json\/wp\/v2\/pwb-brand?post=3895"},{"taxonomy":"product_brand","embeddable":true,"href":"https:\/\/antler.si\/it\/wp-json\/wp\/v2\/product_brand?post=3895"},{"taxonomy":"product_cat","embeddable":true,"href":"https:\/\/antler.si\/it\/wp-json\/wp\/v2\/product_cat?post=3895"},{"taxonomy":"product_tag","embeddable":true,"href":"https:\/\/antler.si\/it\/wp-json\/wp\/v2\/product_tag?post=3895"}],"curies":[{"name":"wp","href":"https:\/\/api.w.org\/{rel}","templated":true}]}}