{"id":3901,"date":"2023-01-31T15:27:37","date_gmt":"2023-01-31T15:27:37","guid":{"rendered":"https:\/\/antler.si\/izdelek\/trattore-da-giardino-cub-cadet-lt2-nr92\/"},"modified":"2023-01-31T15:27:37","modified_gmt":"2023-01-31T15:27:37","slug":"trattore-da-giardino-cub-cadet-lt2-nr92","status":"publish","type":"product","link":"https:\/\/antler.si\/it\/prodotto\/trattore-da-giardino-cub-cadet-lt2-nr92\/","title":{"rendered":"TRATTORE DA GIARDINO CUB CADET LT2 NR92"},"content":{"rendered":"<p>L'eccellente trattore da giardino della serie Force del rinomato marchio americano Cub Cadet vanta un'ampia gamma di caratteristiche che rendono piacevole il taglio del prato. Grazie alla sua unit\u00e0 di taglio larga 92 cm, l'LT2 NR92 \u00e8 adatto per tagliare il prato da uno a due ettari.<br \/>\nIl trattore da giardino Cub Cadet \u00e8 dotato di un generoso cesto di raccolta dell'erba da 240 litri, che ti permette di tagliare di pi\u00f9 in meno tempo senza doverti fermare per svuotare il cesto. Puoi svuotare il cesto di raccolta comodamente seduto al posto di guida, aumentando l'efficienza e riducendo la fatica.<br \/>\nIl trattore da giardino Cub Cadet LT2 NR92 ha il vantaggio di un'ampia gamma di altezze di taglio tra 30 e 95 mm. L'unit\u00e0 di taglio \u00e8 dotata di due lame che, combinate con il sistema Direct Collect di Cub Cadet, assicurano una finitura fine e una raccolta eccellente anche in condizioni di bagnato.<br \/>\nCon il sistema di trazione idrostatica, puoi controllare la velocit\u00e0 con il semplice tocco di un pedale. Questo tipo di controllo ottimizza il lavoro per i periodi pi\u00f9 leggeri e consente un funzionamento fluido. Il trattore da giardino Cub Cadet Serie LT2 ha un telaio in acciaio. Un comodo sedile con schienale alto garantisce il comfort di lavoro e il trattore \u00e8 anche dotato di fari se preferisci falciare di sera. Con gli optional puoi aggiungere al trattore da giardino con cesto la funzione mulching.       <\/p>\n<table style=\"height: 485px; float: left;\" width=\"557\">\n<tbody>\n<tr class=\"odd\">\n<td class=\"title\">MOTORE<\/td>\n<td class=\"value\">CUB CADET OHV<\/td>\n<\/tr>\n<tr class=\"odd\">\n<td class=\"title\">CILINDRATA DEL MOTORE<\/td>\n<td class=\"value\">439 ccm<\/td>\n<\/tr>\n<tr>\n<td class=\"title\">POTENZA NETTA A O\/MIN DETERMINATA (Kw\/mi)<\/td>\n<td class=\"value\">8,1 kW\/ 2700<\/td>\n<\/tr>\n<tr>\n<td class=\"title\">TIPO DI MOTORE<\/td>\n<td class=\"value\">monocilindrico<\/td>\n<\/tr>\n<tr class=\"odd\">\n<td class=\"title\">CAPACIT\u00c0 DEL SERBATOIO DEL CARBURANTE<\/td>\n<td class=\"value\">3,8 L<\/td>\n<\/tr>\n<tr class=\"odd\">\n<td class=\"title\">POGON<\/td>\n<td class=\"value\"> Idrostatico<\/td>\n<\/tr>\n<tr class=\"odd\">\n<td class=\"title\">LARGHEZZA DI LAVORO<\/td>\n<td class=\"value\">92 CM<\/td>\n<\/tr>\n<tr>\n<td class=\"title\">ALTEZZA DEL CESTINO<\/td>\n<td class=\"value\">30-95 MM<\/td>\n<\/tr>\n<tr class=\"odd\">\n<td class=\"title\">POSIZIONI DELL'ALTEZZA DI TAGLIO<\/td>\n<td class=\"value\">5<\/td>\n<\/tr>\n<tr class=\"odd\">\n<td class=\"title\">RACCOLTA NEL CESTINO\/ VOLUME DEL CESTINO<\/td>\n<td class=\"value\"> S\u00cc \/ 240 L<\/td>\n<\/tr>\n<tr class=\"odd\">\n<td class=\"title\">MULCHING<\/td>\n<td class=\"value\">ATTREZZATURA AGGIUNTIVA<\/td>\n<\/tr>\n<tr class=\"odd\">\n<td class=\"title\">ULTIMA USCITA<\/td>\n<td class=\"value\">ATTREZZATURA AGGIUNTIVA<\/td>\n<\/tr>\n<tr class=\"odd\">\n<td class=\"title\">ECCEZIONE LATERALE<\/td>\n<td class=\"value\">NO<\/td>\n<\/tr>\n<tr>\n<td class=\"title\">DIMENSIONI DELLE RUOTE (ANTERIORI\/POSTERIORI)<\/td>\n<td class=\"value\">15\u2033 X 6\u2033 \/ 18\u2033 X 9,5\u2033<\/td>\n<\/tr>\n<tr class=\"odd\">\n<td class=\"title\">MISURE (L\/W\/W)<\/td>\n<td class=\"value\">225 \/ 99 \/ 103 cm<\/td>\n<\/tr>\n<tr>\n<td class=\"title\">PESO (kg)<\/td>\n<td class=\"value\">195 KG<\/td>\n<\/tr>\n<\/tbody>\n<\/table>\n<p>&nbsp;<\/p>\n","protected":false},"excerpt":{"rendered":"<p>L'eccellente trattore da giardino della serie Force del rinomato marchio americano Cub Cadet vanta un'ampia gamma di caratteristiche che rendono piacevole il taglio del prato. Grazie alla sua unit\u00e0 di taglio larga 92 cm, l'LT2 NR92 \u00e8 adatto per tagliare il prato da uno a due ettari. Il trattore da giardino Cub Cadet \u00e8 dotato [&hellip;]<\/p>\n","protected":false},"featured_media":3490,"comment_status":"open","ping_status":"closed","template":"","meta":{"_acf_changed":false},"pwb-brand":[295],"product_brand":[],"product_cat":[215,221],"product_tag":[],"class_list":{"0":"post-3901","1":"product","2":"type-product","3":"status-publish","4":"has-post-thumbnail","6":"pwb-brand-cub-cadet-it","7":"product_cat-trattori-da-giardino","8":"product_cat-trattori-da-giardino-con-cesto-di-raccolta","9":"pa_kos-si","10":"pa_menjalnik-idrostato","11":"pa_nacin-kosnje-raccolta-nel-cestino","12":"pa_visina-kosnje-92-cm-it","14":"first","15":"instock","16":"sale","17":"shipping-taxable","18":"purchasable","19":"product-type-simple"},"acf":[],"yoast_head":"<!-- This site is optimized with the Yoast SEO plugin v27.3 - https:\/\/yoast.com\/product\/yoast-seo-wordpress\/ -->\n<title>TRATTORE DA GIARDINO CUB CADET LT2 NR92 - Trgovina in servis Antler, Solkan pri Novi Gorici<\/title>\n<meta name=\"robots\" content=\"index, follow, max-snippet:-1, max-image-preview:large, max-video-preview:-1\" \/>\n<link rel=\"canonical\" href=\"https:\/\/antler.si\/it\/prodotto\/trattore-da-giardino-cub-cadet-lt2-nr92\/\" \/>\n<meta property=\"og:locale\" content=\"it_IT\" \/>\n<meta property=\"og:type\" content=\"article\" \/>\n<meta property=\"og:title\" content=\"TRATTORE DA GIARDINO CUB CADET LT2 NR92 - Trgovina in servis Antler, Solkan pri Novi Gorici\" \/>\n<meta property=\"og:description\" content=\"L&#039;eccellente trattore da giardino della serie Force del rinomato marchio americano Cub Cadet vanta un&#039;ampia gamma di caratteristiche che rendono piacevole il taglio del prato. Grazie alla sua unit\u00e0 di taglio larga 92 cm, l&#039;LT2 NR92 \u00e8 adatto per tagliare il prato da uno a due ettari. Il trattore da giardino Cub Cadet \u00e8 dotato [&hellip;]\" \/>\n<meta property=\"og:url\" content=\"https:\/\/antler.si\/it\/prodotto\/trattore-da-giardino-cub-cadet-lt2-nr92\/\" \/>\n<meta property=\"og:site_name\" content=\"Trgovina in servis Antler, Solkan pri Novi Gorici\" \/>\n<meta property=\"article:publisher\" content=\"https:\/\/www.facebook.com\/profile.php?id=100063136754534\" \/>\n<meta property=\"og:image\" content=\"https:\/\/antler.si\/wp-content\/uploads\/2023\/01\/cub_cadet_lt3-pr105.jpg\" \/>\n\t<meta property=\"og:image:width\" content=\"550\" \/>\n\t<meta property=\"og:image:height\" content=\"550\" \/>\n\t<meta property=\"og:image:type\" content=\"image\/jpeg\" \/>\n<meta name=\"twitter:card\" content=\"summary_large_image\" \/>\n<meta name=\"twitter:label1\" content=\"Tempo di lettura stimato\" \/>\n\t<meta name=\"twitter:data1\" content=\"2 minuti\" \/>\n<script type=\"application\/ld+json\" class=\"yoast-schema-graph\">{\"@context\":\"https:\\\/\\\/schema.org\",\"@graph\":[{\"@type\":\"WebPage\",\"@id\":\"https:\\\/\\\/antler.si\\\/it\\\/prodotto\\\/trattore-da-giardino-cub-cadet-lt2-nr92\\\/\",\"url\":\"https:\\\/\\\/antler.si\\\/it\\\/prodotto\\\/trattore-da-giardino-cub-cadet-lt2-nr92\\\/\",\"name\":\"TRATTORE DA GIARDINO CUB CADET LT2 NR92 - Trgovina in servis Antler, Solkan pri Novi Gorici\",\"isPartOf\":{\"@id\":\"https:\\\/\\\/antler.si\\\/it\\\/#website\"},\"primaryImageOfPage\":{\"@id\":\"https:\\\/\\\/antler.si\\\/it\\\/prodotto\\\/trattore-da-giardino-cub-cadet-lt2-nr92\\\/#primaryimage\"},\"image\":{\"@id\":\"https:\\\/\\\/antler.si\\\/it\\\/prodotto\\\/trattore-da-giardino-cub-cadet-lt2-nr92\\\/#primaryimage\"},\"thumbnailUrl\":\"https:\\\/\\\/antler.si\\\/wp-content\\\/uploads\\\/2023\\\/01\\\/cub_cadet_lt3-pr105.jpg\",\"datePublished\":\"2023-01-31T15:27:37+00:00\",\"breadcrumb\":{\"@id\":\"https:\\\/\\\/antler.si\\\/it\\\/prodotto\\\/trattore-da-giardino-cub-cadet-lt2-nr92\\\/#breadcrumb\"},\"inLanguage\":\"it-IT\",\"potentialAction\":[{\"@type\":\"ReadAction\",\"target\":[\"https:\\\/\\\/antler.si\\\/it\\\/prodotto\\\/trattore-da-giardino-cub-cadet-lt2-nr92\\\/\"]}]},{\"@type\":\"ImageObject\",\"inLanguage\":\"it-IT\",\"@id\":\"https:\\\/\\\/antler.si\\\/it\\\/prodotto\\\/trattore-da-giardino-cub-cadet-lt2-nr92\\\/#primaryimage\",\"url\":\"https:\\\/\\\/antler.si\\\/wp-content\\\/uploads\\\/2023\\\/01\\\/cub_cadet_lt3-pr105.jpg\",\"contentUrl\":\"https:\\\/\\\/antler.si\\\/wp-content\\\/uploads\\\/2023\\\/01\\\/cub_cadet_lt3-pr105.jpg\",\"width\":550,\"height\":550},{\"@type\":\"BreadcrumbList\",\"@id\":\"https:\\\/\\\/antler.si\\\/it\\\/prodotto\\\/trattore-da-giardino-cub-cadet-lt2-nr92\\\/#breadcrumb\",\"itemListElement\":[{\"@type\":\"ListItem\",\"position\":1,\"name\":\"Home\",\"item\":\"https:\\\/\\\/antler.si\\\/it\\\/\"},{\"@type\":\"ListItem\",\"position\":2,\"name\":\"Trgovina\",\"item\":\"https:\\\/\\\/antler.si\\\/?page_id=37\"},{\"@type\":\"ListItem\",\"position\":3,\"name\":\"TRATTORE DA GIARDINO CUB CADET LT2 NR92\"}]},{\"@type\":\"WebSite\",\"@id\":\"https:\\\/\\\/antler.si\\\/it\\\/#website\",\"url\":\"https:\\\/\\\/antler.si\\\/it\\\/\",\"name\":\"Trgovina in servis Antler, Solkan pri Novi Gorici\",\"description\":\"www.antler.si\",\"publisher\":{\"@id\":\"https:\\\/\\\/antler.si\\\/it\\\/#organization\"},\"potentialAction\":[{\"@type\":\"SearchAction\",\"target\":{\"@type\":\"EntryPoint\",\"urlTemplate\":\"https:\\\/\\\/antler.si\\\/it\\\/?s={search_term_string}\"},\"query-input\":{\"@type\":\"PropertyValueSpecification\",\"valueRequired\":true,\"valueName\":\"search_term_string\"}}],\"inLanguage\":\"it-IT\"},{\"@type\":\"Organization\",\"@id\":\"https:\\\/\\\/antler.si\\\/it\\\/#organization\",\"name\":\"Trgovina in servis Antler, Solkan pri Novi Gorici\",\"url\":\"https:\\\/\\\/antler.si\\\/it\\\/\",\"logo\":{\"@type\":\"ImageObject\",\"inLanguage\":\"it-IT\",\"@id\":\"https:\\\/\\\/antler.si\\\/it\\\/#\\\/schema\\\/logo\\\/image\\\/\",\"url\":\"https:\\\/\\\/antler.si\\\/wp-content\\\/uploads\\\/2022\\\/11\\\/logo.png\",\"contentUrl\":\"https:\\\/\\\/antler.si\\\/wp-content\\\/uploads\\\/2022\\\/11\\\/logo.png\",\"width\":399,\"height\":115,\"caption\":\"Trgovina in servis Antler, Solkan pri Novi Gorici\"},\"image\":{\"@id\":\"https:\\\/\\\/antler.si\\\/it\\\/#\\\/schema\\\/logo\\\/image\\\/\"},\"sameAs\":[\"https:\\\/\\\/www.facebook.com\\\/profile.php?id=100063136754534\",\"https:\\\/\\\/www.instagram.com\\\/antlerservistrgovina\\\/\"]}]}<\/script>\n<!-- \/ Yoast SEO plugin. -->","yoast_head_json":{"title":"TRATTORE DA GIARDINO CUB CADET LT2 NR92 - Trgovina in servis Antler, Solkan pri Novi Gorici","robots":{"index":"index","follow":"follow","max-snippet":"max-snippet:-1","max-image-preview":"max-image-preview:large","max-video-preview":"max-video-preview:-1"},"canonical":"https:\/\/antler.si\/it\/prodotto\/trattore-da-giardino-cub-cadet-lt2-nr92\/","og_locale":"it_IT","og_type":"article","og_title":"TRATTORE DA GIARDINO CUB CADET LT2 NR92 - Trgovina in servis Antler, Solkan pri Novi Gorici","og_description":"L'eccellente trattore da giardino della serie Force del rinomato marchio americano Cub Cadet vanta un'ampia gamma di caratteristiche che rendono piacevole il taglio del prato. Grazie alla sua unit\u00e0 di taglio larga 92 cm, l'LT2 NR92 \u00e8 adatto per tagliare il prato da uno a due ettari. Il trattore da giardino Cub Cadet \u00e8 dotato [&hellip;]","og_url":"https:\/\/antler.si\/it\/prodotto\/trattore-da-giardino-cub-cadet-lt2-nr92\/","og_site_name":"Trgovina in servis Antler, Solkan pri Novi Gorici","article_publisher":"https:\/\/www.facebook.com\/profile.php?id=100063136754534","og_image":[{"width":550,"height":550,"url":"https:\/\/antler.si\/wp-content\/uploads\/2023\/01\/cub_cadet_lt3-pr105.jpg","type":"image\/jpeg"}],"twitter_card":"summary_large_image","twitter_misc":{"Tempo di lettura stimato":"2 minuti"},"schema":{"@context":"https:\/\/schema.org","@graph":[{"@type":"WebPage","@id":"https:\/\/antler.si\/it\/prodotto\/trattore-da-giardino-cub-cadet-lt2-nr92\/","url":"https:\/\/antler.si\/it\/prodotto\/trattore-da-giardino-cub-cadet-lt2-nr92\/","name":"TRATTORE DA GIARDINO CUB CADET LT2 NR92 - Trgovina in servis Antler, Solkan pri Novi Gorici","isPartOf":{"@id":"https:\/\/antler.si\/it\/#website"},"primaryImageOfPage":{"@id":"https:\/\/antler.si\/it\/prodotto\/trattore-da-giardino-cub-cadet-lt2-nr92\/#primaryimage"},"image":{"@id":"https:\/\/antler.si\/it\/prodotto\/trattore-da-giardino-cub-cadet-lt2-nr92\/#primaryimage"},"thumbnailUrl":"https:\/\/antler.si\/wp-content\/uploads\/2023\/01\/cub_cadet_lt3-pr105.jpg","datePublished":"2023-01-31T15:27:37+00:00","breadcrumb":{"@id":"https:\/\/antler.si\/it\/prodotto\/trattore-da-giardino-cub-cadet-lt2-nr92\/#breadcrumb"},"inLanguage":"it-IT","potentialAction":[{"@type":"ReadAction","target":["https:\/\/antler.si\/it\/prodotto\/trattore-da-giardino-cub-cadet-lt2-nr92\/"]}]},{"@type":"ImageObject","inLanguage":"it-IT","@id":"https:\/\/antler.si\/it\/prodotto\/trattore-da-giardino-cub-cadet-lt2-nr92\/#primaryimage","url":"https:\/\/antler.si\/wp-content\/uploads\/2023\/01\/cub_cadet_lt3-pr105.jpg","contentUrl":"https:\/\/antler.si\/wp-content\/uploads\/2023\/01\/cub_cadet_lt3-pr105.jpg","width":550,"height":550},{"@type":"BreadcrumbList","@id":"https:\/\/antler.si\/it\/prodotto\/trattore-da-giardino-cub-cadet-lt2-nr92\/#breadcrumb","itemListElement":[{"@type":"ListItem","position":1,"name":"Home","item":"https:\/\/antler.si\/it\/"},{"@type":"ListItem","position":2,"name":"Trgovina","item":"https:\/\/antler.si\/?page_id=37"},{"@type":"ListItem","position":3,"name":"TRATTORE DA GIARDINO CUB CADET LT2 NR92"}]},{"@type":"WebSite","@id":"https:\/\/antler.si\/it\/#website","url":"https:\/\/antler.si\/it\/","name":"Trgovina in servis Antler, Solkan pri Novi Gorici","description":"www.antler.si","publisher":{"@id":"https:\/\/antler.si\/it\/#organization"},"potentialAction":[{"@type":"SearchAction","target":{"@type":"EntryPoint","urlTemplate":"https:\/\/antler.si\/it\/?s={search_term_string}"},"query-input":{"@type":"PropertyValueSpecification","valueRequired":true,"valueName":"search_term_string"}}],"inLanguage":"it-IT"},{"@type":"Organization","@id":"https:\/\/antler.si\/it\/#organization","name":"Trgovina in servis Antler, Solkan pri Novi Gorici","url":"https:\/\/antler.si\/it\/","logo":{"@type":"ImageObject","inLanguage":"it-IT","@id":"https:\/\/antler.si\/it\/#\/schema\/logo\/image\/","url":"https:\/\/antler.si\/wp-content\/uploads\/2022\/11\/logo.png","contentUrl":"https:\/\/antler.si\/wp-content\/uploads\/2022\/11\/logo.png","width":399,"height":115,"caption":"Trgovina in servis Antler, Solkan pri Novi Gorici"},"image":{"@id":"https:\/\/antler.si\/it\/#\/schema\/logo\/image\/"},"sameAs":["https:\/\/www.facebook.com\/profile.php?id=100063136754534","https:\/\/www.instagram.com\/antlerservistrgovina\/"]}]}},"brands":[{"id":295,"name":"Cub Cadet","slug":"cub-cadet-it"}],"_links":{"self":[{"href":"https:\/\/antler.si\/it\/wp-json\/wp\/v2\/product\/3901","targetHints":{"allow":["GET"]}}],"collection":[{"href":"https:\/\/antler.si\/it\/wp-json\/wp\/v2\/product"}],"about":[{"href":"https:\/\/antler.si\/it\/wp-json\/wp\/v2\/types\/product"}],"replies":[{"embeddable":true,"href":"https:\/\/antler.si\/it\/wp-json\/wp\/v2\/comments?post=3901"}],"wp:featuredmedia":[{"embeddable":true,"href":"https:\/\/antler.si\/it\/wp-json\/wp\/v2\/media\/3490"}],"wp:attachment":[{"href":"https:\/\/antler.si\/it\/wp-json\/wp\/v2\/media?parent=3901"}],"wp:term":[{"taxonomy":"pwb-brand","embeddable":true,"href":"https:\/\/antler.si\/it\/wp-json\/wp\/v2\/pwb-brand?post=3901"},{"taxonomy":"product_brand","embeddable":true,"href":"https:\/\/antler.si\/it\/wp-json\/wp\/v2\/product_brand?post=3901"},{"taxonomy":"product_cat","embeddable":true,"href":"https:\/\/antler.si\/it\/wp-json\/wp\/v2\/product_cat?post=3901"},{"taxonomy":"product_tag","embeddable":true,"href":"https:\/\/antler.si\/it\/wp-json\/wp\/v2\/product_tag?post=3901"}],"curies":[{"name":"wp","href":"https:\/\/api.w.org\/{rel}","templated":true}]}}