{"id":3918,"date":"2023-01-31T15:28:33","date_gmt":"2023-01-31T15:28:33","guid":{"rendered":"https:\/\/antler.si\/izdelek\/motore-tosaerba-garmec-fa610\/"},"modified":"2023-01-31T15:28:33","modified_gmt":"2023-01-31T15:28:33","slug":"motore-tosaerba-garmec-fa610","status":"publish","type":"product","link":"https:\/\/antler.si\/it\/prodotto\/motore-tosaerba-garmec-fa610\/","title":{"rendered":"MOTORE TOSAERBA GARMEC FA610"},"content":{"rendered":"<p>Il FA610 \u00e8 alimentato da un motore Loncin da 196 cc. Larghezza di taglio 61 cm. Il tosaerba \u00e8 adatto per tagliare grandi aree di prato. Il tosaerba \u00e8 dotato di un variatore di velocit\u00e0. Regolazione dell'altezza di taglio 25-75 mm. Espulsione laterale dell'erba. Le tre ruote lo rendono molto maneggevole ed \u00e8 ideale per i frutteti o dove ci sono molti ostacoli. Assistenza e post-vendita garantiti.        <\/p>\n<p>Tosaerba FA 610<br \/>\nMotore: Loncin 4T<br \/>\nCilindrata: 196cc, 6,5 CV<br \/>\nVelocit\u00e0 massima del motore: 3600 rpm (5pc) Capacit\u00e0 del serbatoio del carburante: 1l Espulsione laterale: s\u00ec Altezza di taglio: 25-75mm, 4 posizioni Larghezza di taglio: 61cm Piatto di taglio: metallo. Velocit\u00e0 del motore: 3600 rpm (5pc)<br \/>\nCapacit\u00e0 del serbatoio: 1l<br \/>\nEspulsione laterale: S\u00ec<br \/>\nAltezza di taglio: 25-75mm, 4 posizioni<br \/>\nLarghezza di taglio: 61cm<br \/>\nPiatto di taglio: metallo<br \/>\nTrasmissione: S\u00ec<br \/>\nVelocit\u00e0 di trasmissione: 1,4 - 3,6km\/h (VARIO)<br \/>\nRuota: 300mm<br \/>\nPeso: 60kg <\/p>\n","protected":false},"excerpt":{"rendered":"<p>Il FA610 \u00e8 alimentato da un motore Loncin da 196 cc. Larghezza di taglio 61 cm. Il tosaerba \u00e8 adatto per tagliare grandi aree di prato. Il tosaerba \u00e8 dotato di un variatore di velocit\u00e0. Regolazione dell'altezza di taglio 25-75 mm. Espulsione laterale dell'erba. Le tre ruote lo rendono molto maneggevole ed \u00e8 ideale per [&hellip;]<\/p>\n","protected":false},"featured_media":337,"comment_status":"open","ping_status":"closed","template":"","meta":{"_acf_changed":false},"pwb-brand":[293],"product_brand":[],"product_cat":[194,180,181],"product_tag":[],"class_list":{"0":"post-3918","1":"product","2":"type-product","3":"status-publish","4":"has-post-thumbnail","6":"pwb-brand-garmec-farmer-it","7":"product_cat-tagliaerba-rasaerba-per-erba-alta-falciatutto","8":"product_cat-tagliaerba-rasaerba-tosaerba","9":"product_cat-tagliaerba-a-trazione","10":"pa_elektro-zagon-no","11":"pa_kos-no","12":"pa_motor-benzina","13":"pa_mulcenje-no","14":"pa_pogon-si","15":"pa_visina-kosnje-61-cm-it","17":"first","18":"instock","19":"shipping-taxable","20":"purchasable","21":"product-type-simple"},"acf":[],"yoast_head":"<!-- This site is optimized with the Yoast SEO plugin v27.3 - https:\/\/yoast.com\/product\/yoast-seo-wordpress\/ -->\n<title>MOTORE TOSAERBA GARMEC FA610 - Trgovina in servis Antler, Solkan pri Novi Gorici<\/title>\n<meta name=\"robots\" content=\"index, follow, max-snippet:-1, max-image-preview:large, max-video-preview:-1\" \/>\n<link rel=\"canonical\" href=\"https:\/\/antler.si\/it\/prodotto\/motore-tosaerba-garmec-fa610\/\" \/>\n<meta property=\"og:locale\" content=\"it_IT\" \/>\n<meta property=\"og:type\" content=\"article\" \/>\n<meta property=\"og:title\" content=\"MOTORE TOSAERBA GARMEC FA610 - Trgovina in servis Antler, Solkan pri Novi Gorici\" \/>\n<meta property=\"og:description\" content=\"Il FA610 \u00e8 alimentato da un motore Loncin da 196 cc. Larghezza di taglio 61 cm. Il tosaerba \u00e8 adatto per tagliare grandi aree di prato. Il tosaerba \u00e8 dotato di un variatore di velocit\u00e0. Regolazione dell&#039;altezza di taglio 25-75 mm. Espulsione laterale dell&#039;erba. Le tre ruote lo rendono molto maneggevole ed \u00e8 ideale per [&hellip;]\" \/>\n<meta property=\"og:url\" content=\"https:\/\/antler.si\/it\/prodotto\/motore-tosaerba-garmec-fa610\/\" \/>\n<meta property=\"og:site_name\" content=\"Trgovina in servis Antler, Solkan pri Novi Gorici\" \/>\n<meta property=\"article:publisher\" content=\"https:\/\/www.facebook.com\/profile.php?id=100063136754534\" \/>\n<meta property=\"og:image\" content=\"https:\/\/antler.si\/wp-content\/uploads\/2023\/01\/FA610-M3476000-450x450-1-compress.jpg\" \/>\n\t<meta property=\"og:image:width\" content=\"450\" \/>\n\t<meta property=\"og:image:height\" content=\"450\" \/>\n\t<meta property=\"og:image:type\" content=\"image\/jpeg\" \/>\n<meta name=\"twitter:card\" content=\"summary_large_image\" \/>\n<meta name=\"twitter:label1\" content=\"Tempo di lettura stimato\" \/>\n\t<meta name=\"twitter:data1\" content=\"1 minuto\" \/>\n<script type=\"application\/ld+json\" class=\"yoast-schema-graph\">{\"@context\":\"https:\\\/\\\/schema.org\",\"@graph\":[{\"@type\":\"WebPage\",\"@id\":\"https:\\\/\\\/antler.si\\\/it\\\/prodotto\\\/motore-tosaerba-garmec-fa610\\\/\",\"url\":\"https:\\\/\\\/antler.si\\\/it\\\/prodotto\\\/motore-tosaerba-garmec-fa610\\\/\",\"name\":\"MOTORE TOSAERBA GARMEC FA610 - Trgovina in servis Antler, Solkan pri Novi Gorici\",\"isPartOf\":{\"@id\":\"https:\\\/\\\/antler.si\\\/it\\\/#website\"},\"primaryImageOfPage\":{\"@id\":\"https:\\\/\\\/antler.si\\\/it\\\/prodotto\\\/motore-tosaerba-garmec-fa610\\\/#primaryimage\"},\"image\":{\"@id\":\"https:\\\/\\\/antler.si\\\/it\\\/prodotto\\\/motore-tosaerba-garmec-fa610\\\/#primaryimage\"},\"thumbnailUrl\":\"https:\\\/\\\/antler.si\\\/wp-content\\\/uploads\\\/2023\\\/01\\\/FA610-M3476000-450x450-1-compress.jpg\",\"datePublished\":\"2023-01-31T15:28:33+00:00\",\"breadcrumb\":{\"@id\":\"https:\\\/\\\/antler.si\\\/it\\\/prodotto\\\/motore-tosaerba-garmec-fa610\\\/#breadcrumb\"},\"inLanguage\":\"it-IT\",\"potentialAction\":[{\"@type\":\"ReadAction\",\"target\":[\"https:\\\/\\\/antler.si\\\/it\\\/prodotto\\\/motore-tosaerba-garmec-fa610\\\/\"]}]},{\"@type\":\"ImageObject\",\"inLanguage\":\"it-IT\",\"@id\":\"https:\\\/\\\/antler.si\\\/it\\\/prodotto\\\/motore-tosaerba-garmec-fa610\\\/#primaryimage\",\"url\":\"https:\\\/\\\/antler.si\\\/wp-content\\\/uploads\\\/2023\\\/01\\\/FA610-M3476000-450x450-1-compress.jpg\",\"contentUrl\":\"https:\\\/\\\/antler.si\\\/wp-content\\\/uploads\\\/2023\\\/01\\\/FA610-M3476000-450x450-1-compress.jpg\",\"width\":450,\"height\":450},{\"@type\":\"BreadcrumbList\",\"@id\":\"https:\\\/\\\/antler.si\\\/it\\\/prodotto\\\/motore-tosaerba-garmec-fa610\\\/#breadcrumb\",\"itemListElement\":[{\"@type\":\"ListItem\",\"position\":1,\"name\":\"Home\",\"item\":\"https:\\\/\\\/antler.si\\\/it\\\/\"},{\"@type\":\"ListItem\",\"position\":2,\"name\":\"Trgovina\",\"item\":\"https:\\\/\\\/antler.si\\\/?page_id=37\"},{\"@type\":\"ListItem\",\"position\":3,\"name\":\"MOTORE TOSAERBA GARMEC FA610\"}]},{\"@type\":\"WebSite\",\"@id\":\"https:\\\/\\\/antler.si\\\/it\\\/#website\",\"url\":\"https:\\\/\\\/antler.si\\\/it\\\/\",\"name\":\"Trgovina in servis Antler, Solkan pri Novi Gorici\",\"description\":\"www.antler.si\",\"publisher\":{\"@id\":\"https:\\\/\\\/antler.si\\\/it\\\/#organization\"},\"potentialAction\":[{\"@type\":\"SearchAction\",\"target\":{\"@type\":\"EntryPoint\",\"urlTemplate\":\"https:\\\/\\\/antler.si\\\/it\\\/?s={search_term_string}\"},\"query-input\":{\"@type\":\"PropertyValueSpecification\",\"valueRequired\":true,\"valueName\":\"search_term_string\"}}],\"inLanguage\":\"it-IT\"},{\"@type\":\"Organization\",\"@id\":\"https:\\\/\\\/antler.si\\\/it\\\/#organization\",\"name\":\"Trgovina in servis Antler, Solkan pri Novi Gorici\",\"url\":\"https:\\\/\\\/antler.si\\\/it\\\/\",\"logo\":{\"@type\":\"ImageObject\",\"inLanguage\":\"it-IT\",\"@id\":\"https:\\\/\\\/antler.si\\\/it\\\/#\\\/schema\\\/logo\\\/image\\\/\",\"url\":\"https:\\\/\\\/antler.si\\\/wp-content\\\/uploads\\\/2022\\\/11\\\/logo.png\",\"contentUrl\":\"https:\\\/\\\/antler.si\\\/wp-content\\\/uploads\\\/2022\\\/11\\\/logo.png\",\"width\":399,\"height\":115,\"caption\":\"Trgovina in servis Antler, Solkan pri Novi Gorici\"},\"image\":{\"@id\":\"https:\\\/\\\/antler.si\\\/it\\\/#\\\/schema\\\/logo\\\/image\\\/\"},\"sameAs\":[\"https:\\\/\\\/www.facebook.com\\\/profile.php?id=100063136754534\",\"https:\\\/\\\/www.instagram.com\\\/antlerservistrgovina\\\/\"]}]}<\/script>\n<!-- \/ Yoast SEO plugin. -->","yoast_head_json":{"title":"MOTORE TOSAERBA GARMEC FA610 - Trgovina in servis Antler, Solkan pri Novi Gorici","robots":{"index":"index","follow":"follow","max-snippet":"max-snippet:-1","max-image-preview":"max-image-preview:large","max-video-preview":"max-video-preview:-1"},"canonical":"https:\/\/antler.si\/it\/prodotto\/motore-tosaerba-garmec-fa610\/","og_locale":"it_IT","og_type":"article","og_title":"MOTORE TOSAERBA GARMEC FA610 - Trgovina in servis Antler, Solkan pri Novi Gorici","og_description":"Il FA610 \u00e8 alimentato da un motore Loncin da 196 cc. Larghezza di taglio 61 cm. Il tosaerba \u00e8 adatto per tagliare grandi aree di prato. Il tosaerba \u00e8 dotato di un variatore di velocit\u00e0. Regolazione dell'altezza di taglio 25-75 mm. Espulsione laterale dell'erba. Le tre ruote lo rendono molto maneggevole ed \u00e8 ideale per [&hellip;]","og_url":"https:\/\/antler.si\/it\/prodotto\/motore-tosaerba-garmec-fa610\/","og_site_name":"Trgovina in servis Antler, Solkan pri Novi Gorici","article_publisher":"https:\/\/www.facebook.com\/profile.php?id=100063136754534","og_image":[{"width":450,"height":450,"url":"https:\/\/antler.si\/wp-content\/uploads\/2023\/01\/FA610-M3476000-450x450-1-compress.jpg","type":"image\/jpeg"}],"twitter_card":"summary_large_image","twitter_misc":{"Tempo di lettura stimato":"1 minuto"},"schema":{"@context":"https:\/\/schema.org","@graph":[{"@type":"WebPage","@id":"https:\/\/antler.si\/it\/prodotto\/motore-tosaerba-garmec-fa610\/","url":"https:\/\/antler.si\/it\/prodotto\/motore-tosaerba-garmec-fa610\/","name":"MOTORE TOSAERBA GARMEC FA610 - Trgovina in servis Antler, Solkan pri Novi Gorici","isPartOf":{"@id":"https:\/\/antler.si\/it\/#website"},"primaryImageOfPage":{"@id":"https:\/\/antler.si\/it\/prodotto\/motore-tosaerba-garmec-fa610\/#primaryimage"},"image":{"@id":"https:\/\/antler.si\/it\/prodotto\/motore-tosaerba-garmec-fa610\/#primaryimage"},"thumbnailUrl":"https:\/\/antler.si\/wp-content\/uploads\/2023\/01\/FA610-M3476000-450x450-1-compress.jpg","datePublished":"2023-01-31T15:28:33+00:00","breadcrumb":{"@id":"https:\/\/antler.si\/it\/prodotto\/motore-tosaerba-garmec-fa610\/#breadcrumb"},"inLanguage":"it-IT","potentialAction":[{"@type":"ReadAction","target":["https:\/\/antler.si\/it\/prodotto\/motore-tosaerba-garmec-fa610\/"]}]},{"@type":"ImageObject","inLanguage":"it-IT","@id":"https:\/\/antler.si\/it\/prodotto\/motore-tosaerba-garmec-fa610\/#primaryimage","url":"https:\/\/antler.si\/wp-content\/uploads\/2023\/01\/FA610-M3476000-450x450-1-compress.jpg","contentUrl":"https:\/\/antler.si\/wp-content\/uploads\/2023\/01\/FA610-M3476000-450x450-1-compress.jpg","width":450,"height":450},{"@type":"BreadcrumbList","@id":"https:\/\/antler.si\/it\/prodotto\/motore-tosaerba-garmec-fa610\/#breadcrumb","itemListElement":[{"@type":"ListItem","position":1,"name":"Home","item":"https:\/\/antler.si\/it\/"},{"@type":"ListItem","position":2,"name":"Trgovina","item":"https:\/\/antler.si\/?page_id=37"},{"@type":"ListItem","position":3,"name":"MOTORE TOSAERBA GARMEC FA610"}]},{"@type":"WebSite","@id":"https:\/\/antler.si\/it\/#website","url":"https:\/\/antler.si\/it\/","name":"Trgovina in servis Antler, Solkan pri Novi Gorici","description":"www.antler.si","publisher":{"@id":"https:\/\/antler.si\/it\/#organization"},"potentialAction":[{"@type":"SearchAction","target":{"@type":"EntryPoint","urlTemplate":"https:\/\/antler.si\/it\/?s={search_term_string}"},"query-input":{"@type":"PropertyValueSpecification","valueRequired":true,"valueName":"search_term_string"}}],"inLanguage":"it-IT"},{"@type":"Organization","@id":"https:\/\/antler.si\/it\/#organization","name":"Trgovina in servis Antler, Solkan pri Novi Gorici","url":"https:\/\/antler.si\/it\/","logo":{"@type":"ImageObject","inLanguage":"it-IT","@id":"https:\/\/antler.si\/it\/#\/schema\/logo\/image\/","url":"https:\/\/antler.si\/wp-content\/uploads\/2022\/11\/logo.png","contentUrl":"https:\/\/antler.si\/wp-content\/uploads\/2022\/11\/logo.png","width":399,"height":115,"caption":"Trgovina in servis Antler, Solkan pri Novi Gorici"},"image":{"@id":"https:\/\/antler.si\/it\/#\/schema\/logo\/image\/"},"sameAs":["https:\/\/www.facebook.com\/profile.php?id=100063136754534","https:\/\/www.instagram.com\/antlerservistrgovina\/"]}]}},"brands":[{"id":293,"name":"GARMEC - FARMER","slug":"garmec-farmer-it"}],"_links":{"self":[{"href":"https:\/\/antler.si\/it\/wp-json\/wp\/v2\/product\/3918","targetHints":{"allow":["GET"]}}],"collection":[{"href":"https:\/\/antler.si\/it\/wp-json\/wp\/v2\/product"}],"about":[{"href":"https:\/\/antler.si\/it\/wp-json\/wp\/v2\/types\/product"}],"replies":[{"embeddable":true,"href":"https:\/\/antler.si\/it\/wp-json\/wp\/v2\/comments?post=3918"}],"wp:featuredmedia":[{"embeddable":true,"href":"https:\/\/antler.si\/it\/wp-json\/wp\/v2\/media\/337"}],"wp:attachment":[{"href":"https:\/\/antler.si\/it\/wp-json\/wp\/v2\/media?parent=3918"}],"wp:term":[{"taxonomy":"pwb-brand","embeddable":true,"href":"https:\/\/antler.si\/it\/wp-json\/wp\/v2\/pwb-brand?post=3918"},{"taxonomy":"product_brand","embeddable":true,"href":"https:\/\/antler.si\/it\/wp-json\/wp\/v2\/product_brand?post=3918"},{"taxonomy":"product_cat","embeddable":true,"href":"https:\/\/antler.si\/it\/wp-json\/wp\/v2\/product_cat?post=3918"},{"taxonomy":"product_tag","embeddable":true,"href":"https:\/\/antler.si\/it\/wp-json\/wp\/v2\/product_tag?post=3918"}],"curies":[{"name":"wp","href":"https:\/\/api.w.org\/{rel}","templated":true}]}}