{"id":3921,"date":"2023-01-31T15:29:29","date_gmt":"2023-01-31T15:29:29","guid":{"rendered":"https:\/\/antler.si\/izdelek\/stiga-multiclip-750-s-st170-ohv-autochoke-tosaerba-rotativo-trazione-anteriore\/"},"modified":"2023-01-31T15:29:29","modified_gmt":"2023-01-31T15:29:29","slug":"stiga-multiclip-750-s-st170-ohv-autochoke-tosaerba-rotativo-trazione-anteriore","status":"publish","type":"product","link":"https:\/\/antler.si\/it\/prodotto\/stiga-multiclip-750-s-st170-ohv-autochoke-tosaerba-rotativo-trazione-anteriore\/","title":{"rendered":"STIGA MULTICLIP 750 S ST170 OHV AUTOCHOKE TOSAERBA ROTATIVO, TRAZIONE ANTERIORE."},"content":{"rendered":"<p>Il Multiclip, ridisegnato e rinnovato, \u00e8 un efficiente rasaerba semovente, progettato anche per le aree pi\u00f9 grandi, con una regolazione dell'altezza a leva in cinque fasi. \u00c8 progettato per una pacciamatura efficiente, con uno sviluppo dinamico dell'erba BIO. \u00c8 dotato di un robusto alloggiamento in metallo che consente una larghezza di taglio di 48 cm e di ruote motrici con un diametro di 210 mm. \u00c8 alimentato dal nuovissimo e potente motore Stigin ST170 OHV Autochoke, con il massimo livello di compatibilit\u00e0 ambientale.    Ricambi e assistenza post-vendita garantiti. Garanzia: 2 anni.<\/p>\n<p>Utente: EXPERIENCE = ESPERTO<br \/>\nTipo di motore: ST 170 OHV AUTOCHOKE<br \/>\nCilindrata\/potenza: 166 ccm\/2,60 kW\/2900 RPM.<br \/>\nCapacit\u00e0 serbatoio: 1 L<br \/>\nLarghezza di lavoro: 48 cm<br \/>\nModalit\u00e0 di taglio: mulching<br \/>\nTrasmissione: s\u00ec - anteriore<br \/>\nCarcassa: metallo<br \/>\nRegolazione altezza di taglio: centrale<br \/>\nRuote: 210\/210 mm scanalate<br \/>\nPeso: 34 kg<\/p>\n","protected":false},"excerpt":{"rendered":"<p>Il Multiclip, ridisegnato e rinnovato, \u00e8 un efficiente rasaerba semovente, progettato anche per le aree pi\u00f9 grandi, con una regolazione dell'altezza a leva in cinque fasi. \u00c8 progettato per una pacciamatura efficiente, con uno sviluppo dinamico dell'erba BIO. \u00c8 dotato di un robusto alloggiamento in metallo che consente una larghezza di taglio di 48 cm [&hellip;]<\/p>\n","protected":false},"featured_media":138,"comment_status":"open","ping_status":"closed","template":"","meta":{"_acf_changed":false},"pwb-brand":[286],"product_brand":[],"product_cat":[180,181],"product_tag":[],"class_list":{"0":"post-3921","1":"product","2":"type-product","3":"status-publish","4":"has-post-thumbnail","6":"pwb-brand-stiga-it","7":"product_cat-tagliaerba-rasaerba-tosaerba","8":"product_cat-tagliaerba-a-trazione","9":"pa_elektro-zagon-no","10":"pa_kos-no","11":"pa_motor-benzina","12":"pa_mulcenje-si","13":"pa_pogon-si","14":"pa_visina-kosnje-48-cm-it","16":"first","17":"instock","18":"sale","19":"shipping-taxable","20":"purchasable","21":"product-type-simple"},"acf":[],"yoast_head":"<!-- This site is optimized with the Yoast SEO plugin v27.3 - https:\/\/yoast.com\/product\/yoast-seo-wordpress\/ -->\n<title>STIGA MULTICLIP 750 S ST170 OHV AUTOCHOKE TOSAERBA ROTATIVO, TRAZIONE ANTERIORE. - Trgovina in servis Antler, Solkan pri Novi Gorici<\/title>\n<meta name=\"robots\" content=\"index, follow, max-snippet:-1, max-image-preview:large, max-video-preview:-1\" \/>\n<link rel=\"canonical\" href=\"https:\/\/antler.si\/it\/prodotto\/stiga-multiclip-750-s-st170-ohv-autochoke-tosaerba-rotativo-trazione-anteriore\/\" \/>\n<meta property=\"og:locale\" content=\"it_IT\" \/>\n<meta property=\"og:type\" content=\"article\" \/>\n<meta property=\"og:title\" content=\"STIGA MULTICLIP 750 S ST170 OHV AUTOCHOKE TOSAERBA ROTATIVO, TRAZIONE ANTERIORE. - Trgovina in servis Antler, Solkan pri Novi Gorici\" \/>\n<meta property=\"og:description\" content=\"Il Multiclip, ridisegnato e rinnovato, \u00e8 un efficiente rasaerba semovente, progettato anche per le aree pi\u00f9 grandi, con una regolazione dell&#039;altezza a leva in cinque fasi. \u00c8 progettato per una pacciamatura efficiente, con uno sviluppo dinamico dell&#039;erba BIO. \u00c8 dotato di un robusto alloggiamento in metallo che consente una larghezza di taglio di 48 cm [&hellip;]\" \/>\n<meta property=\"og:url\" content=\"https:\/\/antler.si\/it\/prodotto\/stiga-multiclip-750-s-st170-ohv-autochoke-tosaerba-rotativo-trazione-anteriore\/\" \/>\n<meta property=\"og:site_name\" content=\"Trgovina in servis Antler, Solkan pri Novi Gorici\" \/>\n<meta property=\"article:publisher\" content=\"https:\/\/www.facebook.com\/profile.php?id=100063136754534\" \/>\n<meta property=\"og:image\" content=\"https:\/\/antler.si\/wp-content\/uploads\/2022\/12\/MULTICLIP750S_291502048ST2_full01-scaled-compress.jpg\" \/>\n\t<meta property=\"og:image:width\" content=\"720\" \/>\n\t<meta property=\"og:image:height\" content=\"720\" \/>\n\t<meta property=\"og:image:type\" content=\"image\/jpeg\" \/>\n<meta name=\"twitter:card\" content=\"summary_large_image\" \/>\n<meta name=\"twitter:label1\" content=\"Tempo di lettura stimato\" \/>\n\t<meta name=\"twitter:data1\" content=\"1 minuto\" \/>\n<script type=\"application\/ld+json\" class=\"yoast-schema-graph\">{\"@context\":\"https:\\\/\\\/schema.org\",\"@graph\":[{\"@type\":\"WebPage\",\"@id\":\"https:\\\/\\\/antler.si\\\/it\\\/prodotto\\\/stiga-multiclip-750-s-st170-ohv-autochoke-tosaerba-rotativo-trazione-anteriore\\\/\",\"url\":\"https:\\\/\\\/antler.si\\\/it\\\/prodotto\\\/stiga-multiclip-750-s-st170-ohv-autochoke-tosaerba-rotativo-trazione-anteriore\\\/\",\"name\":\"STIGA MULTICLIP 750 S ST170 OHV AUTOCHOKE TOSAERBA ROTATIVO, TRAZIONE ANTERIORE. - Trgovina in servis Antler, Solkan pri Novi Gorici\",\"isPartOf\":{\"@id\":\"https:\\\/\\\/antler.si\\\/it\\\/#website\"},\"primaryImageOfPage\":{\"@id\":\"https:\\\/\\\/antler.si\\\/it\\\/prodotto\\\/stiga-multiclip-750-s-st170-ohv-autochoke-tosaerba-rotativo-trazione-anteriore\\\/#primaryimage\"},\"image\":{\"@id\":\"https:\\\/\\\/antler.si\\\/it\\\/prodotto\\\/stiga-multiclip-750-s-st170-ohv-autochoke-tosaerba-rotativo-trazione-anteriore\\\/#primaryimage\"},\"thumbnailUrl\":\"https:\\\/\\\/antler.si\\\/wp-content\\\/uploads\\\/2022\\\/12\\\/MULTICLIP750S_291502048ST2_full01-scaled-compress.jpg\",\"datePublished\":\"2023-01-31T15:29:29+00:00\",\"breadcrumb\":{\"@id\":\"https:\\\/\\\/antler.si\\\/it\\\/prodotto\\\/stiga-multiclip-750-s-st170-ohv-autochoke-tosaerba-rotativo-trazione-anteriore\\\/#breadcrumb\"},\"inLanguage\":\"it-IT\",\"potentialAction\":[{\"@type\":\"ReadAction\",\"target\":[\"https:\\\/\\\/antler.si\\\/it\\\/prodotto\\\/stiga-multiclip-750-s-st170-ohv-autochoke-tosaerba-rotativo-trazione-anteriore\\\/\"]}]},{\"@type\":\"ImageObject\",\"inLanguage\":\"it-IT\",\"@id\":\"https:\\\/\\\/antler.si\\\/it\\\/prodotto\\\/stiga-multiclip-750-s-st170-ohv-autochoke-tosaerba-rotativo-trazione-anteriore\\\/#primaryimage\",\"url\":\"https:\\\/\\\/antler.si\\\/wp-content\\\/uploads\\\/2022\\\/12\\\/MULTICLIP750S_291502048ST2_full01-scaled-compress.jpg\",\"contentUrl\":\"https:\\\/\\\/antler.si\\\/wp-content\\\/uploads\\\/2022\\\/12\\\/MULTICLIP750S_291502048ST2_full01-scaled-compress.jpg\",\"width\":720,\"height\":720},{\"@type\":\"BreadcrumbList\",\"@id\":\"https:\\\/\\\/antler.si\\\/it\\\/prodotto\\\/stiga-multiclip-750-s-st170-ohv-autochoke-tosaerba-rotativo-trazione-anteriore\\\/#breadcrumb\",\"itemListElement\":[{\"@type\":\"ListItem\",\"position\":1,\"name\":\"Home\",\"item\":\"https:\\\/\\\/antler.si\\\/it\\\/\"},{\"@type\":\"ListItem\",\"position\":2,\"name\":\"Trgovina\",\"item\":\"https:\\\/\\\/antler.si\\\/?page_id=37\"},{\"@type\":\"ListItem\",\"position\":3,\"name\":\"STIGA MULTICLIP 750 S ST170 OHV AUTOCHOKE TOSAERBA ROTATIVO, TRAZIONE ANTERIORE.\"}]},{\"@type\":\"WebSite\",\"@id\":\"https:\\\/\\\/antler.si\\\/it\\\/#website\",\"url\":\"https:\\\/\\\/antler.si\\\/it\\\/\",\"name\":\"Trgovina in servis Antler, Solkan pri Novi Gorici\",\"description\":\"www.antler.si\",\"publisher\":{\"@id\":\"https:\\\/\\\/antler.si\\\/it\\\/#organization\"},\"potentialAction\":[{\"@type\":\"SearchAction\",\"target\":{\"@type\":\"EntryPoint\",\"urlTemplate\":\"https:\\\/\\\/antler.si\\\/it\\\/?s={search_term_string}\"},\"query-input\":{\"@type\":\"PropertyValueSpecification\",\"valueRequired\":true,\"valueName\":\"search_term_string\"}}],\"inLanguage\":\"it-IT\"},{\"@type\":\"Organization\",\"@id\":\"https:\\\/\\\/antler.si\\\/it\\\/#organization\",\"name\":\"Trgovina in servis Antler, Solkan pri Novi Gorici\",\"url\":\"https:\\\/\\\/antler.si\\\/it\\\/\",\"logo\":{\"@type\":\"ImageObject\",\"inLanguage\":\"it-IT\",\"@id\":\"https:\\\/\\\/antler.si\\\/it\\\/#\\\/schema\\\/logo\\\/image\\\/\",\"url\":\"https:\\\/\\\/antler.si\\\/wp-content\\\/uploads\\\/2022\\\/11\\\/logo.png\",\"contentUrl\":\"https:\\\/\\\/antler.si\\\/wp-content\\\/uploads\\\/2022\\\/11\\\/logo.png\",\"width\":399,\"height\":115,\"caption\":\"Trgovina in servis Antler, Solkan pri Novi Gorici\"},\"image\":{\"@id\":\"https:\\\/\\\/antler.si\\\/it\\\/#\\\/schema\\\/logo\\\/image\\\/\"},\"sameAs\":[\"https:\\\/\\\/www.facebook.com\\\/profile.php?id=100063136754534\",\"https:\\\/\\\/www.instagram.com\\\/antlerservistrgovina\\\/\"]}]}<\/script>\n<!-- \/ Yoast SEO plugin. -->","yoast_head_json":{"title":"STIGA MULTICLIP 750 S ST170 OHV AUTOCHOKE TOSAERBA ROTATIVO, TRAZIONE ANTERIORE. - Trgovina in servis Antler, Solkan pri Novi Gorici","robots":{"index":"index","follow":"follow","max-snippet":"max-snippet:-1","max-image-preview":"max-image-preview:large","max-video-preview":"max-video-preview:-1"},"canonical":"https:\/\/antler.si\/it\/prodotto\/stiga-multiclip-750-s-st170-ohv-autochoke-tosaerba-rotativo-trazione-anteriore\/","og_locale":"it_IT","og_type":"article","og_title":"STIGA MULTICLIP 750 S ST170 OHV AUTOCHOKE TOSAERBA ROTATIVO, TRAZIONE ANTERIORE. - Trgovina in servis Antler, Solkan pri Novi Gorici","og_description":"Il Multiclip, ridisegnato e rinnovato, \u00e8 un efficiente rasaerba semovente, progettato anche per le aree pi\u00f9 grandi, con una regolazione dell'altezza a leva in cinque fasi. \u00c8 progettato per una pacciamatura efficiente, con uno sviluppo dinamico dell'erba BIO. \u00c8 dotato di un robusto alloggiamento in metallo che consente una larghezza di taglio di 48 cm [&hellip;]","og_url":"https:\/\/antler.si\/it\/prodotto\/stiga-multiclip-750-s-st170-ohv-autochoke-tosaerba-rotativo-trazione-anteriore\/","og_site_name":"Trgovina in servis Antler, Solkan pri Novi Gorici","article_publisher":"https:\/\/www.facebook.com\/profile.php?id=100063136754534","og_image":[{"width":720,"height":720,"url":"https:\/\/antler.si\/wp-content\/uploads\/2022\/12\/MULTICLIP750S_291502048ST2_full01-scaled-compress.jpg","type":"image\/jpeg"}],"twitter_card":"summary_large_image","twitter_misc":{"Tempo di lettura stimato":"1 minuto"},"schema":{"@context":"https:\/\/schema.org","@graph":[{"@type":"WebPage","@id":"https:\/\/antler.si\/it\/prodotto\/stiga-multiclip-750-s-st170-ohv-autochoke-tosaerba-rotativo-trazione-anteriore\/","url":"https:\/\/antler.si\/it\/prodotto\/stiga-multiclip-750-s-st170-ohv-autochoke-tosaerba-rotativo-trazione-anteriore\/","name":"STIGA MULTICLIP 750 S ST170 OHV AUTOCHOKE TOSAERBA ROTATIVO, TRAZIONE ANTERIORE. - Trgovina in servis Antler, Solkan pri Novi Gorici","isPartOf":{"@id":"https:\/\/antler.si\/it\/#website"},"primaryImageOfPage":{"@id":"https:\/\/antler.si\/it\/prodotto\/stiga-multiclip-750-s-st170-ohv-autochoke-tosaerba-rotativo-trazione-anteriore\/#primaryimage"},"image":{"@id":"https:\/\/antler.si\/it\/prodotto\/stiga-multiclip-750-s-st170-ohv-autochoke-tosaerba-rotativo-trazione-anteriore\/#primaryimage"},"thumbnailUrl":"https:\/\/antler.si\/wp-content\/uploads\/2022\/12\/MULTICLIP750S_291502048ST2_full01-scaled-compress.jpg","datePublished":"2023-01-31T15:29:29+00:00","breadcrumb":{"@id":"https:\/\/antler.si\/it\/prodotto\/stiga-multiclip-750-s-st170-ohv-autochoke-tosaerba-rotativo-trazione-anteriore\/#breadcrumb"},"inLanguage":"it-IT","potentialAction":[{"@type":"ReadAction","target":["https:\/\/antler.si\/it\/prodotto\/stiga-multiclip-750-s-st170-ohv-autochoke-tosaerba-rotativo-trazione-anteriore\/"]}]},{"@type":"ImageObject","inLanguage":"it-IT","@id":"https:\/\/antler.si\/it\/prodotto\/stiga-multiclip-750-s-st170-ohv-autochoke-tosaerba-rotativo-trazione-anteriore\/#primaryimage","url":"https:\/\/antler.si\/wp-content\/uploads\/2022\/12\/MULTICLIP750S_291502048ST2_full01-scaled-compress.jpg","contentUrl":"https:\/\/antler.si\/wp-content\/uploads\/2022\/12\/MULTICLIP750S_291502048ST2_full01-scaled-compress.jpg","width":720,"height":720},{"@type":"BreadcrumbList","@id":"https:\/\/antler.si\/it\/prodotto\/stiga-multiclip-750-s-st170-ohv-autochoke-tosaerba-rotativo-trazione-anteriore\/#breadcrumb","itemListElement":[{"@type":"ListItem","position":1,"name":"Home","item":"https:\/\/antler.si\/it\/"},{"@type":"ListItem","position":2,"name":"Trgovina","item":"https:\/\/antler.si\/?page_id=37"},{"@type":"ListItem","position":3,"name":"STIGA MULTICLIP 750 S ST170 OHV AUTOCHOKE TOSAERBA ROTATIVO, TRAZIONE ANTERIORE."}]},{"@type":"WebSite","@id":"https:\/\/antler.si\/it\/#website","url":"https:\/\/antler.si\/it\/","name":"Trgovina in servis Antler, Solkan pri Novi Gorici","description":"www.antler.si","publisher":{"@id":"https:\/\/antler.si\/it\/#organization"},"potentialAction":[{"@type":"SearchAction","target":{"@type":"EntryPoint","urlTemplate":"https:\/\/antler.si\/it\/?s={search_term_string}"},"query-input":{"@type":"PropertyValueSpecification","valueRequired":true,"valueName":"search_term_string"}}],"inLanguage":"it-IT"},{"@type":"Organization","@id":"https:\/\/antler.si\/it\/#organization","name":"Trgovina in servis Antler, Solkan pri Novi Gorici","url":"https:\/\/antler.si\/it\/","logo":{"@type":"ImageObject","inLanguage":"it-IT","@id":"https:\/\/antler.si\/it\/#\/schema\/logo\/image\/","url":"https:\/\/antler.si\/wp-content\/uploads\/2022\/11\/logo.png","contentUrl":"https:\/\/antler.si\/wp-content\/uploads\/2022\/11\/logo.png","width":399,"height":115,"caption":"Trgovina in servis Antler, Solkan pri Novi Gorici"},"image":{"@id":"https:\/\/antler.si\/it\/#\/schema\/logo\/image\/"},"sameAs":["https:\/\/www.facebook.com\/profile.php?id=100063136754534","https:\/\/www.instagram.com\/antlerservistrgovina\/"]}]}},"brands":[{"id":286,"name":"Stiga","slug":"stiga-it"}],"_links":{"self":[{"href":"https:\/\/antler.si\/it\/wp-json\/wp\/v2\/product\/3921","targetHints":{"allow":["GET"]}}],"collection":[{"href":"https:\/\/antler.si\/it\/wp-json\/wp\/v2\/product"}],"about":[{"href":"https:\/\/antler.si\/it\/wp-json\/wp\/v2\/types\/product"}],"replies":[{"embeddable":true,"href":"https:\/\/antler.si\/it\/wp-json\/wp\/v2\/comments?post=3921"}],"wp:featuredmedia":[{"embeddable":true,"href":"https:\/\/antler.si\/it\/wp-json\/wp\/v2\/media\/138"}],"wp:attachment":[{"href":"https:\/\/antler.si\/it\/wp-json\/wp\/v2\/media?parent=3921"}],"wp:term":[{"taxonomy":"pwb-brand","embeddable":true,"href":"https:\/\/antler.si\/it\/wp-json\/wp\/v2\/pwb-brand?post=3921"},{"taxonomy":"product_brand","embeddable":true,"href":"https:\/\/antler.si\/it\/wp-json\/wp\/v2\/product_brand?post=3921"},{"taxonomy":"product_cat","embeddable":true,"href":"https:\/\/antler.si\/it\/wp-json\/wp\/v2\/product_cat?post=3921"},{"taxonomy":"product_tag","embeddable":true,"href":"https:\/\/antler.si\/it\/wp-json\/wp\/v2\/product_tag?post=3921"}],"curies":[{"name":"wp","href":"https:\/\/api.w.org\/{rel}","templated":true}]}}