{"id":3952,"date":"2023-02-06T14:23:15","date_gmt":"2023-02-06T14:23:15","guid":{"rendered":"https:\/\/antler.si\/izdelek\/idropulitrice-comet-kl-1600-gold-extra\/"},"modified":"2023-02-06T14:23:15","modified_gmt":"2023-02-06T14:23:15","slug":"idropulitrice-comet-kl-1600-gold-extra","status":"publish","type":"product","link":"https:\/\/antler.si\/it\/prodotto\/idropulitrice-comet-kl-1600-gold-extra\/","title":{"rendered":"IDROPULITRICE COMET KL 1600 GOLD EXTRA"},"content":{"rendered":"<p>Il Comet KL 1600 \u00e8 un'idropulitrice ad acqua fredda. \u00c8 adatta per usi generici come il lavaggio di auto, la pulizia di marciapiedi e altre attivit\u00e0.<br \/>\nLa struttura con alloggiamento verticale \u00e8 stata progettata per contribuire all'ergonomia e alla facilit\u00e0 d'uso della macchina. L'elettropompa Comet con tre pistoni assiali e testa in ottone per KL Gold consente una maggiore durata.  <\/p>\n<p>DOTAZIONE DI BASE: pistola dalla forma ergonomica, prolunga per il tubo di spruzzo, ugello regolabile, ugello rotante (TURBO), spazzola, tazza per il detergente e avvolgitore con tubo ad alta pressione da 8 m.<\/p>\n<div class=\"cols-table-row\">\n<div class=\"cols-table-td cols-table-th\">Portata massima: 480 l\/h<br \/>\nPressione massima: 150 bar (15 MPa)<br \/>\nCorrente monofase: 230 V - 50 Hz<br \/>\nPotenza di avviamento: 2,3 kW<br \/>\nPompa: 2800 giri\/min<br \/>\nDimensioni: 82x31x31 cm<br \/>\nPeso: 13 kg<\/div>\n<\/div>\n<p><iframe loading=\"lazy\" title=\"Comet KL- High Pressure Washers\" width=\"500\" height=\"281\" src=\"https:\/\/www.youtube.com\/embed\/BPYrB7gzBJw?feature=oembed\" frameborder=\"0\" allow=\"accelerometer; autoplay; clipboard-write; encrypted-media; gyroscope; picture-in-picture; web-share\" referrerpolicy=\"strict-origin-when-cross-origin\" allowfullscreen><\/iframe><\/p>\n","protected":false},"excerpt":{"rendered":"<p>Il Comet KL 1600 \u00e8 un'idropulitrice ad acqua fredda. \u00c8 adatta per usi generici come il lavaggio di auto, la pulizia di marciapiedi e altre attivit\u00e0. La struttura con alloggiamento verticale \u00e8 stata progettata per contribuire all'ergonomia e alla facilit\u00e0 d'uso della macchina. L'elettropompa Comet con tre pistoni assiali e testa in ottone per KL [&hellip;]<\/p>\n","protected":false},"featured_media":1840,"comment_status":"open","ping_status":"closed","template":"","meta":{"_acf_changed":false},"pwb-brand":[296],"product_brand":[],"product_cat":[264,263],"product_tag":[],"class_list":{"0":"post-3952","1":"product","2":"type-product","3":"status-publish","4":"has-post-thumbnail","6":"pwb-brand-comet-it","7":"product_cat-acqua-fredda","8":"product_cat-idropulitrici-ad-alta-pressione","10":"first","11":"instock","12":"shipping-taxable","13":"purchasable","14":"product-type-simple"},"acf":[],"yoast_head":"<!-- This site is optimized with the Yoast SEO plugin v27.3 - https:\/\/yoast.com\/product\/yoast-seo-wordpress\/ -->\n<title>IDROPULITRICE COMET KL 1600 GOLD EXTRA - Trgovina in servis Antler, Solkan pri Novi Gorici<\/title>\n<meta name=\"robots\" content=\"index, follow, max-snippet:-1, max-image-preview:large, max-video-preview:-1\" \/>\n<link rel=\"canonical\" href=\"https:\/\/antler.si\/it\/prodotto\/idropulitrice-comet-kl-1600-gold-extra\/\" \/>\n<meta property=\"og:locale\" content=\"it_IT\" \/>\n<meta property=\"og:type\" content=\"article\" \/>\n<meta property=\"og:title\" content=\"IDROPULITRICE COMET KL 1600 GOLD EXTRA - Trgovina in servis Antler, Solkan pri Novi Gorici\" \/>\n<meta property=\"og:description\" content=\"Il Comet KL 1600 \u00e8 un&#039;idropulitrice ad acqua fredda. \u00c8 adatta per usi generici come il lavaggio di auto, la pulizia di marciapiedi e altre attivit\u00e0. La struttura con alloggiamento verticale \u00e8 stata progettata per contribuire all&#039;ergonomia e alla facilit\u00e0 d&#039;uso della macchina. L&#039;elettropompa Comet con tre pistoni assiali e testa in ottone per KL [&hellip;]\" \/>\n<meta property=\"og:url\" content=\"https:\/\/antler.si\/it\/prodotto\/idropulitrice-comet-kl-1600-gold-extra\/\" \/>\n<meta property=\"og:site_name\" content=\"Trgovina in servis Antler, Solkan pri Novi Gorici\" \/>\n<meta property=\"article:publisher\" content=\"https:\/\/www.facebook.com\/profile.php?id=100063136754534\" \/>\n<meta property=\"og:image\" content=\"https:\/\/antler.si\/wp-content\/uploads\/2023\/02\/kl_1600-compress.jpg\" \/>\n\t<meta property=\"og:image:width\" content=\"472\" \/>\n\t<meta property=\"og:image:height\" content=\"430\" \/>\n\t<meta property=\"og:image:type\" content=\"image\/jpeg\" \/>\n<meta name=\"twitter:card\" content=\"summary_large_image\" \/>\n<meta name=\"twitter:label1\" content=\"Tempo di lettura stimato\" \/>\n\t<meta name=\"twitter:data1\" content=\"1 minuto\" \/>\n<script type=\"application\/ld+json\" class=\"yoast-schema-graph\">{\"@context\":\"https:\\\/\\\/schema.org\",\"@graph\":[{\"@type\":\"WebPage\",\"@id\":\"https:\\\/\\\/antler.si\\\/it\\\/prodotto\\\/idropulitrice-comet-kl-1600-gold-extra\\\/\",\"url\":\"https:\\\/\\\/antler.si\\\/it\\\/prodotto\\\/idropulitrice-comet-kl-1600-gold-extra\\\/\",\"name\":\"IDROPULITRICE COMET KL 1600 GOLD EXTRA - Trgovina in servis Antler, Solkan pri Novi Gorici\",\"isPartOf\":{\"@id\":\"https:\\\/\\\/antler.si\\\/it\\\/#website\"},\"primaryImageOfPage\":{\"@id\":\"https:\\\/\\\/antler.si\\\/it\\\/prodotto\\\/idropulitrice-comet-kl-1600-gold-extra\\\/#primaryimage\"},\"image\":{\"@id\":\"https:\\\/\\\/antler.si\\\/it\\\/prodotto\\\/idropulitrice-comet-kl-1600-gold-extra\\\/#primaryimage\"},\"thumbnailUrl\":\"https:\\\/\\\/antler.si\\\/wp-content\\\/uploads\\\/2023\\\/02\\\/kl_1600-compress.jpg\",\"datePublished\":\"2023-02-06T14:23:15+00:00\",\"breadcrumb\":{\"@id\":\"https:\\\/\\\/antler.si\\\/it\\\/prodotto\\\/idropulitrice-comet-kl-1600-gold-extra\\\/#breadcrumb\"},\"inLanguage\":\"it-IT\",\"potentialAction\":[{\"@type\":\"ReadAction\",\"target\":[\"https:\\\/\\\/antler.si\\\/it\\\/prodotto\\\/idropulitrice-comet-kl-1600-gold-extra\\\/\"]}]},{\"@type\":\"ImageObject\",\"inLanguage\":\"it-IT\",\"@id\":\"https:\\\/\\\/antler.si\\\/it\\\/prodotto\\\/idropulitrice-comet-kl-1600-gold-extra\\\/#primaryimage\",\"url\":\"https:\\\/\\\/antler.si\\\/wp-content\\\/uploads\\\/2023\\\/02\\\/kl_1600-compress.jpg\",\"contentUrl\":\"https:\\\/\\\/antler.si\\\/wp-content\\\/uploads\\\/2023\\\/02\\\/kl_1600-compress.jpg\",\"width\":472,\"height\":430},{\"@type\":\"BreadcrumbList\",\"@id\":\"https:\\\/\\\/antler.si\\\/it\\\/prodotto\\\/idropulitrice-comet-kl-1600-gold-extra\\\/#breadcrumb\",\"itemListElement\":[{\"@type\":\"ListItem\",\"position\":1,\"name\":\"Home\",\"item\":\"https:\\\/\\\/antler.si\\\/it\\\/\"},{\"@type\":\"ListItem\",\"position\":2,\"name\":\"Trgovina\",\"item\":\"https:\\\/\\\/antler.si\\\/?page_id=37\"},{\"@type\":\"ListItem\",\"position\":3,\"name\":\"IDROPULITRICE COMET KL 1600 GOLD EXTRA\"}]},{\"@type\":\"WebSite\",\"@id\":\"https:\\\/\\\/antler.si\\\/it\\\/#website\",\"url\":\"https:\\\/\\\/antler.si\\\/it\\\/\",\"name\":\"Trgovina in servis Antler, Solkan pri Novi Gorici\",\"description\":\"www.antler.si\",\"publisher\":{\"@id\":\"https:\\\/\\\/antler.si\\\/it\\\/#organization\"},\"potentialAction\":[{\"@type\":\"SearchAction\",\"target\":{\"@type\":\"EntryPoint\",\"urlTemplate\":\"https:\\\/\\\/antler.si\\\/it\\\/?s={search_term_string}\"},\"query-input\":{\"@type\":\"PropertyValueSpecification\",\"valueRequired\":true,\"valueName\":\"search_term_string\"}}],\"inLanguage\":\"it-IT\"},{\"@type\":\"Organization\",\"@id\":\"https:\\\/\\\/antler.si\\\/it\\\/#organization\",\"name\":\"Trgovina in servis Antler, Solkan pri Novi Gorici\",\"url\":\"https:\\\/\\\/antler.si\\\/it\\\/\",\"logo\":{\"@type\":\"ImageObject\",\"inLanguage\":\"it-IT\",\"@id\":\"https:\\\/\\\/antler.si\\\/it\\\/#\\\/schema\\\/logo\\\/image\\\/\",\"url\":\"https:\\\/\\\/antler.si\\\/wp-content\\\/uploads\\\/2022\\\/11\\\/logo.png\",\"contentUrl\":\"https:\\\/\\\/antler.si\\\/wp-content\\\/uploads\\\/2022\\\/11\\\/logo.png\",\"width\":399,\"height\":115,\"caption\":\"Trgovina in servis Antler, Solkan pri Novi Gorici\"},\"image\":{\"@id\":\"https:\\\/\\\/antler.si\\\/it\\\/#\\\/schema\\\/logo\\\/image\\\/\"},\"sameAs\":[\"https:\\\/\\\/www.facebook.com\\\/profile.php?id=100063136754534\",\"https:\\\/\\\/www.instagram.com\\\/antlerservistrgovina\\\/\"]}]}<\/script>\n<!-- \/ Yoast SEO plugin. -->","yoast_head_json":{"title":"IDROPULITRICE COMET KL 1600 GOLD EXTRA - Trgovina in servis Antler, Solkan pri Novi Gorici","robots":{"index":"index","follow":"follow","max-snippet":"max-snippet:-1","max-image-preview":"max-image-preview:large","max-video-preview":"max-video-preview:-1"},"canonical":"https:\/\/antler.si\/it\/prodotto\/idropulitrice-comet-kl-1600-gold-extra\/","og_locale":"it_IT","og_type":"article","og_title":"IDROPULITRICE COMET KL 1600 GOLD EXTRA - Trgovina in servis Antler, Solkan pri Novi Gorici","og_description":"Il Comet KL 1600 \u00e8 un'idropulitrice ad acqua fredda. \u00c8 adatta per usi generici come il lavaggio di auto, la pulizia di marciapiedi e altre attivit\u00e0. La struttura con alloggiamento verticale \u00e8 stata progettata per contribuire all'ergonomia e alla facilit\u00e0 d'uso della macchina. L'elettropompa Comet con tre pistoni assiali e testa in ottone per KL [&hellip;]","og_url":"https:\/\/antler.si\/it\/prodotto\/idropulitrice-comet-kl-1600-gold-extra\/","og_site_name":"Trgovina in servis Antler, Solkan pri Novi Gorici","article_publisher":"https:\/\/www.facebook.com\/profile.php?id=100063136754534","og_image":[{"width":472,"height":430,"url":"https:\/\/antler.si\/wp-content\/uploads\/2023\/02\/kl_1600-compress.jpg","type":"image\/jpeg"}],"twitter_card":"summary_large_image","twitter_misc":{"Tempo di lettura stimato":"1 minuto"},"schema":{"@context":"https:\/\/schema.org","@graph":[{"@type":"WebPage","@id":"https:\/\/antler.si\/it\/prodotto\/idropulitrice-comet-kl-1600-gold-extra\/","url":"https:\/\/antler.si\/it\/prodotto\/idropulitrice-comet-kl-1600-gold-extra\/","name":"IDROPULITRICE COMET KL 1600 GOLD EXTRA - Trgovina in servis Antler, Solkan pri Novi Gorici","isPartOf":{"@id":"https:\/\/antler.si\/it\/#website"},"primaryImageOfPage":{"@id":"https:\/\/antler.si\/it\/prodotto\/idropulitrice-comet-kl-1600-gold-extra\/#primaryimage"},"image":{"@id":"https:\/\/antler.si\/it\/prodotto\/idropulitrice-comet-kl-1600-gold-extra\/#primaryimage"},"thumbnailUrl":"https:\/\/antler.si\/wp-content\/uploads\/2023\/02\/kl_1600-compress.jpg","datePublished":"2023-02-06T14:23:15+00:00","breadcrumb":{"@id":"https:\/\/antler.si\/it\/prodotto\/idropulitrice-comet-kl-1600-gold-extra\/#breadcrumb"},"inLanguage":"it-IT","potentialAction":[{"@type":"ReadAction","target":["https:\/\/antler.si\/it\/prodotto\/idropulitrice-comet-kl-1600-gold-extra\/"]}]},{"@type":"ImageObject","inLanguage":"it-IT","@id":"https:\/\/antler.si\/it\/prodotto\/idropulitrice-comet-kl-1600-gold-extra\/#primaryimage","url":"https:\/\/antler.si\/wp-content\/uploads\/2023\/02\/kl_1600-compress.jpg","contentUrl":"https:\/\/antler.si\/wp-content\/uploads\/2023\/02\/kl_1600-compress.jpg","width":472,"height":430},{"@type":"BreadcrumbList","@id":"https:\/\/antler.si\/it\/prodotto\/idropulitrice-comet-kl-1600-gold-extra\/#breadcrumb","itemListElement":[{"@type":"ListItem","position":1,"name":"Home","item":"https:\/\/antler.si\/it\/"},{"@type":"ListItem","position":2,"name":"Trgovina","item":"https:\/\/antler.si\/?page_id=37"},{"@type":"ListItem","position":3,"name":"IDROPULITRICE COMET KL 1600 GOLD EXTRA"}]},{"@type":"WebSite","@id":"https:\/\/antler.si\/it\/#website","url":"https:\/\/antler.si\/it\/","name":"Trgovina in servis Antler, Solkan pri Novi Gorici","description":"www.antler.si","publisher":{"@id":"https:\/\/antler.si\/it\/#organization"},"potentialAction":[{"@type":"SearchAction","target":{"@type":"EntryPoint","urlTemplate":"https:\/\/antler.si\/it\/?s={search_term_string}"},"query-input":{"@type":"PropertyValueSpecification","valueRequired":true,"valueName":"search_term_string"}}],"inLanguage":"it-IT"},{"@type":"Organization","@id":"https:\/\/antler.si\/it\/#organization","name":"Trgovina in servis Antler, Solkan pri Novi Gorici","url":"https:\/\/antler.si\/it\/","logo":{"@type":"ImageObject","inLanguage":"it-IT","@id":"https:\/\/antler.si\/it\/#\/schema\/logo\/image\/","url":"https:\/\/antler.si\/wp-content\/uploads\/2022\/11\/logo.png","contentUrl":"https:\/\/antler.si\/wp-content\/uploads\/2022\/11\/logo.png","width":399,"height":115,"caption":"Trgovina in servis Antler, Solkan pri Novi Gorici"},"image":{"@id":"https:\/\/antler.si\/it\/#\/schema\/logo\/image\/"},"sameAs":["https:\/\/www.facebook.com\/profile.php?id=100063136754534","https:\/\/www.instagram.com\/antlerservistrgovina\/"]}]}},"brands":[{"id":296,"name":"Comet","slug":"comet-it"}],"_links":{"self":[{"href":"https:\/\/antler.si\/it\/wp-json\/wp\/v2\/product\/3952","targetHints":{"allow":["GET"]}}],"collection":[{"href":"https:\/\/antler.si\/it\/wp-json\/wp\/v2\/product"}],"about":[{"href":"https:\/\/antler.si\/it\/wp-json\/wp\/v2\/types\/product"}],"replies":[{"embeddable":true,"href":"https:\/\/antler.si\/it\/wp-json\/wp\/v2\/comments?post=3952"}],"wp:featuredmedia":[{"embeddable":true,"href":"https:\/\/antler.si\/it\/wp-json\/wp\/v2\/media\/1840"}],"wp:attachment":[{"href":"https:\/\/antler.si\/it\/wp-json\/wp\/v2\/media?parent=3952"}],"wp:term":[{"taxonomy":"pwb-brand","embeddable":true,"href":"https:\/\/antler.si\/it\/wp-json\/wp\/v2\/pwb-brand?post=3952"},{"taxonomy":"product_brand","embeddable":true,"href":"https:\/\/antler.si\/it\/wp-json\/wp\/v2\/product_brand?post=3952"},{"taxonomy":"product_cat","embeddable":true,"href":"https:\/\/antler.si\/it\/wp-json\/wp\/v2\/product_cat?post=3952"},{"taxonomy":"product_tag","embeddable":true,"href":"https:\/\/antler.si\/it\/wp-json\/wp\/v2\/product_tag?post=3952"}],"curies":[{"name":"wp","href":"https:\/\/api.w.org\/{rel}","templated":true}]}}