{"id":3955,"date":"2023-02-14T21:09:56","date_gmt":"2023-02-14T21:09:56","guid":{"rendered":"https:\/\/antler.si\/izdelek\/comet-scout-150-idropulitrice-ad-altissima-pressione\/"},"modified":"2023-02-14T21:09:56","modified_gmt":"2023-02-14T21:09:56","slug":"comet-scout-150-idropulitrice-ad-altissima-pressione","status":"publish","type":"product","link":"https:\/\/antler.si\/it\/prodotto\/comet-scout-150-idropulitrice-ad-altissima-pressione\/","title":{"rendered":"COMET SCOUT 150 IDROPULITRICE AD ALTISSIMA PRESSIONE"},"content":{"rendered":"<p>L'idropulitrice ad acqua calda Comet SCOUT 150 EXTRA \u00e8 versatile. L'idropulitrice \u00e8 molto efficace per rimuovere le macchie pi\u00f9 ostinate come olio e grasso. Le caratteristiche principali sono il motore e la pompa (compresa la pompa dell'olio) in metallo (senza parti in plastica), il dispositivo EASY-START e TotalStop, l'avvio ritardato del bruciatore, la protezione amperometrica del motore e la regolazione della temperatura tramite termostato.  <\/p>\n<p>Portata massima: 540 l\/h<br \/>\nPressione massima: 150 bar (15 MPa)<br \/>\nPressione di esercizio: 130 bar (15 MPa)<br \/>\nCorrente monofase: 230 V - 50 Hz<br \/>\nPotenza di avviamento: 2,7 kW<br \/>\nPompa: 2800 giri\/minuto-testa in ottone-pistoni in acciaio<br \/>\nTemperatura massima dell'acqua in uscita: 90\u00b0C<br \/>\nDimensioni: 89x50x82 cm<br \/>\nPeso: 85 kg<\/p>\n<p><iframe loading=\"lazy\" title=\"Comet SCOUT Series - High Pressure Washers\" width=\"500\" height=\"281\" src=\"https:\/\/www.youtube.com\/embed\/xUt1n25IS1U?feature=oembed\" frameborder=\"0\" allow=\"accelerometer; autoplay; clipboard-write; encrypted-media; gyroscope; picture-in-picture; web-share\" referrerpolicy=\"strict-origin-when-cross-origin\" allowfullscreen><\/iframe><\/p>\n","protected":false},"excerpt":{"rendered":"<p>L'idropulitrice ad acqua calda Comet SCOUT 150 EXTRA \u00e8 versatile. L'idropulitrice \u00e8 molto efficace per rimuovere le macchie pi\u00f9 ostinate come olio e grasso. Le caratteristiche principali sono il motore e la pompa (compresa la pompa dell'olio) in metallo (senza parti in plastica), il dispositivo EASY-START e TotalStop, l'avvio ritardato del bruciatore, la protezione amperometrica [&hellip;]<\/p>\n","protected":false},"featured_media":4215,"comment_status":"open","ping_status":"closed","template":"","meta":{"_acf_changed":false},"pwb-brand":[296],"product_brand":[],"product_cat":[267,263],"product_tag":[],"class_list":{"0":"post-3955","1":"product","2":"type-product","3":"status-publish","4":"has-post-thumbnail","6":"pwb-brand-comet-it","7":"product_cat-acqua-calda","8":"product_cat-idropulitrici-ad-alta-pressione","9":"pa_glava-crpalke-ottone","11":"first","12":"instock","13":"sale","14":"shipping-taxable","15":"purchasable","16":"product-type-simple"},"acf":[],"yoast_head":"<!-- This site is optimized with the Yoast SEO plugin v27.3 - https:\/\/yoast.com\/product\/yoast-seo-wordpress\/ -->\n<title>COMET SCOUT 150 IDROPULITRICE AD ALTISSIMA PRESSIONE - Trgovina in servis Antler, Solkan pri Novi Gorici<\/title>\n<meta name=\"robots\" content=\"index, follow, max-snippet:-1, max-image-preview:large, max-video-preview:-1\" \/>\n<link rel=\"canonical\" href=\"https:\/\/antler.si\/it\/prodotto\/comet-scout-150-idropulitrice-ad-altissima-pressione\/\" \/>\n<meta property=\"og:locale\" content=\"it_IT\" \/>\n<meta property=\"og:type\" content=\"article\" \/>\n<meta property=\"og:title\" content=\"COMET SCOUT 150 IDROPULITRICE AD ALTISSIMA PRESSIONE - Trgovina in servis Antler, Solkan pri Novi Gorici\" \/>\n<meta property=\"og:description\" content=\"L&#039;idropulitrice ad acqua calda Comet SCOUT 150 EXTRA \u00e8 versatile. L&#039;idropulitrice \u00e8 molto efficace per rimuovere le macchie pi\u00f9 ostinate come olio e grasso. Le caratteristiche principali sono il motore e la pompa (compresa la pompa dell&#039;olio) in metallo (senza parti in plastica), il dispositivo EASY-START e TotalStop, l&#039;avvio ritardato del bruciatore, la protezione amperometrica [&hellip;]\" \/>\n<meta property=\"og:url\" content=\"https:\/\/antler.si\/it\/prodotto\/comet-scout-150-idropulitrice-ad-altissima-pressione\/\" \/>\n<meta property=\"og:site_name\" content=\"Trgovina in servis Antler, Solkan pri Novi Gorici\" \/>\n<meta property=\"article:publisher\" content=\"https:\/\/www.facebook.com\/profile.php?id=100063136754534\" \/>\n<meta property=\"og:image\" content=\"https:\/\/antler.si\/wp-content\/uploads\/2023\/02\/scout-compress.jpg\" \/>\n\t<meta property=\"og:image:width\" content=\"712\" \/>\n\t<meta property=\"og:image:height\" content=\"720\" \/>\n\t<meta property=\"og:image:type\" content=\"image\/jpeg\" \/>\n<meta name=\"twitter:card\" content=\"summary_large_image\" \/>\n<meta name=\"twitter:label1\" content=\"Tempo di lettura stimato\" \/>\n\t<meta name=\"twitter:data1\" content=\"1 minuto\" \/>\n<script type=\"application\/ld+json\" class=\"yoast-schema-graph\">{\"@context\":\"https:\\\/\\\/schema.org\",\"@graph\":[{\"@type\":\"WebPage\",\"@id\":\"https:\\\/\\\/antler.si\\\/it\\\/prodotto\\\/comet-scout-150-idropulitrice-ad-altissima-pressione\\\/\",\"url\":\"https:\\\/\\\/antler.si\\\/it\\\/prodotto\\\/comet-scout-150-idropulitrice-ad-altissima-pressione\\\/\",\"name\":\"COMET SCOUT 150 IDROPULITRICE AD ALTISSIMA PRESSIONE - Trgovina in servis Antler, Solkan pri Novi Gorici\",\"isPartOf\":{\"@id\":\"https:\\\/\\\/antler.si\\\/it\\\/#website\"},\"primaryImageOfPage\":{\"@id\":\"https:\\\/\\\/antler.si\\\/it\\\/prodotto\\\/comet-scout-150-idropulitrice-ad-altissima-pressione\\\/#primaryimage\"},\"image\":{\"@id\":\"https:\\\/\\\/antler.si\\\/it\\\/prodotto\\\/comet-scout-150-idropulitrice-ad-altissima-pressione\\\/#primaryimage\"},\"thumbnailUrl\":\"https:\\\/\\\/antler.si\\\/wp-content\\\/uploads\\\/2023\\\/02\\\/idropulitrice-ad-acqua-calda-scout-evo-160-classic.jpg\",\"datePublished\":\"2023-02-14T21:09:56+00:00\",\"breadcrumb\":{\"@id\":\"https:\\\/\\\/antler.si\\\/it\\\/prodotto\\\/comet-scout-150-idropulitrice-ad-altissima-pressione\\\/#breadcrumb\"},\"inLanguage\":\"it-IT\",\"potentialAction\":[{\"@type\":\"ReadAction\",\"target\":[\"https:\\\/\\\/antler.si\\\/it\\\/prodotto\\\/comet-scout-150-idropulitrice-ad-altissima-pressione\\\/\"]}]},{\"@type\":\"ImageObject\",\"inLanguage\":\"it-IT\",\"@id\":\"https:\\\/\\\/antler.si\\\/it\\\/prodotto\\\/comet-scout-150-idropulitrice-ad-altissima-pressione\\\/#primaryimage\",\"url\":\"https:\\\/\\\/antler.si\\\/wp-content\\\/uploads\\\/2023\\\/02\\\/idropulitrice-ad-acqua-calda-scout-evo-160-classic.jpg\",\"contentUrl\":\"https:\\\/\\\/antler.si\\\/wp-content\\\/uploads\\\/2023\\\/02\\\/idropulitrice-ad-acqua-calda-scout-evo-160-classic.jpg\",\"width\":960,\"height\":720},{\"@type\":\"BreadcrumbList\",\"@id\":\"https:\\\/\\\/antler.si\\\/it\\\/prodotto\\\/comet-scout-150-idropulitrice-ad-altissima-pressione\\\/#breadcrumb\",\"itemListElement\":[{\"@type\":\"ListItem\",\"position\":1,\"name\":\"Home\",\"item\":\"https:\\\/\\\/antler.si\\\/it\\\/\"},{\"@type\":\"ListItem\",\"position\":2,\"name\":\"Trgovina\",\"item\":\"https:\\\/\\\/antler.si\\\/?page_id=37\"},{\"@type\":\"ListItem\",\"position\":3,\"name\":\"COMET SCOUT 150 IDROPULITRICE AD ALTISSIMA PRESSIONE\"}]},{\"@type\":\"WebSite\",\"@id\":\"https:\\\/\\\/antler.si\\\/it\\\/#website\",\"url\":\"https:\\\/\\\/antler.si\\\/it\\\/\",\"name\":\"Trgovina in servis Antler, Solkan pri Novi Gorici\",\"description\":\"www.antler.si\",\"publisher\":{\"@id\":\"https:\\\/\\\/antler.si\\\/it\\\/#organization\"},\"potentialAction\":[{\"@type\":\"SearchAction\",\"target\":{\"@type\":\"EntryPoint\",\"urlTemplate\":\"https:\\\/\\\/antler.si\\\/it\\\/?s={search_term_string}\"},\"query-input\":{\"@type\":\"PropertyValueSpecification\",\"valueRequired\":true,\"valueName\":\"search_term_string\"}}],\"inLanguage\":\"it-IT\"},{\"@type\":\"Organization\",\"@id\":\"https:\\\/\\\/antler.si\\\/it\\\/#organization\",\"name\":\"Trgovina in servis Antler, Solkan pri Novi Gorici\",\"url\":\"https:\\\/\\\/antler.si\\\/it\\\/\",\"logo\":{\"@type\":\"ImageObject\",\"inLanguage\":\"it-IT\",\"@id\":\"https:\\\/\\\/antler.si\\\/it\\\/#\\\/schema\\\/logo\\\/image\\\/\",\"url\":\"https:\\\/\\\/antler.si\\\/wp-content\\\/uploads\\\/2022\\\/11\\\/logo.png\",\"contentUrl\":\"https:\\\/\\\/antler.si\\\/wp-content\\\/uploads\\\/2022\\\/11\\\/logo.png\",\"width\":399,\"height\":115,\"caption\":\"Trgovina in servis Antler, Solkan pri Novi Gorici\"},\"image\":{\"@id\":\"https:\\\/\\\/antler.si\\\/it\\\/#\\\/schema\\\/logo\\\/image\\\/\"},\"sameAs\":[\"https:\\\/\\\/www.facebook.com\\\/profile.php?id=100063136754534\",\"https:\\\/\\\/www.instagram.com\\\/antlerservistrgovina\\\/\"]}]}<\/script>\n<!-- \/ Yoast SEO plugin. -->","yoast_head_json":{"title":"COMET SCOUT 150 IDROPULITRICE AD ALTISSIMA PRESSIONE - Trgovina in servis Antler, Solkan pri Novi Gorici","robots":{"index":"index","follow":"follow","max-snippet":"max-snippet:-1","max-image-preview":"max-image-preview:large","max-video-preview":"max-video-preview:-1"},"canonical":"https:\/\/antler.si\/it\/prodotto\/comet-scout-150-idropulitrice-ad-altissima-pressione\/","og_locale":"it_IT","og_type":"article","og_title":"COMET SCOUT 150 IDROPULITRICE AD ALTISSIMA PRESSIONE - Trgovina in servis Antler, Solkan pri Novi Gorici","og_description":"L'idropulitrice ad acqua calda Comet SCOUT 150 EXTRA \u00e8 versatile. L'idropulitrice \u00e8 molto efficace per rimuovere le macchie pi\u00f9 ostinate come olio e grasso. Le caratteristiche principali sono il motore e la pompa (compresa la pompa dell'olio) in metallo (senza parti in plastica), il dispositivo EASY-START e TotalStop, l'avvio ritardato del bruciatore, la protezione amperometrica [&hellip;]","og_url":"https:\/\/antler.si\/it\/prodotto\/comet-scout-150-idropulitrice-ad-altissima-pressione\/","og_site_name":"Trgovina in servis Antler, Solkan pri Novi Gorici","article_publisher":"https:\/\/www.facebook.com\/profile.php?id=100063136754534","og_image":[{"width":712,"height":720,"url":"https:\/\/antler.si\/wp-content\/uploads\/2023\/02\/scout-compress.jpg","type":"image\/jpeg"}],"twitter_card":"summary_large_image","twitter_misc":{"Tempo di lettura stimato":"1 minuto"},"schema":{"@context":"https:\/\/schema.org","@graph":[{"@type":"WebPage","@id":"https:\/\/antler.si\/it\/prodotto\/comet-scout-150-idropulitrice-ad-altissima-pressione\/","url":"https:\/\/antler.si\/it\/prodotto\/comet-scout-150-idropulitrice-ad-altissima-pressione\/","name":"COMET SCOUT 150 IDROPULITRICE AD ALTISSIMA PRESSIONE - Trgovina in servis Antler, Solkan pri Novi Gorici","isPartOf":{"@id":"https:\/\/antler.si\/it\/#website"},"primaryImageOfPage":{"@id":"https:\/\/antler.si\/it\/prodotto\/comet-scout-150-idropulitrice-ad-altissima-pressione\/#primaryimage"},"image":{"@id":"https:\/\/antler.si\/it\/prodotto\/comet-scout-150-idropulitrice-ad-altissima-pressione\/#primaryimage"},"thumbnailUrl":"https:\/\/antler.si\/wp-content\/uploads\/2023\/02\/idropulitrice-ad-acqua-calda-scout-evo-160-classic.jpg","datePublished":"2023-02-14T21:09:56+00:00","breadcrumb":{"@id":"https:\/\/antler.si\/it\/prodotto\/comet-scout-150-idropulitrice-ad-altissima-pressione\/#breadcrumb"},"inLanguage":"it-IT","potentialAction":[{"@type":"ReadAction","target":["https:\/\/antler.si\/it\/prodotto\/comet-scout-150-idropulitrice-ad-altissima-pressione\/"]}]},{"@type":"ImageObject","inLanguage":"it-IT","@id":"https:\/\/antler.si\/it\/prodotto\/comet-scout-150-idropulitrice-ad-altissima-pressione\/#primaryimage","url":"https:\/\/antler.si\/wp-content\/uploads\/2023\/02\/idropulitrice-ad-acqua-calda-scout-evo-160-classic.jpg","contentUrl":"https:\/\/antler.si\/wp-content\/uploads\/2023\/02\/idropulitrice-ad-acqua-calda-scout-evo-160-classic.jpg","width":960,"height":720},{"@type":"BreadcrumbList","@id":"https:\/\/antler.si\/it\/prodotto\/comet-scout-150-idropulitrice-ad-altissima-pressione\/#breadcrumb","itemListElement":[{"@type":"ListItem","position":1,"name":"Home","item":"https:\/\/antler.si\/it\/"},{"@type":"ListItem","position":2,"name":"Trgovina","item":"https:\/\/antler.si\/?page_id=37"},{"@type":"ListItem","position":3,"name":"COMET SCOUT 150 IDROPULITRICE AD ALTISSIMA PRESSIONE"}]},{"@type":"WebSite","@id":"https:\/\/antler.si\/it\/#website","url":"https:\/\/antler.si\/it\/","name":"Trgovina in servis Antler, Solkan pri Novi Gorici","description":"www.antler.si","publisher":{"@id":"https:\/\/antler.si\/it\/#organization"},"potentialAction":[{"@type":"SearchAction","target":{"@type":"EntryPoint","urlTemplate":"https:\/\/antler.si\/it\/?s={search_term_string}"},"query-input":{"@type":"PropertyValueSpecification","valueRequired":true,"valueName":"search_term_string"}}],"inLanguage":"it-IT"},{"@type":"Organization","@id":"https:\/\/antler.si\/it\/#organization","name":"Trgovina in servis Antler, Solkan pri Novi Gorici","url":"https:\/\/antler.si\/it\/","logo":{"@type":"ImageObject","inLanguage":"it-IT","@id":"https:\/\/antler.si\/it\/#\/schema\/logo\/image\/","url":"https:\/\/antler.si\/wp-content\/uploads\/2022\/11\/logo.png","contentUrl":"https:\/\/antler.si\/wp-content\/uploads\/2022\/11\/logo.png","width":399,"height":115,"caption":"Trgovina in servis Antler, Solkan pri Novi Gorici"},"image":{"@id":"https:\/\/antler.si\/it\/#\/schema\/logo\/image\/"},"sameAs":["https:\/\/www.facebook.com\/profile.php?id=100063136754534","https:\/\/www.instagram.com\/antlerservistrgovina\/"]}]}},"brands":[{"id":296,"name":"Comet","slug":"comet-it"}],"_links":{"self":[{"href":"https:\/\/antler.si\/it\/wp-json\/wp\/v2\/product\/3955","targetHints":{"allow":["GET"]}}],"collection":[{"href":"https:\/\/antler.si\/it\/wp-json\/wp\/v2\/product"}],"about":[{"href":"https:\/\/antler.si\/it\/wp-json\/wp\/v2\/types\/product"}],"replies":[{"embeddable":true,"href":"https:\/\/antler.si\/it\/wp-json\/wp\/v2\/comments?post=3955"}],"wp:featuredmedia":[{"embeddable":true,"href":"https:\/\/antler.si\/it\/wp-json\/wp\/v2\/media\/4215"}],"wp:attachment":[{"href":"https:\/\/antler.si\/it\/wp-json\/wp\/v2\/media?parent=3955"}],"wp:term":[{"taxonomy":"pwb-brand","embeddable":true,"href":"https:\/\/antler.si\/it\/wp-json\/wp\/v2\/pwb-brand?post=3955"},{"taxonomy":"product_brand","embeddable":true,"href":"https:\/\/antler.si\/it\/wp-json\/wp\/v2\/product_brand?post=3955"},{"taxonomy":"product_cat","embeddable":true,"href":"https:\/\/antler.si\/it\/wp-json\/wp\/v2\/product_cat?post=3955"},{"taxonomy":"product_tag","embeddable":true,"href":"https:\/\/antler.si\/it\/wp-json\/wp\/v2\/product_tag?post=3955"}],"curies":[{"name":"wp","href":"https:\/\/api.w.org\/{rel}","templated":true}]}}