{"id":3965,"date":"2023-11-04T16:05:51","date_gmt":"2023-11-04T16:05:51","guid":{"rendered":"https:\/\/antler.si\/izdelek\/tosaerba-robot-ecotech-h27-panther-con-telecomando\/"},"modified":"2023-11-04T16:05:51","modified_gmt":"2023-11-04T16:05:51","slug":"tosaerba-robot-ecotech-h27-panther-con-telecomando","status":"publish","type":"product","link":"https:\/\/antler.si\/it\/prodotto\/tosaerba-robot-ecotech-h27-panther-con-telecomando\/","title":{"rendered":"TOSAERBA ROBOT ECOTECH H27 PANTHER CON TELECOMANDO"},"content":{"rendered":"<p>Rasaerba robotico telecomandato per terreni molto impegnativi. Il Panther H27 \u00e8 dotato di cingoli motorizzati, ognuno dei quali \u00e8 controllato individualmente dalla propria leva sul telecomando. Questo gli conferisce un'eccezionale manovrabilit\u00e0 anche sui terreni pi\u00f9 difficili. Con un semplice tocco di leva, puoi guidare la macchina in avanti, all'indietro o farla girare in tondo. Grazie al motore elettrico a benzina Honda iGXV800 da 26 CV, \u00e8 in grado di affrontare i terreni e i compiti pi\u00f9 difficili. Pacciama facilmente il sottobosco alto e gli alberi pi\u00f9 piccoli nelle aree pi\u00f9 incolte. I cingoli, il motore molto potente e il baricentro basso sono il motivo delle eccezionali prestazioni su terreni molto inclinati. Il Panther riesce a tagliare rampe con pendenze fino a 65 gradi. La dotazione comprende anche un'altezza di taglio regolabile a distanza da 2 a 12 cm. L'altezza di taglio \u00e8 regolabile a distanza da 2 a 12 cm e si aziona tramite un telecomando che elimina il rischio di incidenti, in quanto puoi stare lontano dalla macchina mentre svolge la sua funzione. Il Panther non \u00e8 adatto solo per tagliare il sottobosco e le aree densamente coperte, ma pu\u00f2 essere utilizzato anche per tagliare parchi o prati pi\u00f9 grandi.          <\/p>\n<p>Panther H27 - specifiche:<\/p>\n<p>Motore: Honda iGXV800 da 26 CV.<br \/>\nCilindrata: 779 cc.<br \/>\nCarburante: benzina verde.<br \/>\nAvviamento: avviamento elettrico.<br \/>\nTrasmissione: idraulica con controllo elettronico.<br \/>\nVelocit\u00e0: da 0 a 7 km\/h in entrambe le direzioni.<br \/>\nSistema frenante: freno negativo idraulico.<br \/>\nCapacit\u00e0 del serbatoio: 18 litri.<br \/>\nLarghezza di taglio: 100 cm.<br \/>\nAltezza di taglio: regolabile da 20 a 120 mm.<br \/>\nBatteria: batteria al litio da 12 V.<br \/>\nSistema di taglio: utilizza lame da taglio.<br \/>\nTelecomando: Autec Professional FJS.<br \/>\nDimensioni: 172 x 143 x 90 cm.<br \/>\nInclinazione laterale statica massima: 65\u00b0.<br \/>\nLivello di rumore: 104 dB.<br \/>\nMassa a secco: 650 kg.<br \/>\nStandard di sicurezza: conforme alla normativa europea CE (2006\/42\/CE).<\/p>\n<p>&nbsp;<\/p>\n<p><iframe loading=\"lazy\" title=\"Ecotech Italia - H27Panther Official video\" width=\"500\" height=\"281\" src=\"https:\/\/www.youtube.com\/embed\/wXfyyD9STps?feature=oembed\" frameborder=\"0\" allow=\"accelerometer; autoplay; clipboard-write; encrypted-media; gyroscope; picture-in-picture; web-share\" referrerpolicy=\"strict-origin-when-cross-origin\" allowfullscreen><\/iframe><\/p>\n","protected":false},"excerpt":{"rendered":"<p>Rasaerba robotico telecomandato per terreni molto impegnativi. Il Panther H27 \u00e8 dotato di cingoli motorizzati, ognuno dei quali \u00e8 controllato individualmente dalla propria leva sul telecomando. Questo gli conferisce un'eccezionale manovrabilit\u00e0 anche sui terreni pi\u00f9 difficili. Con un semplice tocco di leva, puoi guidare la macchina in avanti, all'indietro o farla girare in tondo. Grazie [&hellip;]<\/p>\n","protected":false},"featured_media":2945,"comment_status":"open","ping_status":"closed","template":"","meta":{"_acf_changed":false},"pwb-brand":[298],"product_brand":[],"product_cat":[199],"product_tag":[],"class_list":{"0":"post-3965","1":"product","2":"type-product","3":"status-publish","4":"has-post-thumbnail","6":"pwb-brand-ecotech-italia-it","7":"product_cat-robot-tagliaerba","9":"first","10":"instock","11":"shipping-taxable","12":"purchasable","13":"product-type-simple"},"acf":[],"yoast_head":"<!-- This site is optimized with the Yoast SEO plugin v27.3 - https:\/\/yoast.com\/product\/yoast-seo-wordpress\/ -->\n<title>TOSAERBA ROBOT ECOTECH H27 PANTHER CON TELECOMANDO - Trgovina in servis Antler, Solkan pri Novi Gorici<\/title>\n<meta name=\"robots\" content=\"index, follow, max-snippet:-1, max-image-preview:large, max-video-preview:-1\" \/>\n<link rel=\"canonical\" href=\"https:\/\/antler.si\/it\/prodotto\/tosaerba-robot-ecotech-h27-panther-con-telecomando\/\" \/>\n<meta property=\"og:locale\" content=\"it_IT\" \/>\n<meta property=\"og:type\" content=\"article\" \/>\n<meta property=\"og:title\" content=\"TOSAERBA ROBOT ECOTECH H27 PANTHER CON TELECOMANDO - Trgovina in servis Antler, Solkan pri Novi Gorici\" \/>\n<meta property=\"og:description\" content=\"Rasaerba robotico telecomandato per terreni molto impegnativi. Il Panther H27 \u00e8 dotato di cingoli motorizzati, ognuno dei quali \u00e8 controllato individualmente dalla propria leva sul telecomando. Questo gli conferisce un&#039;eccezionale manovrabilit\u00e0 anche sui terreni pi\u00f9 difficili. Con un semplice tocco di leva, puoi guidare la macchina in avanti, all&#039;indietro o farla girare in tondo. Grazie [&hellip;]\" \/>\n<meta property=\"og:url\" content=\"https:\/\/antler.si\/it\/prodotto\/tosaerba-robot-ecotech-h27-panther-con-telecomando\/\" \/>\n<meta property=\"og:site_name\" content=\"Trgovina in servis Antler, Solkan pri Novi Gorici\" \/>\n<meta property=\"article:publisher\" content=\"https:\/\/www.facebook.com\/profile.php?id=100063136754534\" \/>\n<meta property=\"og:image\" content=\"https:\/\/antler.si\/wp-content\/uploads\/2023\/11\/panther-fronte-crop-u989659.png\" \/>\n\t<meta property=\"og:image:width\" content=\"583\" \/>\n\t<meta property=\"og:image:height\" content=\"479\" \/>\n\t<meta property=\"og:image:type\" content=\"image\/png\" \/>\n<meta name=\"twitter:card\" content=\"summary_large_image\" \/>\n<meta name=\"twitter:label1\" content=\"Tempo di lettura stimato\" \/>\n\t<meta name=\"twitter:data1\" content=\"1 minuto\" \/>\n<script type=\"application\/ld+json\" class=\"yoast-schema-graph\">{\"@context\":\"https:\\\/\\\/schema.org\",\"@graph\":[{\"@type\":\"WebPage\",\"@id\":\"https:\\\/\\\/antler.si\\\/it\\\/prodotto\\\/tosaerba-robot-ecotech-h27-panther-con-telecomando\\\/\",\"url\":\"https:\\\/\\\/antler.si\\\/it\\\/prodotto\\\/tosaerba-robot-ecotech-h27-panther-con-telecomando\\\/\",\"name\":\"TOSAERBA ROBOT ECOTECH H27 PANTHER CON TELECOMANDO - Trgovina in servis Antler, Solkan pri Novi Gorici\",\"isPartOf\":{\"@id\":\"https:\\\/\\\/antler.si\\\/it\\\/#website\"},\"primaryImageOfPage\":{\"@id\":\"https:\\\/\\\/antler.si\\\/it\\\/prodotto\\\/tosaerba-robot-ecotech-h27-panther-con-telecomando\\\/#primaryimage\"},\"image\":{\"@id\":\"https:\\\/\\\/antler.si\\\/it\\\/prodotto\\\/tosaerba-robot-ecotech-h27-panther-con-telecomando\\\/#primaryimage\"},\"thumbnailUrl\":\"https:\\\/\\\/antler.si\\\/wp-content\\\/uploads\\\/2023\\\/11\\\/panther-fronte-crop-u989659.png\",\"datePublished\":\"2023-11-04T16:05:51+00:00\",\"breadcrumb\":{\"@id\":\"https:\\\/\\\/antler.si\\\/it\\\/prodotto\\\/tosaerba-robot-ecotech-h27-panther-con-telecomando\\\/#breadcrumb\"},\"inLanguage\":\"it-IT\",\"potentialAction\":[{\"@type\":\"ReadAction\",\"target\":[\"https:\\\/\\\/antler.si\\\/it\\\/prodotto\\\/tosaerba-robot-ecotech-h27-panther-con-telecomando\\\/\"]}]},{\"@type\":\"ImageObject\",\"inLanguage\":\"it-IT\",\"@id\":\"https:\\\/\\\/antler.si\\\/it\\\/prodotto\\\/tosaerba-robot-ecotech-h27-panther-con-telecomando\\\/#primaryimage\",\"url\":\"https:\\\/\\\/antler.si\\\/wp-content\\\/uploads\\\/2023\\\/11\\\/panther-fronte-crop-u989659.png\",\"contentUrl\":\"https:\\\/\\\/antler.si\\\/wp-content\\\/uploads\\\/2023\\\/11\\\/panther-fronte-crop-u989659.png\",\"width\":583,\"height\":479},{\"@type\":\"BreadcrumbList\",\"@id\":\"https:\\\/\\\/antler.si\\\/it\\\/prodotto\\\/tosaerba-robot-ecotech-h27-panther-con-telecomando\\\/#breadcrumb\",\"itemListElement\":[{\"@type\":\"ListItem\",\"position\":1,\"name\":\"Home\",\"item\":\"https:\\\/\\\/antler.si\\\/it\\\/\"},{\"@type\":\"ListItem\",\"position\":2,\"name\":\"Trgovina\",\"item\":\"https:\\\/\\\/antler.si\\\/?page_id=37\"},{\"@type\":\"ListItem\",\"position\":3,\"name\":\"TOSAERBA ROBOT ECOTECH H27 PANTHER CON TELECOMANDO\"}]},{\"@type\":\"WebSite\",\"@id\":\"https:\\\/\\\/antler.si\\\/it\\\/#website\",\"url\":\"https:\\\/\\\/antler.si\\\/it\\\/\",\"name\":\"Trgovina in servis Antler, Solkan pri Novi Gorici\",\"description\":\"www.antler.si\",\"publisher\":{\"@id\":\"https:\\\/\\\/antler.si\\\/it\\\/#organization\"},\"potentialAction\":[{\"@type\":\"SearchAction\",\"target\":{\"@type\":\"EntryPoint\",\"urlTemplate\":\"https:\\\/\\\/antler.si\\\/it\\\/?s={search_term_string}\"},\"query-input\":{\"@type\":\"PropertyValueSpecification\",\"valueRequired\":true,\"valueName\":\"search_term_string\"}}],\"inLanguage\":\"it-IT\"},{\"@type\":\"Organization\",\"@id\":\"https:\\\/\\\/antler.si\\\/it\\\/#organization\",\"name\":\"Trgovina in servis Antler, Solkan pri Novi Gorici\",\"url\":\"https:\\\/\\\/antler.si\\\/it\\\/\",\"logo\":{\"@type\":\"ImageObject\",\"inLanguage\":\"it-IT\",\"@id\":\"https:\\\/\\\/antler.si\\\/it\\\/#\\\/schema\\\/logo\\\/image\\\/\",\"url\":\"https:\\\/\\\/antler.si\\\/wp-content\\\/uploads\\\/2022\\\/11\\\/logo.png\",\"contentUrl\":\"https:\\\/\\\/antler.si\\\/wp-content\\\/uploads\\\/2022\\\/11\\\/logo.png\",\"width\":399,\"height\":115,\"caption\":\"Trgovina in servis Antler, Solkan pri Novi Gorici\"},\"image\":{\"@id\":\"https:\\\/\\\/antler.si\\\/it\\\/#\\\/schema\\\/logo\\\/image\\\/\"},\"sameAs\":[\"https:\\\/\\\/www.facebook.com\\\/profile.php?id=100063136754534\",\"https:\\\/\\\/www.instagram.com\\\/antlerservistrgovina\\\/\"]}]}<\/script>\n<!-- \/ Yoast SEO plugin. -->","yoast_head_json":{"title":"TOSAERBA ROBOT ECOTECH H27 PANTHER CON TELECOMANDO - Trgovina in servis Antler, Solkan pri Novi Gorici","robots":{"index":"index","follow":"follow","max-snippet":"max-snippet:-1","max-image-preview":"max-image-preview:large","max-video-preview":"max-video-preview:-1"},"canonical":"https:\/\/antler.si\/it\/prodotto\/tosaerba-robot-ecotech-h27-panther-con-telecomando\/","og_locale":"it_IT","og_type":"article","og_title":"TOSAERBA ROBOT ECOTECH H27 PANTHER CON TELECOMANDO - Trgovina in servis Antler, Solkan pri Novi Gorici","og_description":"Rasaerba robotico telecomandato per terreni molto impegnativi. Il Panther H27 \u00e8 dotato di cingoli motorizzati, ognuno dei quali \u00e8 controllato individualmente dalla propria leva sul telecomando. Questo gli conferisce un'eccezionale manovrabilit\u00e0 anche sui terreni pi\u00f9 difficili. Con un semplice tocco di leva, puoi guidare la macchina in avanti, all'indietro o farla girare in tondo. Grazie [&hellip;]","og_url":"https:\/\/antler.si\/it\/prodotto\/tosaerba-robot-ecotech-h27-panther-con-telecomando\/","og_site_name":"Trgovina in servis Antler, Solkan pri Novi Gorici","article_publisher":"https:\/\/www.facebook.com\/profile.php?id=100063136754534","og_image":[{"width":583,"height":479,"url":"https:\/\/antler.si\/wp-content\/uploads\/2023\/11\/panther-fronte-crop-u989659.png","type":"image\/png"}],"twitter_card":"summary_large_image","twitter_misc":{"Tempo di lettura stimato":"1 minuto"},"schema":{"@context":"https:\/\/schema.org","@graph":[{"@type":"WebPage","@id":"https:\/\/antler.si\/it\/prodotto\/tosaerba-robot-ecotech-h27-panther-con-telecomando\/","url":"https:\/\/antler.si\/it\/prodotto\/tosaerba-robot-ecotech-h27-panther-con-telecomando\/","name":"TOSAERBA ROBOT ECOTECH H27 PANTHER CON TELECOMANDO - Trgovina in servis Antler, Solkan pri Novi Gorici","isPartOf":{"@id":"https:\/\/antler.si\/it\/#website"},"primaryImageOfPage":{"@id":"https:\/\/antler.si\/it\/prodotto\/tosaerba-robot-ecotech-h27-panther-con-telecomando\/#primaryimage"},"image":{"@id":"https:\/\/antler.si\/it\/prodotto\/tosaerba-robot-ecotech-h27-panther-con-telecomando\/#primaryimage"},"thumbnailUrl":"https:\/\/antler.si\/wp-content\/uploads\/2023\/11\/panther-fronte-crop-u989659.png","datePublished":"2023-11-04T16:05:51+00:00","breadcrumb":{"@id":"https:\/\/antler.si\/it\/prodotto\/tosaerba-robot-ecotech-h27-panther-con-telecomando\/#breadcrumb"},"inLanguage":"it-IT","potentialAction":[{"@type":"ReadAction","target":["https:\/\/antler.si\/it\/prodotto\/tosaerba-robot-ecotech-h27-panther-con-telecomando\/"]}]},{"@type":"ImageObject","inLanguage":"it-IT","@id":"https:\/\/antler.si\/it\/prodotto\/tosaerba-robot-ecotech-h27-panther-con-telecomando\/#primaryimage","url":"https:\/\/antler.si\/wp-content\/uploads\/2023\/11\/panther-fronte-crop-u989659.png","contentUrl":"https:\/\/antler.si\/wp-content\/uploads\/2023\/11\/panther-fronte-crop-u989659.png","width":583,"height":479},{"@type":"BreadcrumbList","@id":"https:\/\/antler.si\/it\/prodotto\/tosaerba-robot-ecotech-h27-panther-con-telecomando\/#breadcrumb","itemListElement":[{"@type":"ListItem","position":1,"name":"Home","item":"https:\/\/antler.si\/it\/"},{"@type":"ListItem","position":2,"name":"Trgovina","item":"https:\/\/antler.si\/?page_id=37"},{"@type":"ListItem","position":3,"name":"TOSAERBA ROBOT ECOTECH H27 PANTHER CON TELECOMANDO"}]},{"@type":"WebSite","@id":"https:\/\/antler.si\/it\/#website","url":"https:\/\/antler.si\/it\/","name":"Trgovina in servis Antler, Solkan pri Novi Gorici","description":"www.antler.si","publisher":{"@id":"https:\/\/antler.si\/it\/#organization"},"potentialAction":[{"@type":"SearchAction","target":{"@type":"EntryPoint","urlTemplate":"https:\/\/antler.si\/it\/?s={search_term_string}"},"query-input":{"@type":"PropertyValueSpecification","valueRequired":true,"valueName":"search_term_string"}}],"inLanguage":"it-IT"},{"@type":"Organization","@id":"https:\/\/antler.si\/it\/#organization","name":"Trgovina in servis Antler, Solkan pri Novi Gorici","url":"https:\/\/antler.si\/it\/","logo":{"@type":"ImageObject","inLanguage":"it-IT","@id":"https:\/\/antler.si\/it\/#\/schema\/logo\/image\/","url":"https:\/\/antler.si\/wp-content\/uploads\/2022\/11\/logo.png","contentUrl":"https:\/\/antler.si\/wp-content\/uploads\/2022\/11\/logo.png","width":399,"height":115,"caption":"Trgovina in servis Antler, Solkan pri Novi Gorici"},"image":{"@id":"https:\/\/antler.si\/it\/#\/schema\/logo\/image\/"},"sameAs":["https:\/\/www.facebook.com\/profile.php?id=100063136754534","https:\/\/www.instagram.com\/antlerservistrgovina\/"]}]}},"brands":[{"id":298,"name":"Ecotech Italia","slug":"ecotech-italia-it"}],"_links":{"self":[{"href":"https:\/\/antler.si\/it\/wp-json\/wp\/v2\/product\/3965","targetHints":{"allow":["GET"]}}],"collection":[{"href":"https:\/\/antler.si\/it\/wp-json\/wp\/v2\/product"}],"about":[{"href":"https:\/\/antler.si\/it\/wp-json\/wp\/v2\/types\/product"}],"replies":[{"embeddable":true,"href":"https:\/\/antler.si\/it\/wp-json\/wp\/v2\/comments?post=3965"}],"wp:featuredmedia":[{"embeddable":true,"href":"https:\/\/antler.si\/it\/wp-json\/wp\/v2\/media\/2945"}],"wp:attachment":[{"href":"https:\/\/antler.si\/it\/wp-json\/wp\/v2\/media?parent=3965"}],"wp:term":[{"taxonomy":"pwb-brand","embeddable":true,"href":"https:\/\/antler.si\/it\/wp-json\/wp\/v2\/pwb-brand?post=3965"},{"taxonomy":"product_brand","embeddable":true,"href":"https:\/\/antler.si\/it\/wp-json\/wp\/v2\/product_brand?post=3965"},{"taxonomy":"product_cat","embeddable":true,"href":"https:\/\/antler.si\/it\/wp-json\/wp\/v2\/product_cat?post=3965"},{"taxonomy":"product_tag","embeddable":true,"href":"https:\/\/antler.si\/it\/wp-json\/wp\/v2\/product_tag?post=3965"}],"curies":[{"name":"wp","href":"https:\/\/api.w.org\/{rel}","templated":true}]}}