{"id":3968,"date":"2023-02-22T22:19:18","date_gmt":"2023-02-22T22:19:18","guid":{"rendered":"https:\/\/antler.si\/izdelek\/tosaerba-robotizzato-cramer-rm-2700\/"},"modified":"2023-02-22T22:19:18","modified_gmt":"2023-02-22T22:19:18","slug":"tosaerba-robotizzato-cramer-rm-2700","status":"publish","type":"product","link":"https:\/\/antler.si\/it\/prodotto\/tosaerba-robotizzato-cramer-rm-2700\/","title":{"rendered":"TOSAERBA ROBOTIZZATO CRAMER RM 2700"},"content":{"rendered":"<p>Il modello RM2700 \u00e8 un rasaerba robotizzato completamente automatizzato progettato per prati di medie dimensioni fino a 2700 m2. I tosaerba robotizzati Cramer ti restituiscono il tuo tempo tagliando e ricaricando automaticamente, cos\u00ec non dovrai pi\u00f9 prendere in mano il tosaerba. Il rasaerba robotizzato \u00e8 compatibile con l'app Cramer Connect, che ti permette di avere il pieno controllo dal tuo smartphone. Il sistema di gestione della flotta opzionale per gli utenti commerciali ti permette di gestire pi\u00f9 tosaerba robotici contemporaneamente. Con cos\u00ec tante funzioni integrate, la gamma di tosaerba robotizzati Cramer offre un eccezionale rapporto qualit\u00e0-prezzo.    <\/p>\n<p>Il tosaerba robotizzato \u00e8 dotato di una serie impressionante di funzioni e della pi\u00f9 recente tecnologia integrata, con funzionalit\u00e0 ingegnose per risultati perfetti. Il tosaerba \u00e8 dotato di tre lame affilate che si muovono liberamente e si ritirano automaticamente in modo silenzioso quando incontrano ostacoli come piccole pietre o radici nascoste nell'erba. Lo speciale filo di guida incluso garantisce che il tosaerba possa affrontare passaggi stretti fino a 60 cm. \u00c8 dotato di un sensore di pioggia e gelo: in caso di forte pioggia o gelo, il tosaerba torna automaticamente alla sua unit\u00e0 di base e inizia a tagliare da solo quando le condizioni migliorano. In questo modo si evita di danneggiare il tosaerba. Una volta terminato il lavoro, basta rimuovere l'involucro e iniziare a pulire il tosaerba. Alcuni tosaerba robotici seguono sempre lo stesso percorso per raggiungere la stazione di ricarica. Il tosaerba di Cramer, invece, segue il filo di confine a distanze diverse per evitare tracce nell'erba.       <\/p>\n<p><strong>Marca: CRAMER RM 2700<\/strong><br \/>\nLarghezza di taglio: 22 cm<br \/>\nAltezza di taglio: 2,0 - 6,0 cm<br \/>\nLarghezza di lavoro: 2700 m2<br \/>\nProtezione dalle intemperie: s\u00ec<br \/>\nLunghezza massima del loop: 800 m<br \/>\nPendenza massima al di sopra del bordo: 16%<br \/>\nPendenza massima: 35%<br \/>\nTracciamento GPS: s\u00ec<br \/>\nPeso: 10 kg   <\/p>\n","protected":false},"excerpt":{"rendered":"<p>Il modello RM2700 \u00e8 un rasaerba robotizzato completamente automatizzato progettato per prati di medie dimensioni fino a 2700 m2. I tosaerba robotizzati Cramer ti restituiscono il tuo tempo tagliando e ricaricando automaticamente, cos\u00ec non dovrai pi\u00f9 prendere in mano il tosaerba. Il rasaerba robotizzato \u00e8 compatibile con l'app Cramer Connect, che ti permette di avere [&hellip;]<\/p>\n","protected":false},"featured_media":2022,"comment_status":"open","ping_status":"closed","template":"","meta":{"_acf_changed":false},"pwb-brand":[297],"product_brand":[],"product_cat":[199],"product_tag":[],"class_list":{"0":"post-3968","1":"product","2":"type-product","3":"status-publish","4":"has-post-thumbnail","6":"pwb-brand-cramer-it","7":"product_cat-robot-tagliaerba","9":"first","10":"instock","11":"shipping-taxable","12":"purchasable","13":"product-type-simple"},"acf":[],"yoast_head":"<!-- This site is optimized with the Yoast SEO plugin v27.3 - https:\/\/yoast.com\/product\/yoast-seo-wordpress\/ -->\n<title>TOSAERBA ROBOTIZZATO CRAMER RM 2700 - Trgovina in servis Antler, Solkan pri Novi Gorici<\/title>\n<meta name=\"robots\" content=\"index, follow, max-snippet:-1, max-image-preview:large, max-video-preview:-1\" \/>\n<link rel=\"canonical\" href=\"https:\/\/antler.si\/it\/prodotto\/tosaerba-robotizzato-cramer-rm-2700\/\" \/>\n<meta property=\"og:locale\" content=\"it_IT\" \/>\n<meta property=\"og:type\" content=\"article\" \/>\n<meta property=\"og:title\" content=\"TOSAERBA ROBOTIZZATO CRAMER RM 2700 - Trgovina in servis Antler, Solkan pri Novi Gorici\" \/>\n<meta property=\"og:description\" content=\"Il modello RM2700 \u00e8 un rasaerba robotizzato completamente automatizzato progettato per prati di medie dimensioni fino a 2700 m2. I tosaerba robotizzati Cramer ti restituiscono il tuo tempo tagliando e ricaricando automaticamente, cos\u00ec non dovrai pi\u00f9 prendere in mano il tosaerba. Il rasaerba robotizzato \u00e8 compatibile con l&#039;app Cramer Connect, che ti permette di avere [&hellip;]\" \/>\n<meta property=\"og:url\" content=\"https:\/\/antler.si\/it\/prodotto\/tosaerba-robotizzato-cramer-rm-2700\/\" \/>\n<meta property=\"og:site_name\" content=\"Trgovina in servis Antler, Solkan pri Novi Gorici\" \/>\n<meta property=\"article:publisher\" content=\"https:\/\/www.facebook.com\/profile.php?id=100063136754534\" \/>\n<meta property=\"og:image\" content=\"https:\/\/antler.si\/wp-content\/uploads\/2023\/02\/RM2700-PH_1.png-compress-compress.webp\" \/>\n\t<meta property=\"og:image:width\" content=\"720\" \/>\n\t<meta property=\"og:image:height\" content=\"720\" \/>\n\t<meta property=\"og:image:type\" content=\"image\/webp\" \/>\n<meta name=\"twitter:card\" content=\"summary_large_image\" \/>\n<meta name=\"twitter:label1\" content=\"Tempo di lettura stimato\" \/>\n\t<meta name=\"twitter:data1\" content=\"1 minuto\" \/>\n<script type=\"application\/ld+json\" class=\"yoast-schema-graph\">{\"@context\":\"https:\\\/\\\/schema.org\",\"@graph\":[{\"@type\":\"WebPage\",\"@id\":\"https:\\\/\\\/antler.si\\\/it\\\/prodotto\\\/tosaerba-robotizzato-cramer-rm-2700\\\/\",\"url\":\"https:\\\/\\\/antler.si\\\/it\\\/prodotto\\\/tosaerba-robotizzato-cramer-rm-2700\\\/\",\"name\":\"TOSAERBA ROBOTIZZATO CRAMER RM 2700 - Trgovina in servis Antler, Solkan pri Novi Gorici\",\"isPartOf\":{\"@id\":\"https:\\\/\\\/antler.si\\\/it\\\/#website\"},\"primaryImageOfPage\":{\"@id\":\"https:\\\/\\\/antler.si\\\/it\\\/prodotto\\\/tosaerba-robotizzato-cramer-rm-2700\\\/#primaryimage\"},\"image\":{\"@id\":\"https:\\\/\\\/antler.si\\\/it\\\/prodotto\\\/tosaerba-robotizzato-cramer-rm-2700\\\/#primaryimage\"},\"thumbnailUrl\":\"https:\\\/\\\/antler.si\\\/wp-content\\\/uploads\\\/2023\\\/02\\\/RM2700-PH_1.png-compress-compress.webp\",\"datePublished\":\"2023-02-22T22:19:18+00:00\",\"breadcrumb\":{\"@id\":\"https:\\\/\\\/antler.si\\\/it\\\/prodotto\\\/tosaerba-robotizzato-cramer-rm-2700\\\/#breadcrumb\"},\"inLanguage\":\"it-IT\",\"potentialAction\":[{\"@type\":\"ReadAction\",\"target\":[\"https:\\\/\\\/antler.si\\\/it\\\/prodotto\\\/tosaerba-robotizzato-cramer-rm-2700\\\/\"]}]},{\"@type\":\"ImageObject\",\"inLanguage\":\"it-IT\",\"@id\":\"https:\\\/\\\/antler.si\\\/it\\\/prodotto\\\/tosaerba-robotizzato-cramer-rm-2700\\\/#primaryimage\",\"url\":\"https:\\\/\\\/antler.si\\\/wp-content\\\/uploads\\\/2023\\\/02\\\/RM2700-PH_1.png-compress-compress.webp\",\"contentUrl\":\"https:\\\/\\\/antler.si\\\/wp-content\\\/uploads\\\/2023\\\/02\\\/RM2700-PH_1.png-compress-compress.webp\",\"width\":720,\"height\":720},{\"@type\":\"BreadcrumbList\",\"@id\":\"https:\\\/\\\/antler.si\\\/it\\\/prodotto\\\/tosaerba-robotizzato-cramer-rm-2700\\\/#breadcrumb\",\"itemListElement\":[{\"@type\":\"ListItem\",\"position\":1,\"name\":\"Home\",\"item\":\"https:\\\/\\\/antler.si\\\/it\\\/\"},{\"@type\":\"ListItem\",\"position\":2,\"name\":\"Trgovina\",\"item\":\"https:\\\/\\\/antler.si\\\/?page_id=37\"},{\"@type\":\"ListItem\",\"position\":3,\"name\":\"TOSAERBA ROBOTIZZATO CRAMER RM 2700\"}]},{\"@type\":\"WebSite\",\"@id\":\"https:\\\/\\\/antler.si\\\/it\\\/#website\",\"url\":\"https:\\\/\\\/antler.si\\\/it\\\/\",\"name\":\"Trgovina in servis Antler, Solkan pri Novi Gorici\",\"description\":\"www.antler.si\",\"publisher\":{\"@id\":\"https:\\\/\\\/antler.si\\\/it\\\/#organization\"},\"potentialAction\":[{\"@type\":\"SearchAction\",\"target\":{\"@type\":\"EntryPoint\",\"urlTemplate\":\"https:\\\/\\\/antler.si\\\/it\\\/?s={search_term_string}\"},\"query-input\":{\"@type\":\"PropertyValueSpecification\",\"valueRequired\":true,\"valueName\":\"search_term_string\"}}],\"inLanguage\":\"it-IT\"},{\"@type\":\"Organization\",\"@id\":\"https:\\\/\\\/antler.si\\\/it\\\/#organization\",\"name\":\"Trgovina in servis Antler, Solkan pri Novi Gorici\",\"url\":\"https:\\\/\\\/antler.si\\\/it\\\/\",\"logo\":{\"@type\":\"ImageObject\",\"inLanguage\":\"it-IT\",\"@id\":\"https:\\\/\\\/antler.si\\\/it\\\/#\\\/schema\\\/logo\\\/image\\\/\",\"url\":\"https:\\\/\\\/antler.si\\\/wp-content\\\/uploads\\\/2022\\\/11\\\/logo.png\",\"contentUrl\":\"https:\\\/\\\/antler.si\\\/wp-content\\\/uploads\\\/2022\\\/11\\\/logo.png\",\"width\":399,\"height\":115,\"caption\":\"Trgovina in servis Antler, Solkan pri Novi Gorici\"},\"image\":{\"@id\":\"https:\\\/\\\/antler.si\\\/it\\\/#\\\/schema\\\/logo\\\/image\\\/\"},\"sameAs\":[\"https:\\\/\\\/www.facebook.com\\\/profile.php?id=100063136754534\",\"https:\\\/\\\/www.instagram.com\\\/antlerservistrgovina\\\/\"]}]}<\/script>\n<!-- \/ Yoast SEO plugin. -->","yoast_head_json":{"title":"TOSAERBA ROBOTIZZATO CRAMER RM 2700 - Trgovina in servis Antler, Solkan pri Novi Gorici","robots":{"index":"index","follow":"follow","max-snippet":"max-snippet:-1","max-image-preview":"max-image-preview:large","max-video-preview":"max-video-preview:-1"},"canonical":"https:\/\/antler.si\/it\/prodotto\/tosaerba-robotizzato-cramer-rm-2700\/","og_locale":"it_IT","og_type":"article","og_title":"TOSAERBA ROBOTIZZATO CRAMER RM 2700 - Trgovina in servis Antler, Solkan pri Novi Gorici","og_description":"Il modello RM2700 \u00e8 un rasaerba robotizzato completamente automatizzato progettato per prati di medie dimensioni fino a 2700 m2. I tosaerba robotizzati Cramer ti restituiscono il tuo tempo tagliando e ricaricando automaticamente, cos\u00ec non dovrai pi\u00f9 prendere in mano il tosaerba. Il rasaerba robotizzato \u00e8 compatibile con l'app Cramer Connect, che ti permette di avere [&hellip;]","og_url":"https:\/\/antler.si\/it\/prodotto\/tosaerba-robotizzato-cramer-rm-2700\/","og_site_name":"Trgovina in servis Antler, Solkan pri Novi Gorici","article_publisher":"https:\/\/www.facebook.com\/profile.php?id=100063136754534","og_image":[{"width":720,"height":720,"url":"https:\/\/antler.si\/wp-content\/uploads\/2023\/02\/RM2700-PH_1.png-compress-compress.webp","type":"image\/webp"}],"twitter_card":"summary_large_image","twitter_misc":{"Tempo di lettura stimato":"1 minuto"},"schema":{"@context":"https:\/\/schema.org","@graph":[{"@type":"WebPage","@id":"https:\/\/antler.si\/it\/prodotto\/tosaerba-robotizzato-cramer-rm-2700\/","url":"https:\/\/antler.si\/it\/prodotto\/tosaerba-robotizzato-cramer-rm-2700\/","name":"TOSAERBA ROBOTIZZATO CRAMER RM 2700 - Trgovina in servis Antler, Solkan pri Novi Gorici","isPartOf":{"@id":"https:\/\/antler.si\/it\/#website"},"primaryImageOfPage":{"@id":"https:\/\/antler.si\/it\/prodotto\/tosaerba-robotizzato-cramer-rm-2700\/#primaryimage"},"image":{"@id":"https:\/\/antler.si\/it\/prodotto\/tosaerba-robotizzato-cramer-rm-2700\/#primaryimage"},"thumbnailUrl":"https:\/\/antler.si\/wp-content\/uploads\/2023\/02\/RM2700-PH_1.png-compress-compress.webp","datePublished":"2023-02-22T22:19:18+00:00","breadcrumb":{"@id":"https:\/\/antler.si\/it\/prodotto\/tosaerba-robotizzato-cramer-rm-2700\/#breadcrumb"},"inLanguage":"it-IT","potentialAction":[{"@type":"ReadAction","target":["https:\/\/antler.si\/it\/prodotto\/tosaerba-robotizzato-cramer-rm-2700\/"]}]},{"@type":"ImageObject","inLanguage":"it-IT","@id":"https:\/\/antler.si\/it\/prodotto\/tosaerba-robotizzato-cramer-rm-2700\/#primaryimage","url":"https:\/\/antler.si\/wp-content\/uploads\/2023\/02\/RM2700-PH_1.png-compress-compress.webp","contentUrl":"https:\/\/antler.si\/wp-content\/uploads\/2023\/02\/RM2700-PH_1.png-compress-compress.webp","width":720,"height":720},{"@type":"BreadcrumbList","@id":"https:\/\/antler.si\/it\/prodotto\/tosaerba-robotizzato-cramer-rm-2700\/#breadcrumb","itemListElement":[{"@type":"ListItem","position":1,"name":"Home","item":"https:\/\/antler.si\/it\/"},{"@type":"ListItem","position":2,"name":"Trgovina","item":"https:\/\/antler.si\/?page_id=37"},{"@type":"ListItem","position":3,"name":"TOSAERBA ROBOTIZZATO CRAMER RM 2700"}]},{"@type":"WebSite","@id":"https:\/\/antler.si\/it\/#website","url":"https:\/\/antler.si\/it\/","name":"Trgovina in servis Antler, Solkan pri Novi Gorici","description":"www.antler.si","publisher":{"@id":"https:\/\/antler.si\/it\/#organization"},"potentialAction":[{"@type":"SearchAction","target":{"@type":"EntryPoint","urlTemplate":"https:\/\/antler.si\/it\/?s={search_term_string}"},"query-input":{"@type":"PropertyValueSpecification","valueRequired":true,"valueName":"search_term_string"}}],"inLanguage":"it-IT"},{"@type":"Organization","@id":"https:\/\/antler.si\/it\/#organization","name":"Trgovina in servis Antler, Solkan pri Novi Gorici","url":"https:\/\/antler.si\/it\/","logo":{"@type":"ImageObject","inLanguage":"it-IT","@id":"https:\/\/antler.si\/it\/#\/schema\/logo\/image\/","url":"https:\/\/antler.si\/wp-content\/uploads\/2022\/11\/logo.png","contentUrl":"https:\/\/antler.si\/wp-content\/uploads\/2022\/11\/logo.png","width":399,"height":115,"caption":"Trgovina in servis Antler, Solkan pri Novi Gorici"},"image":{"@id":"https:\/\/antler.si\/it\/#\/schema\/logo\/image\/"},"sameAs":["https:\/\/www.facebook.com\/profile.php?id=100063136754534","https:\/\/www.instagram.com\/antlerservistrgovina\/"]}]}},"brands":[{"id":297,"name":"Cramer","slug":"cramer-it"}],"_links":{"self":[{"href":"https:\/\/antler.si\/it\/wp-json\/wp\/v2\/product\/3968","targetHints":{"allow":["GET"]}}],"collection":[{"href":"https:\/\/antler.si\/it\/wp-json\/wp\/v2\/product"}],"about":[{"href":"https:\/\/antler.si\/it\/wp-json\/wp\/v2\/types\/product"}],"replies":[{"embeddable":true,"href":"https:\/\/antler.si\/it\/wp-json\/wp\/v2\/comments?post=3968"}],"wp:featuredmedia":[{"embeddable":true,"href":"https:\/\/antler.si\/it\/wp-json\/wp\/v2\/media\/2022"}],"wp:attachment":[{"href":"https:\/\/antler.si\/it\/wp-json\/wp\/v2\/media?parent=3968"}],"wp:term":[{"taxonomy":"pwb-brand","embeddable":true,"href":"https:\/\/antler.si\/it\/wp-json\/wp\/v2\/pwb-brand?post=3968"},{"taxonomy":"product_brand","embeddable":true,"href":"https:\/\/antler.si\/it\/wp-json\/wp\/v2\/product_brand?post=3968"},{"taxonomy":"product_cat","embeddable":true,"href":"https:\/\/antler.si\/it\/wp-json\/wp\/v2\/product_cat?post=3968"},{"taxonomy":"product_tag","embeddable":true,"href":"https:\/\/antler.si\/it\/wp-json\/wp\/v2\/product_tag?post=3968"}],"curies":[{"name":"wp","href":"https:\/\/api.w.org\/{rel}","templated":true}]}}