{"id":3973,"date":"2023-01-18T16:34:39","date_gmt":"2023-01-18T16:34:39","guid":{"rendered":"https:\/\/antler.si\/izdelek\/soffiatore-a-zaino-oleo-mac-bv901-5hp\/"},"modified":"2023-01-18T16:34:39","modified_gmt":"2023-01-18T16:34:39","slug":"soffiatore-a-zaino-oleo-mac-bv901-5hp","status":"publish","type":"product","link":"https:\/\/antler.si\/it\/prodotto\/soffiatore-a-zaino-oleo-mac-bv901-5hp\/","title":{"rendered":"SOFFIATORE A ZAINO OLEO MAC BV901 5HP"},"content":{"rendered":"<p>Il BV901 \u00e8 una macchina professionale progettata per il soffiaggio in aree rurali e urbane (come piazze, parchi, stadi e strade). \u00c8 consigliato anche per spostare frutta appena caduta o oggetti simili. La velocit\u00e0 dell'aria e il volume dell'aria in uscita lo rendono uno strumento comodo, potente e performante. \u00c8 dotato di uno zaino ergonomico che offre una soluzione comoda anche per le attivit\u00e0 pi\u00f9 lunghe.   <\/p>\n<p>SOFFIATORE A MOTORE OLEO MAC BV901<br \/>\nPotenza\/volume:5 hp\/3,6kW\/77 cm3<br \/>\nVelocit\u00e0 massima dell'aria:90 m\/sec<br \/>\nPortata massima dell'aria:27,3 m3\/min-1645 m3\/h<br \/>\nPressione sonora\/livello di potenza sonora:103\/105 dB(a)<br \/>\nLivello di vibrazione:2,5 m\/s2<br \/>\nPeso senza tubo:10,4 kg <\/p>\n<p>&nbsp;<\/p>\n","protected":false},"excerpt":{"rendered":"<p>Il BV901 \u00e8 una macchina professionale progettata per il soffiaggio in aree rurali e urbane (come piazze, parchi, stadi e strade). \u00c8 consigliato anche per spostare frutta appena caduta o oggetti simili. La velocit\u00e0 dell'aria e il volume dell'aria in uscita lo rendono uno strumento comodo, potente e performante. \u00c8 dotato di uno zaino ergonomico [&hellip;]<\/p>\n","protected":false},"featured_media":1219,"comment_status":"open","ping_status":"closed","template":"","meta":{"_acf_changed":false},"pwb-brand":[287],"product_brand":[],"product_cat":[270,245],"product_tag":[],"class_list":{"0":"post-3973","1":"product","2":"type-product","3":"status-publish","4":"has-post-thumbnail","6":"pwb-brand-oleo-mac-it","7":"product_cat-soffiatori-a-zaino","8":"product_cat-soffiatori-e-aspiratori","9":"pa_motor-2t-it","11":"first","12":"instock","13":"shipping-taxable","14":"purchasable","15":"product-type-simple"},"acf":[],"yoast_head":"<!-- This site is optimized with the Yoast SEO plugin v27.3 - https:\/\/yoast.com\/product\/yoast-seo-wordpress\/ -->\n<title>SOFFIATORE A ZAINO OLEO MAC BV901 5HP - Trgovina in servis Antler, Solkan pri Novi Gorici<\/title>\n<meta name=\"robots\" content=\"index, follow, max-snippet:-1, max-image-preview:large, max-video-preview:-1\" \/>\n<link rel=\"canonical\" href=\"https:\/\/antler.si\/it\/prodotto\/soffiatore-a-zaino-oleo-mac-bv901-5hp\/\" \/>\n<meta property=\"og:locale\" content=\"it_IT\" \/>\n<meta property=\"og:type\" content=\"article\" \/>\n<meta property=\"og:title\" content=\"SOFFIATORE A ZAINO OLEO MAC BV901 5HP - Trgovina in servis Antler, Solkan pri Novi Gorici\" \/>\n<meta property=\"og:description\" content=\"Il BV901 \u00e8 una macchina professionale progettata per il soffiaggio in aree rurali e urbane (come piazze, parchi, stadi e strade). \u00c8 consigliato anche per spostare frutta appena caduta o oggetti simili. La velocit\u00e0 dell&#039;aria e il volume dell&#039;aria in uscita lo rendono uno strumento comodo, potente e performante. \u00c8 dotato di uno zaino ergonomico [&hellip;]\" \/>\n<meta property=\"og:url\" content=\"https:\/\/antler.si\/it\/prodotto\/soffiatore-a-zaino-oleo-mac-bv901-5hp\/\" \/>\n<meta property=\"og:site_name\" content=\"Trgovina in servis Antler, Solkan pri Novi Gorici\" \/>\n<meta property=\"article:publisher\" content=\"https:\/\/www.facebook.com\/profile.php?id=100063136754534\" \/>\n<meta property=\"og:image\" content=\"https:\/\/antler.si\/wp-content\/uploads\/2023\/01\/OMBV901_Newstyle_sx-scaled-compress.jpg\" \/>\n\t<meta property=\"og:image:width\" content=\"480\" \/>\n\t<meta property=\"og:image:height\" content=\"720\" \/>\n\t<meta property=\"og:image:type\" content=\"image\/jpeg\" \/>\n<meta name=\"twitter:card\" content=\"summary_large_image\" \/>\n<meta name=\"twitter:label1\" content=\"Tempo di lettura stimato\" \/>\n\t<meta name=\"twitter:data1\" content=\"1 minuto\" \/>\n<script type=\"application\/ld+json\" class=\"yoast-schema-graph\">{\"@context\":\"https:\\\/\\\/schema.org\",\"@graph\":[{\"@type\":\"WebPage\",\"@id\":\"https:\\\/\\\/antler.si\\\/it\\\/prodotto\\\/soffiatore-a-zaino-oleo-mac-bv901-5hp\\\/\",\"url\":\"https:\\\/\\\/antler.si\\\/it\\\/prodotto\\\/soffiatore-a-zaino-oleo-mac-bv901-5hp\\\/\",\"name\":\"SOFFIATORE A ZAINO OLEO MAC BV901 5HP - Trgovina in servis Antler, Solkan pri Novi Gorici\",\"isPartOf\":{\"@id\":\"https:\\\/\\\/antler.si\\\/it\\\/#website\"},\"primaryImageOfPage\":{\"@id\":\"https:\\\/\\\/antler.si\\\/it\\\/prodotto\\\/soffiatore-a-zaino-oleo-mac-bv901-5hp\\\/#primaryimage\"},\"image\":{\"@id\":\"https:\\\/\\\/antler.si\\\/it\\\/prodotto\\\/soffiatore-a-zaino-oleo-mac-bv901-5hp\\\/#primaryimage\"},\"thumbnailUrl\":\"https:\\\/\\\/antler.si\\\/wp-content\\\/uploads\\\/2023\\\/01\\\/OMBV901_Newstyle_sx-scaled-compress.jpg\",\"datePublished\":\"2023-01-18T16:34:39+00:00\",\"breadcrumb\":{\"@id\":\"https:\\\/\\\/antler.si\\\/it\\\/prodotto\\\/soffiatore-a-zaino-oleo-mac-bv901-5hp\\\/#breadcrumb\"},\"inLanguage\":\"it-IT\",\"potentialAction\":[{\"@type\":\"ReadAction\",\"target\":[\"https:\\\/\\\/antler.si\\\/it\\\/prodotto\\\/soffiatore-a-zaino-oleo-mac-bv901-5hp\\\/\"]}]},{\"@type\":\"ImageObject\",\"inLanguage\":\"it-IT\",\"@id\":\"https:\\\/\\\/antler.si\\\/it\\\/prodotto\\\/soffiatore-a-zaino-oleo-mac-bv901-5hp\\\/#primaryimage\",\"url\":\"https:\\\/\\\/antler.si\\\/wp-content\\\/uploads\\\/2023\\\/01\\\/OMBV901_Newstyle_sx-scaled-compress.jpg\",\"contentUrl\":\"https:\\\/\\\/antler.si\\\/wp-content\\\/uploads\\\/2023\\\/01\\\/OMBV901_Newstyle_sx-scaled-compress.jpg\",\"width\":480,\"height\":720},{\"@type\":\"BreadcrumbList\",\"@id\":\"https:\\\/\\\/antler.si\\\/it\\\/prodotto\\\/soffiatore-a-zaino-oleo-mac-bv901-5hp\\\/#breadcrumb\",\"itemListElement\":[{\"@type\":\"ListItem\",\"position\":1,\"name\":\"Home\",\"item\":\"https:\\\/\\\/antler.si\\\/it\\\/\"},{\"@type\":\"ListItem\",\"position\":2,\"name\":\"Trgovina\",\"item\":\"https:\\\/\\\/antler.si\\\/?page_id=37\"},{\"@type\":\"ListItem\",\"position\":3,\"name\":\"SOFFIATORE A ZAINO OLEO MAC BV901 5HP\"}]},{\"@type\":\"WebSite\",\"@id\":\"https:\\\/\\\/antler.si\\\/it\\\/#website\",\"url\":\"https:\\\/\\\/antler.si\\\/it\\\/\",\"name\":\"Trgovina in servis Antler, Solkan pri Novi Gorici\",\"description\":\"www.antler.si\",\"publisher\":{\"@id\":\"https:\\\/\\\/antler.si\\\/it\\\/#organization\"},\"potentialAction\":[{\"@type\":\"SearchAction\",\"target\":{\"@type\":\"EntryPoint\",\"urlTemplate\":\"https:\\\/\\\/antler.si\\\/it\\\/?s={search_term_string}\"},\"query-input\":{\"@type\":\"PropertyValueSpecification\",\"valueRequired\":true,\"valueName\":\"search_term_string\"}}],\"inLanguage\":\"it-IT\"},{\"@type\":\"Organization\",\"@id\":\"https:\\\/\\\/antler.si\\\/it\\\/#organization\",\"name\":\"Trgovina in servis Antler, Solkan pri Novi Gorici\",\"url\":\"https:\\\/\\\/antler.si\\\/it\\\/\",\"logo\":{\"@type\":\"ImageObject\",\"inLanguage\":\"it-IT\",\"@id\":\"https:\\\/\\\/antler.si\\\/it\\\/#\\\/schema\\\/logo\\\/image\\\/\",\"url\":\"https:\\\/\\\/antler.si\\\/wp-content\\\/uploads\\\/2022\\\/11\\\/logo.png\",\"contentUrl\":\"https:\\\/\\\/antler.si\\\/wp-content\\\/uploads\\\/2022\\\/11\\\/logo.png\",\"width\":399,\"height\":115,\"caption\":\"Trgovina in servis Antler, Solkan pri Novi Gorici\"},\"image\":{\"@id\":\"https:\\\/\\\/antler.si\\\/it\\\/#\\\/schema\\\/logo\\\/image\\\/\"},\"sameAs\":[\"https:\\\/\\\/www.facebook.com\\\/profile.php?id=100063136754534\",\"https:\\\/\\\/www.instagram.com\\\/antlerservistrgovina\\\/\"]}]}<\/script>\n<!-- \/ Yoast SEO plugin. -->","yoast_head_json":{"title":"SOFFIATORE A ZAINO OLEO MAC BV901 5HP - Trgovina in servis Antler, Solkan pri Novi Gorici","robots":{"index":"index","follow":"follow","max-snippet":"max-snippet:-1","max-image-preview":"max-image-preview:large","max-video-preview":"max-video-preview:-1"},"canonical":"https:\/\/antler.si\/it\/prodotto\/soffiatore-a-zaino-oleo-mac-bv901-5hp\/","og_locale":"it_IT","og_type":"article","og_title":"SOFFIATORE A ZAINO OLEO MAC BV901 5HP - Trgovina in servis Antler, Solkan pri Novi Gorici","og_description":"Il BV901 \u00e8 una macchina professionale progettata per il soffiaggio in aree rurali e urbane (come piazze, parchi, stadi e strade). \u00c8 consigliato anche per spostare frutta appena caduta o oggetti simili. La velocit\u00e0 dell'aria e il volume dell'aria in uscita lo rendono uno strumento comodo, potente e performante. \u00c8 dotato di uno zaino ergonomico [&hellip;]","og_url":"https:\/\/antler.si\/it\/prodotto\/soffiatore-a-zaino-oleo-mac-bv901-5hp\/","og_site_name":"Trgovina in servis Antler, Solkan pri Novi Gorici","article_publisher":"https:\/\/www.facebook.com\/profile.php?id=100063136754534","og_image":[{"width":480,"height":720,"url":"https:\/\/antler.si\/wp-content\/uploads\/2023\/01\/OMBV901_Newstyle_sx-scaled-compress.jpg","type":"image\/jpeg"}],"twitter_card":"summary_large_image","twitter_misc":{"Tempo di lettura stimato":"1 minuto"},"schema":{"@context":"https:\/\/schema.org","@graph":[{"@type":"WebPage","@id":"https:\/\/antler.si\/it\/prodotto\/soffiatore-a-zaino-oleo-mac-bv901-5hp\/","url":"https:\/\/antler.si\/it\/prodotto\/soffiatore-a-zaino-oleo-mac-bv901-5hp\/","name":"SOFFIATORE A ZAINO OLEO MAC BV901 5HP - Trgovina in servis Antler, Solkan pri Novi Gorici","isPartOf":{"@id":"https:\/\/antler.si\/it\/#website"},"primaryImageOfPage":{"@id":"https:\/\/antler.si\/it\/prodotto\/soffiatore-a-zaino-oleo-mac-bv901-5hp\/#primaryimage"},"image":{"@id":"https:\/\/antler.si\/it\/prodotto\/soffiatore-a-zaino-oleo-mac-bv901-5hp\/#primaryimage"},"thumbnailUrl":"https:\/\/antler.si\/wp-content\/uploads\/2023\/01\/OMBV901_Newstyle_sx-scaled-compress.jpg","datePublished":"2023-01-18T16:34:39+00:00","breadcrumb":{"@id":"https:\/\/antler.si\/it\/prodotto\/soffiatore-a-zaino-oleo-mac-bv901-5hp\/#breadcrumb"},"inLanguage":"it-IT","potentialAction":[{"@type":"ReadAction","target":["https:\/\/antler.si\/it\/prodotto\/soffiatore-a-zaino-oleo-mac-bv901-5hp\/"]}]},{"@type":"ImageObject","inLanguage":"it-IT","@id":"https:\/\/antler.si\/it\/prodotto\/soffiatore-a-zaino-oleo-mac-bv901-5hp\/#primaryimage","url":"https:\/\/antler.si\/wp-content\/uploads\/2023\/01\/OMBV901_Newstyle_sx-scaled-compress.jpg","contentUrl":"https:\/\/antler.si\/wp-content\/uploads\/2023\/01\/OMBV901_Newstyle_sx-scaled-compress.jpg","width":480,"height":720},{"@type":"BreadcrumbList","@id":"https:\/\/antler.si\/it\/prodotto\/soffiatore-a-zaino-oleo-mac-bv901-5hp\/#breadcrumb","itemListElement":[{"@type":"ListItem","position":1,"name":"Home","item":"https:\/\/antler.si\/it\/"},{"@type":"ListItem","position":2,"name":"Trgovina","item":"https:\/\/antler.si\/?page_id=37"},{"@type":"ListItem","position":3,"name":"SOFFIATORE A ZAINO OLEO MAC BV901 5HP"}]},{"@type":"WebSite","@id":"https:\/\/antler.si\/it\/#website","url":"https:\/\/antler.si\/it\/","name":"Trgovina in servis Antler, Solkan pri Novi Gorici","description":"www.antler.si","publisher":{"@id":"https:\/\/antler.si\/it\/#organization"},"potentialAction":[{"@type":"SearchAction","target":{"@type":"EntryPoint","urlTemplate":"https:\/\/antler.si\/it\/?s={search_term_string}"},"query-input":{"@type":"PropertyValueSpecification","valueRequired":true,"valueName":"search_term_string"}}],"inLanguage":"it-IT"},{"@type":"Organization","@id":"https:\/\/antler.si\/it\/#organization","name":"Trgovina in servis Antler, Solkan pri Novi Gorici","url":"https:\/\/antler.si\/it\/","logo":{"@type":"ImageObject","inLanguage":"it-IT","@id":"https:\/\/antler.si\/it\/#\/schema\/logo\/image\/","url":"https:\/\/antler.si\/wp-content\/uploads\/2022\/11\/logo.png","contentUrl":"https:\/\/antler.si\/wp-content\/uploads\/2022\/11\/logo.png","width":399,"height":115,"caption":"Trgovina in servis Antler, Solkan pri Novi Gorici"},"image":{"@id":"https:\/\/antler.si\/it\/#\/schema\/logo\/image\/"},"sameAs":["https:\/\/www.facebook.com\/profile.php?id=100063136754534","https:\/\/www.instagram.com\/antlerservistrgovina\/"]}]}},"brands":[{"id":287,"name":"Oleo-Mac","slug":"oleo-mac-it"}],"_links":{"self":[{"href":"https:\/\/antler.si\/it\/wp-json\/wp\/v2\/product\/3973","targetHints":{"allow":["GET"]}}],"collection":[{"href":"https:\/\/antler.si\/it\/wp-json\/wp\/v2\/product"}],"about":[{"href":"https:\/\/antler.si\/it\/wp-json\/wp\/v2\/types\/product"}],"replies":[{"embeddable":true,"href":"https:\/\/antler.si\/it\/wp-json\/wp\/v2\/comments?post=3973"}],"wp:featuredmedia":[{"embeddable":true,"href":"https:\/\/antler.si\/it\/wp-json\/wp\/v2\/media\/1219"}],"wp:attachment":[{"href":"https:\/\/antler.si\/it\/wp-json\/wp\/v2\/media?parent=3973"}],"wp:term":[{"taxonomy":"pwb-brand","embeddable":true,"href":"https:\/\/antler.si\/it\/wp-json\/wp\/v2\/pwb-brand?post=3973"},{"taxonomy":"product_brand","embeddable":true,"href":"https:\/\/antler.si\/it\/wp-json\/wp\/v2\/product_brand?post=3973"},{"taxonomy":"product_cat","embeddable":true,"href":"https:\/\/antler.si\/it\/wp-json\/wp\/v2\/product_cat?post=3973"},{"taxonomy":"product_tag","embeddable":true,"href":"https:\/\/antler.si\/it\/wp-json\/wp\/v2\/product_tag?post=3973"}],"curies":[{"name":"wp","href":"https:\/\/api.w.org\/{rel}","templated":true}]}}