{"id":3975,"date":"2023-01-19T10:05:27","date_gmt":"2023-01-19T10:05:27","guid":{"rendered":"https:\/\/antler.si\/izdelek\/stiga-sht-900-ae-48v-60cm-tagliasiepi-a-batteria\/"},"modified":"2023-01-19T10:05:27","modified_gmt":"2023-01-19T10:05:27","slug":"stiga-sht-900-ae-48v-60cm-tagliasiepi-a-batteria","status":"publish","type":"product","link":"https:\/\/antler.si\/it\/prodotto\/stiga-sht-900-ae-48v-60cm-tagliasiepi-a-batteria\/","title":{"rendered":"STIGA SHT 900 AE 48V 60CM TAGLIASIEPI A BATTERIA"},"content":{"rendered":"<p>Il tagliasiepi STIGA SHT 900 AE \u00e8 dotato di un motore a batteria di nuova generazione che ti permette di lavorare con la massima libert\u00e0 e comodit\u00e0, assicurandoti basse vibrazioni e minore manutenzione, oltre che silenziosit\u00e0 e zero emissioni. La lama da 65 cm a forma di laser, la doppia azione e il manico girevole assicurano un taglio perfetto. L'impugnatura girevole a 180\u00b0 pu\u00f2 essere regolata in 5 diverse posizioni per eseguire tagli verticali, orizzontali o laterali, consentendo all'utente di mantenere una posizione naturale della mano e del polso. Il tastierino intuitivo semplifica il funzionamento.     <strong>Quando si acquista la macchina, \u00e8 necessario acquistare il portabatterie SBH 900 AE, la batteria corrispondente (2x) e il caricabatterie!<\/strong>  Ricambi e assistenza post-vendita garantiti. Garanzia: 2 anni.<\/p>\n<p>Tipo di motore: elettrico (batteria) 4.0 Ah<br \/>\nPotenza: 500 W<br \/>\nBatteria: Li-ion 48V 4.0 Ah (non inclusa)<br \/>\nLarghezza di lavoro: 60 cm<br \/>\nTipo di lama: Doppia, lavorata al laser<br \/>\nLunghezza lama: 65 cm<br \/>\nSpessore di taglio: 33 mm<br \/>\nRumorosit\u00e0: 92 dB<br \/>\nImpugnatura: comoda e regolabile<br \/>\nCaricabatteria: no<br \/>\nPeso: 3,7 KG senza batteria<\/p>\n","protected":false},"excerpt":{"rendered":"<p>Il tagliasiepi STIGA SHT 900 AE \u00e8 dotato di un motore a batteria di nuova generazione che ti permette di lavorare con la massima libert\u00e0 e comodit\u00e0, assicurandoti basse vibrazioni e minore manutenzione, oltre che silenziosit\u00e0 e zero emissioni. La lama da 65 cm a forma di laser, la doppia azione e il manico girevole [&hellip;]<\/p>\n","protected":false},"featured_media":1286,"comment_status":"open","ping_status":"closed","template":"","meta":{"_acf_changed":false},"pwb-brand":[286],"product_brand":[],"product_cat":[242],"product_tag":[],"class_list":{"0":"post-3975","1":"product","2":"type-product","3":"status-publish","4":"has-post-thumbnail","6":"pwb-brand-stiga-it","7":"product_cat-tagliasiepi","8":"pa_motor-batteria-elettrica","10":"first","11":"instock","12":"sale","13":"shipping-taxable","14":"purchasable","15":"product-type-simple"},"acf":[],"yoast_head":"<!-- This site is optimized with the Yoast SEO plugin v27.3 - https:\/\/yoast.com\/product\/yoast-seo-wordpress\/ -->\n<title>STIGA SHT 900 AE 48V 60CM TAGLIASIEPI A BATTERIA - Trgovina in servis Antler, Solkan pri Novi Gorici<\/title>\n<meta name=\"robots\" content=\"index, follow, max-snippet:-1, max-image-preview:large, max-video-preview:-1\" \/>\n<link rel=\"canonical\" href=\"https:\/\/antler.si\/it\/prodotto\/stiga-sht-900-ae-48v-60cm-tagliasiepi-a-batteria\/\" \/>\n<meta property=\"og:locale\" content=\"it_IT\" \/>\n<meta property=\"og:type\" content=\"article\" \/>\n<meta property=\"og:title\" content=\"STIGA SHT 900 AE 48V 60CM TAGLIASIEPI A BATTERIA - Trgovina in servis Antler, Solkan pri Novi Gorici\" \/>\n<meta property=\"og:description\" content=\"Il tagliasiepi STIGA SHT 900 AE \u00e8 dotato di un motore a batteria di nuova generazione che ti permette di lavorare con la massima libert\u00e0 e comodit\u00e0, assicurandoti basse vibrazioni e minore manutenzione, oltre che silenziosit\u00e0 e zero emissioni. La lama da 65 cm a forma di laser, la doppia azione e il manico girevole [&hellip;]\" \/>\n<meta property=\"og:url\" content=\"https:\/\/antler.si\/it\/prodotto\/stiga-sht-900-ae-48v-60cm-tagliasiepi-a-batteria\/\" \/>\n<meta property=\"og:site_name\" content=\"Trgovina in servis Antler, Solkan pri Novi Gorici\" \/>\n<meta property=\"article:publisher\" content=\"https:\/\/www.facebook.com\/profile.php?id=100063136754534\" \/>\n<meta property=\"og:image\" content=\"https:\/\/antler.si\/wp-content\/uploads\/2023\/01\/accf649670dfe8c12a64a32c026be0b75c55dce9_HT900e_279350008ST2_full05-compress-compress.webp\" \/>\n\t<meta property=\"og:image:width\" content=\"720\" \/>\n\t<meta property=\"og:image:height\" content=\"720\" \/>\n\t<meta property=\"og:image:type\" content=\"image\/webp\" \/>\n<meta name=\"twitter:card\" content=\"summary_large_image\" \/>\n<meta name=\"twitter:label1\" content=\"Tempo di lettura stimato\" \/>\n\t<meta name=\"twitter:data1\" content=\"1 minuto\" \/>\n<script type=\"application\/ld+json\" class=\"yoast-schema-graph\">{\"@context\":\"https:\\\/\\\/schema.org\",\"@graph\":[{\"@type\":\"WebPage\",\"@id\":\"https:\\\/\\\/antler.si\\\/it\\\/prodotto\\\/stiga-sht-900-ae-48v-60cm-tagliasiepi-a-batteria\\\/\",\"url\":\"https:\\\/\\\/antler.si\\\/it\\\/prodotto\\\/stiga-sht-900-ae-48v-60cm-tagliasiepi-a-batteria\\\/\",\"name\":\"STIGA SHT 900 AE 48V 60CM TAGLIASIEPI A BATTERIA - Trgovina in servis Antler, Solkan pri Novi Gorici\",\"isPartOf\":{\"@id\":\"https:\\\/\\\/antler.si\\\/it\\\/#website\"},\"primaryImageOfPage\":{\"@id\":\"https:\\\/\\\/antler.si\\\/it\\\/prodotto\\\/stiga-sht-900-ae-48v-60cm-tagliasiepi-a-batteria\\\/#primaryimage\"},\"image\":{\"@id\":\"https:\\\/\\\/antler.si\\\/it\\\/prodotto\\\/stiga-sht-900-ae-48v-60cm-tagliasiepi-a-batteria\\\/#primaryimage\"},\"thumbnailUrl\":\"https:\\\/\\\/antler.si\\\/wp-content\\\/uploads\\\/2023\\\/01\\\/accf649670dfe8c12a64a32c026be0b75c55dce9_HT900e_279350008ST2_full05-compress-compress.webp\",\"datePublished\":\"2023-01-19T10:05:27+00:00\",\"breadcrumb\":{\"@id\":\"https:\\\/\\\/antler.si\\\/it\\\/prodotto\\\/stiga-sht-900-ae-48v-60cm-tagliasiepi-a-batteria\\\/#breadcrumb\"},\"inLanguage\":\"it-IT\",\"potentialAction\":[{\"@type\":\"ReadAction\",\"target\":[\"https:\\\/\\\/antler.si\\\/it\\\/prodotto\\\/stiga-sht-900-ae-48v-60cm-tagliasiepi-a-batteria\\\/\"]}]},{\"@type\":\"ImageObject\",\"inLanguage\":\"it-IT\",\"@id\":\"https:\\\/\\\/antler.si\\\/it\\\/prodotto\\\/stiga-sht-900-ae-48v-60cm-tagliasiepi-a-batteria\\\/#primaryimage\",\"url\":\"https:\\\/\\\/antler.si\\\/wp-content\\\/uploads\\\/2023\\\/01\\\/accf649670dfe8c12a64a32c026be0b75c55dce9_HT900e_279350008ST2_full05-compress-compress.webp\",\"contentUrl\":\"https:\\\/\\\/antler.si\\\/wp-content\\\/uploads\\\/2023\\\/01\\\/accf649670dfe8c12a64a32c026be0b75c55dce9_HT900e_279350008ST2_full05-compress-compress.webp\",\"width\":720,\"height\":720},{\"@type\":\"BreadcrumbList\",\"@id\":\"https:\\\/\\\/antler.si\\\/it\\\/prodotto\\\/stiga-sht-900-ae-48v-60cm-tagliasiepi-a-batteria\\\/#breadcrumb\",\"itemListElement\":[{\"@type\":\"ListItem\",\"position\":1,\"name\":\"Home\",\"item\":\"https:\\\/\\\/antler.si\\\/it\\\/\"},{\"@type\":\"ListItem\",\"position\":2,\"name\":\"Trgovina\",\"item\":\"https:\\\/\\\/antler.si\\\/?page_id=37\"},{\"@type\":\"ListItem\",\"position\":3,\"name\":\"STIGA SHT 900 AE 48V 60CM TAGLIASIEPI A BATTERIA\"}]},{\"@type\":\"WebSite\",\"@id\":\"https:\\\/\\\/antler.si\\\/it\\\/#website\",\"url\":\"https:\\\/\\\/antler.si\\\/it\\\/\",\"name\":\"Trgovina in servis Antler, Solkan pri Novi Gorici\",\"description\":\"www.antler.si\",\"publisher\":{\"@id\":\"https:\\\/\\\/antler.si\\\/it\\\/#organization\"},\"potentialAction\":[{\"@type\":\"SearchAction\",\"target\":{\"@type\":\"EntryPoint\",\"urlTemplate\":\"https:\\\/\\\/antler.si\\\/it\\\/?s={search_term_string}\"},\"query-input\":{\"@type\":\"PropertyValueSpecification\",\"valueRequired\":true,\"valueName\":\"search_term_string\"}}],\"inLanguage\":\"it-IT\"},{\"@type\":\"Organization\",\"@id\":\"https:\\\/\\\/antler.si\\\/it\\\/#organization\",\"name\":\"Trgovina in servis Antler, Solkan pri Novi Gorici\",\"url\":\"https:\\\/\\\/antler.si\\\/it\\\/\",\"logo\":{\"@type\":\"ImageObject\",\"inLanguage\":\"it-IT\",\"@id\":\"https:\\\/\\\/antler.si\\\/it\\\/#\\\/schema\\\/logo\\\/image\\\/\",\"url\":\"https:\\\/\\\/antler.si\\\/wp-content\\\/uploads\\\/2022\\\/11\\\/logo.png\",\"contentUrl\":\"https:\\\/\\\/antler.si\\\/wp-content\\\/uploads\\\/2022\\\/11\\\/logo.png\",\"width\":399,\"height\":115,\"caption\":\"Trgovina in servis Antler, Solkan pri Novi Gorici\"},\"image\":{\"@id\":\"https:\\\/\\\/antler.si\\\/it\\\/#\\\/schema\\\/logo\\\/image\\\/\"},\"sameAs\":[\"https:\\\/\\\/www.facebook.com\\\/profile.php?id=100063136754534\",\"https:\\\/\\\/www.instagram.com\\\/antlerservistrgovina\\\/\"]}]}<\/script>\n<!-- \/ Yoast SEO plugin. -->","yoast_head_json":{"title":"STIGA SHT 900 AE 48V 60CM TAGLIASIEPI A BATTERIA - Trgovina in servis Antler, Solkan pri Novi Gorici","robots":{"index":"index","follow":"follow","max-snippet":"max-snippet:-1","max-image-preview":"max-image-preview:large","max-video-preview":"max-video-preview:-1"},"canonical":"https:\/\/antler.si\/it\/prodotto\/stiga-sht-900-ae-48v-60cm-tagliasiepi-a-batteria\/","og_locale":"it_IT","og_type":"article","og_title":"STIGA SHT 900 AE 48V 60CM TAGLIASIEPI A BATTERIA - Trgovina in servis Antler, Solkan pri Novi Gorici","og_description":"Il tagliasiepi STIGA SHT 900 AE \u00e8 dotato di un motore a batteria di nuova generazione che ti permette di lavorare con la massima libert\u00e0 e comodit\u00e0, assicurandoti basse vibrazioni e minore manutenzione, oltre che silenziosit\u00e0 e zero emissioni. La lama da 65 cm a forma di laser, la doppia azione e il manico girevole [&hellip;]","og_url":"https:\/\/antler.si\/it\/prodotto\/stiga-sht-900-ae-48v-60cm-tagliasiepi-a-batteria\/","og_site_name":"Trgovina in servis Antler, Solkan pri Novi Gorici","article_publisher":"https:\/\/www.facebook.com\/profile.php?id=100063136754534","og_image":[{"width":720,"height":720,"url":"https:\/\/antler.si\/wp-content\/uploads\/2023\/01\/accf649670dfe8c12a64a32c026be0b75c55dce9_HT900e_279350008ST2_full05-compress-compress.webp","type":"image\/webp"}],"twitter_card":"summary_large_image","twitter_misc":{"Tempo di lettura stimato":"1 minuto"},"schema":{"@context":"https:\/\/schema.org","@graph":[{"@type":"WebPage","@id":"https:\/\/antler.si\/it\/prodotto\/stiga-sht-900-ae-48v-60cm-tagliasiepi-a-batteria\/","url":"https:\/\/antler.si\/it\/prodotto\/stiga-sht-900-ae-48v-60cm-tagliasiepi-a-batteria\/","name":"STIGA SHT 900 AE 48V 60CM TAGLIASIEPI A BATTERIA - Trgovina in servis Antler, Solkan pri Novi Gorici","isPartOf":{"@id":"https:\/\/antler.si\/it\/#website"},"primaryImageOfPage":{"@id":"https:\/\/antler.si\/it\/prodotto\/stiga-sht-900-ae-48v-60cm-tagliasiepi-a-batteria\/#primaryimage"},"image":{"@id":"https:\/\/antler.si\/it\/prodotto\/stiga-sht-900-ae-48v-60cm-tagliasiepi-a-batteria\/#primaryimage"},"thumbnailUrl":"https:\/\/antler.si\/wp-content\/uploads\/2023\/01\/accf649670dfe8c12a64a32c026be0b75c55dce9_HT900e_279350008ST2_full05-compress-compress.webp","datePublished":"2023-01-19T10:05:27+00:00","breadcrumb":{"@id":"https:\/\/antler.si\/it\/prodotto\/stiga-sht-900-ae-48v-60cm-tagliasiepi-a-batteria\/#breadcrumb"},"inLanguage":"it-IT","potentialAction":[{"@type":"ReadAction","target":["https:\/\/antler.si\/it\/prodotto\/stiga-sht-900-ae-48v-60cm-tagliasiepi-a-batteria\/"]}]},{"@type":"ImageObject","inLanguage":"it-IT","@id":"https:\/\/antler.si\/it\/prodotto\/stiga-sht-900-ae-48v-60cm-tagliasiepi-a-batteria\/#primaryimage","url":"https:\/\/antler.si\/wp-content\/uploads\/2023\/01\/accf649670dfe8c12a64a32c026be0b75c55dce9_HT900e_279350008ST2_full05-compress-compress.webp","contentUrl":"https:\/\/antler.si\/wp-content\/uploads\/2023\/01\/accf649670dfe8c12a64a32c026be0b75c55dce9_HT900e_279350008ST2_full05-compress-compress.webp","width":720,"height":720},{"@type":"BreadcrumbList","@id":"https:\/\/antler.si\/it\/prodotto\/stiga-sht-900-ae-48v-60cm-tagliasiepi-a-batteria\/#breadcrumb","itemListElement":[{"@type":"ListItem","position":1,"name":"Home","item":"https:\/\/antler.si\/it\/"},{"@type":"ListItem","position":2,"name":"Trgovina","item":"https:\/\/antler.si\/?page_id=37"},{"@type":"ListItem","position":3,"name":"STIGA SHT 900 AE 48V 60CM TAGLIASIEPI A BATTERIA"}]},{"@type":"WebSite","@id":"https:\/\/antler.si\/it\/#website","url":"https:\/\/antler.si\/it\/","name":"Trgovina in servis Antler, Solkan pri Novi Gorici","description":"www.antler.si","publisher":{"@id":"https:\/\/antler.si\/it\/#organization"},"potentialAction":[{"@type":"SearchAction","target":{"@type":"EntryPoint","urlTemplate":"https:\/\/antler.si\/it\/?s={search_term_string}"},"query-input":{"@type":"PropertyValueSpecification","valueRequired":true,"valueName":"search_term_string"}}],"inLanguage":"it-IT"},{"@type":"Organization","@id":"https:\/\/antler.si\/it\/#organization","name":"Trgovina in servis Antler, Solkan pri Novi Gorici","url":"https:\/\/antler.si\/it\/","logo":{"@type":"ImageObject","inLanguage":"it-IT","@id":"https:\/\/antler.si\/it\/#\/schema\/logo\/image\/","url":"https:\/\/antler.si\/wp-content\/uploads\/2022\/11\/logo.png","contentUrl":"https:\/\/antler.si\/wp-content\/uploads\/2022\/11\/logo.png","width":399,"height":115,"caption":"Trgovina in servis Antler, Solkan pri Novi Gorici"},"image":{"@id":"https:\/\/antler.si\/it\/#\/schema\/logo\/image\/"},"sameAs":["https:\/\/www.facebook.com\/profile.php?id=100063136754534","https:\/\/www.instagram.com\/antlerservistrgovina\/"]}]}},"brands":[{"id":286,"name":"Stiga","slug":"stiga-it"}],"_links":{"self":[{"href":"https:\/\/antler.si\/it\/wp-json\/wp\/v2\/product\/3975","targetHints":{"allow":["GET"]}}],"collection":[{"href":"https:\/\/antler.si\/it\/wp-json\/wp\/v2\/product"}],"about":[{"href":"https:\/\/antler.si\/it\/wp-json\/wp\/v2\/types\/product"}],"replies":[{"embeddable":true,"href":"https:\/\/antler.si\/it\/wp-json\/wp\/v2\/comments?post=3975"}],"wp:featuredmedia":[{"embeddable":true,"href":"https:\/\/antler.si\/it\/wp-json\/wp\/v2\/media\/1286"}],"wp:attachment":[{"href":"https:\/\/antler.si\/it\/wp-json\/wp\/v2\/media?parent=3975"}],"wp:term":[{"taxonomy":"pwb-brand","embeddable":true,"href":"https:\/\/antler.si\/it\/wp-json\/wp\/v2\/pwb-brand?post=3975"},{"taxonomy":"product_brand","embeddable":true,"href":"https:\/\/antler.si\/it\/wp-json\/wp\/v2\/product_brand?post=3975"},{"taxonomy":"product_cat","embeddable":true,"href":"https:\/\/antler.si\/it\/wp-json\/wp\/v2\/product_cat?post=3975"},{"taxonomy":"product_tag","embeddable":true,"href":"https:\/\/antler.si\/it\/wp-json\/wp\/v2\/product_tag?post=3975"}],"curies":[{"name":"wp","href":"https:\/\/api.w.org\/{rel}","templated":true}]}}