{"id":4054,"date":"2023-01-16T14:22:28","date_gmt":"2023-01-16T14:22:28","guid":{"rendered":"https:\/\/antler.si\/izdelek\/rider-stiga-park-500-2wd\/"},"modified":"2023-01-16T14:22:28","modified_gmt":"2023-01-16T14:22:28","slug":"rider-stiga-park-500-2wd","status":"publish","type":"product","link":"https:\/\/antler.si\/it\/prodotto\/rider-stiga-park-500-2wd\/","title":{"rendered":"RIDER STIGA PARK 500 2WD"},"content":{"rendered":"<p>Il nostro modello base di tosaerba frontale \u00e8 equipaggiato con il nuovo STIGA ST 450, 8,1 kW netti, a trazione idrostatica, con controllo completo della velocit\u00e0 in avanti e indietro. Il Park 320 P ha uno sterzo articolato 50:50, con le ruote posteriori che seguono lo stesso percorso di quelle anteriori.  Con la parte posteriore della macchina che segue perfettamente quella anteriore, l'utente pu\u00f2 concentrarsi solo sull'area da falciare, senza doversi preoccupare di eventuali danni involontari provenienti dalla parte posteriore. Dotato di una comoda seduta con drenaggio e schienale alto. Si consiglia di scegliere e acquistare un tosaerba da 95 cm con due lame sincronizzate e punte facilmente intercambiabili. \u00c8 inoltre possibile scegliere il tosaerba Profi da 100 cm, che ha tre lame ed \u00e8 estremamente robusto ed efficiente.  L'unit\u00e0 di taglio consente la regolazione elettrica dell'altezza. Ricambi e assistenza post-vendita garantiti. Garanzia: 2 anni.<\/p>\n<p>Utente: EXPERIENCE = ESPERTO<br \/>\nTipo di motore: STIGA ST 450<br \/>\nParte. 432 cc\/8,1 kW<br \/>\nCapacit\u00e0 serbatoio: 12 litri<br \/>\nCarburante: EuroSuper 95<br \/>\nTrasmissione: idrostatica a 2 ruote motrici<br \/>\nSterzo: articolato brevettato, idro servo<br \/>\nRegolazione altezza di taglio: elettrica<br \/>\nRegolazione altezza di taglio: elettrica Attivazione\/controllo altezza di taglio: frizione elettrica<br \/>\nSedile: regolabile<br \/>\nRuote: 16x7,50-8<br \/>\nPeso: 202 kg<\/p>\n<p>STIGA TOSAERBA PARK 95 COMBI QF COMANDO ELETTRICO (COSTO AGGIUNTIVO!)<\/p>\n","protected":false},"excerpt":{"rendered":"<p>Il nostro modello base di tosaerba frontale \u00e8 equipaggiato con il nuovo STIGA ST 450, 8,1 kW netti, a trazione idrostatica, con controllo completo della velocit\u00e0 in avanti e indietro. Il Park 320 P ha uno sterzo articolato 50:50, con le ruote posteriori che seguono lo stesso percorso di quelle anteriori. Con la parte posteriore [&hellip;]<\/p>\n","protected":false},"featured_media":1011,"comment_status":"open","ping_status":"closed","template":"","meta":{"_acf_changed":false},"pwb-brand":[286],"product_brand":[],"product_cat":[191],"product_tag":[],"class_list":{"0":"post-4054","1":"product","2":"type-product","3":"status-publish","4":"has-post-thumbnail","6":"pwb-brand-stiga-it","7":"product_cat-trattorini-tagliaerba-con-piatto-frontale-rider","8":"pa_menjalnik-idrostato","9":"pa_motor-benzina","10":"pa_nacin-kosnje-pacciamatura","11":"pa_nacin-kosnje-scartare","12":"pa_visina-kosnje-95-cm-it","14":"first","15":"instock","16":"sale","17":"shipping-taxable","18":"purchasable","19":"product-type-simple"},"acf":[],"yoast_head":"<!-- This site is optimized with the Yoast SEO plugin v27.3 - https:\/\/yoast.com\/product\/yoast-seo-wordpress\/ -->\n<title>RIDER STIGA PARK 500 2WD - Trgovina in servis Antler, Solkan pri Novi Gorici<\/title>\n<meta name=\"robots\" content=\"index, follow, max-snippet:-1, max-image-preview:large, max-video-preview:-1\" \/>\n<link rel=\"canonical\" href=\"https:\/\/antler.si\/it\/prodotto\/rider-stiga-park-500-2wd\/\" \/>\n<meta property=\"og:locale\" content=\"it_IT\" \/>\n<meta property=\"og:type\" content=\"article\" \/>\n<meta property=\"og:title\" content=\"RIDER STIGA PARK 500 2WD - Trgovina in servis Antler, Solkan pri Novi Gorici\" \/>\n<meta property=\"og:description\" content=\"Il nostro modello base di tosaerba frontale \u00e8 equipaggiato con il nuovo STIGA ST 450, 8,1 kW netti, a trazione idrostatica, con controllo completo della velocit\u00e0 in avanti e indietro. Il Park 320 P ha uno sterzo articolato 50:50, con le ruote posteriori che seguono lo stesso percorso di quelle anteriori. Con la parte posteriore [&hellip;]\" \/>\n<meta property=\"og:url\" content=\"https:\/\/antler.si\/it\/prodotto\/rider-stiga-park-500-2wd\/\" \/>\n<meta property=\"og:site_name\" content=\"Trgovina in servis Antler, Solkan pri Novi Gorici\" \/>\n<meta property=\"article:publisher\" content=\"https:\/\/www.facebook.com\/profile.php?id=100063136754534\" \/>\n<meta property=\"og:image\" content=\"https:\/\/antler.si\/wp-content\/uploads\/2023\/01\/PARK500_2F6120545ST2_full01-scaled-compress.jpg\" \/>\n\t<meta property=\"og:image:width\" content=\"720\" \/>\n\t<meta property=\"og:image:height\" content=\"720\" \/>\n\t<meta property=\"og:image:type\" content=\"image\/jpeg\" \/>\n<meta name=\"twitter:card\" content=\"summary_large_image\" \/>\n<meta name=\"twitter:label1\" content=\"Tempo di lettura stimato\" \/>\n\t<meta name=\"twitter:data1\" content=\"1 minuto\" \/>\n<script type=\"application\/ld+json\" class=\"yoast-schema-graph\">{\"@context\":\"https:\\\/\\\/schema.org\",\"@graph\":[{\"@type\":\"WebPage\",\"@id\":\"https:\\\/\\\/antler.si\\\/it\\\/prodotto\\\/rider-stiga-park-500-2wd\\\/\",\"url\":\"https:\\\/\\\/antler.si\\\/it\\\/prodotto\\\/rider-stiga-park-500-2wd\\\/\",\"name\":\"RIDER STIGA PARK 500 2WD - Trgovina in servis Antler, Solkan pri Novi Gorici\",\"isPartOf\":{\"@id\":\"https:\\\/\\\/antler.si\\\/it\\\/#website\"},\"primaryImageOfPage\":{\"@id\":\"https:\\\/\\\/antler.si\\\/it\\\/prodotto\\\/rider-stiga-park-500-2wd\\\/#primaryimage\"},\"image\":{\"@id\":\"https:\\\/\\\/antler.si\\\/it\\\/prodotto\\\/rider-stiga-park-500-2wd\\\/#primaryimage\"},\"thumbnailUrl\":\"https:\\\/\\\/antler.si\\\/wp-content\\\/uploads\\\/2023\\\/01\\\/PARK500_2F6120545ST2_full01-scaled-compress.jpg\",\"datePublished\":\"2023-01-16T14:22:28+00:00\",\"breadcrumb\":{\"@id\":\"https:\\\/\\\/antler.si\\\/it\\\/prodotto\\\/rider-stiga-park-500-2wd\\\/#breadcrumb\"},\"inLanguage\":\"it-IT\",\"potentialAction\":[{\"@type\":\"ReadAction\",\"target\":[\"https:\\\/\\\/antler.si\\\/it\\\/prodotto\\\/rider-stiga-park-500-2wd\\\/\"]}]},{\"@type\":\"ImageObject\",\"inLanguage\":\"it-IT\",\"@id\":\"https:\\\/\\\/antler.si\\\/it\\\/prodotto\\\/rider-stiga-park-500-2wd\\\/#primaryimage\",\"url\":\"https:\\\/\\\/antler.si\\\/wp-content\\\/uploads\\\/2023\\\/01\\\/PARK500_2F6120545ST2_full01-scaled-compress.jpg\",\"contentUrl\":\"https:\\\/\\\/antler.si\\\/wp-content\\\/uploads\\\/2023\\\/01\\\/PARK500_2F6120545ST2_full01-scaled-compress.jpg\",\"width\":720,\"height\":720},{\"@type\":\"BreadcrumbList\",\"@id\":\"https:\\\/\\\/antler.si\\\/it\\\/prodotto\\\/rider-stiga-park-500-2wd\\\/#breadcrumb\",\"itemListElement\":[{\"@type\":\"ListItem\",\"position\":1,\"name\":\"Home\",\"item\":\"https:\\\/\\\/antler.si\\\/it\\\/\"},{\"@type\":\"ListItem\",\"position\":2,\"name\":\"Trgovina\",\"item\":\"https:\\\/\\\/antler.si\\\/?page_id=37\"},{\"@type\":\"ListItem\",\"position\":3,\"name\":\"RIDER STIGA PARK 500 2WD\"}]},{\"@type\":\"WebSite\",\"@id\":\"https:\\\/\\\/antler.si\\\/it\\\/#website\",\"url\":\"https:\\\/\\\/antler.si\\\/it\\\/\",\"name\":\"Trgovina in servis Antler, Solkan pri Novi Gorici\",\"description\":\"www.antler.si\",\"publisher\":{\"@id\":\"https:\\\/\\\/antler.si\\\/it\\\/#organization\"},\"potentialAction\":[{\"@type\":\"SearchAction\",\"target\":{\"@type\":\"EntryPoint\",\"urlTemplate\":\"https:\\\/\\\/antler.si\\\/it\\\/?s={search_term_string}\"},\"query-input\":{\"@type\":\"PropertyValueSpecification\",\"valueRequired\":true,\"valueName\":\"search_term_string\"}}],\"inLanguage\":\"it-IT\"},{\"@type\":\"Organization\",\"@id\":\"https:\\\/\\\/antler.si\\\/it\\\/#organization\",\"name\":\"Trgovina in servis Antler, Solkan pri Novi Gorici\",\"url\":\"https:\\\/\\\/antler.si\\\/it\\\/\",\"logo\":{\"@type\":\"ImageObject\",\"inLanguage\":\"it-IT\",\"@id\":\"https:\\\/\\\/antler.si\\\/it\\\/#\\\/schema\\\/logo\\\/image\\\/\",\"url\":\"https:\\\/\\\/antler.si\\\/wp-content\\\/uploads\\\/2022\\\/11\\\/logo.png\",\"contentUrl\":\"https:\\\/\\\/antler.si\\\/wp-content\\\/uploads\\\/2022\\\/11\\\/logo.png\",\"width\":399,\"height\":115,\"caption\":\"Trgovina in servis Antler, Solkan pri Novi Gorici\"},\"image\":{\"@id\":\"https:\\\/\\\/antler.si\\\/it\\\/#\\\/schema\\\/logo\\\/image\\\/\"},\"sameAs\":[\"https:\\\/\\\/www.facebook.com\\\/profile.php?id=100063136754534\",\"https:\\\/\\\/www.instagram.com\\\/antlerservistrgovina\\\/\"]}]}<\/script>\n<!-- \/ Yoast SEO plugin. -->","yoast_head_json":{"title":"RIDER STIGA PARK 500 2WD - Trgovina in servis Antler, Solkan pri Novi Gorici","robots":{"index":"index","follow":"follow","max-snippet":"max-snippet:-1","max-image-preview":"max-image-preview:large","max-video-preview":"max-video-preview:-1"},"canonical":"https:\/\/antler.si\/it\/prodotto\/rider-stiga-park-500-2wd\/","og_locale":"it_IT","og_type":"article","og_title":"RIDER STIGA PARK 500 2WD - Trgovina in servis Antler, Solkan pri Novi Gorici","og_description":"Il nostro modello base di tosaerba frontale \u00e8 equipaggiato con il nuovo STIGA ST 450, 8,1 kW netti, a trazione idrostatica, con controllo completo della velocit\u00e0 in avanti e indietro. Il Park 320 P ha uno sterzo articolato 50:50, con le ruote posteriori che seguono lo stesso percorso di quelle anteriori. Con la parte posteriore [&hellip;]","og_url":"https:\/\/antler.si\/it\/prodotto\/rider-stiga-park-500-2wd\/","og_site_name":"Trgovina in servis Antler, Solkan pri Novi Gorici","article_publisher":"https:\/\/www.facebook.com\/profile.php?id=100063136754534","og_image":[{"width":720,"height":720,"url":"https:\/\/antler.si\/wp-content\/uploads\/2023\/01\/PARK500_2F6120545ST2_full01-scaled-compress.jpg","type":"image\/jpeg"}],"twitter_card":"summary_large_image","twitter_misc":{"Tempo di lettura stimato":"1 minuto"},"schema":{"@context":"https:\/\/schema.org","@graph":[{"@type":"WebPage","@id":"https:\/\/antler.si\/it\/prodotto\/rider-stiga-park-500-2wd\/","url":"https:\/\/antler.si\/it\/prodotto\/rider-stiga-park-500-2wd\/","name":"RIDER STIGA PARK 500 2WD - Trgovina in servis Antler, Solkan pri Novi Gorici","isPartOf":{"@id":"https:\/\/antler.si\/it\/#website"},"primaryImageOfPage":{"@id":"https:\/\/antler.si\/it\/prodotto\/rider-stiga-park-500-2wd\/#primaryimage"},"image":{"@id":"https:\/\/antler.si\/it\/prodotto\/rider-stiga-park-500-2wd\/#primaryimage"},"thumbnailUrl":"https:\/\/antler.si\/wp-content\/uploads\/2023\/01\/PARK500_2F6120545ST2_full01-scaled-compress.jpg","datePublished":"2023-01-16T14:22:28+00:00","breadcrumb":{"@id":"https:\/\/antler.si\/it\/prodotto\/rider-stiga-park-500-2wd\/#breadcrumb"},"inLanguage":"it-IT","potentialAction":[{"@type":"ReadAction","target":["https:\/\/antler.si\/it\/prodotto\/rider-stiga-park-500-2wd\/"]}]},{"@type":"ImageObject","inLanguage":"it-IT","@id":"https:\/\/antler.si\/it\/prodotto\/rider-stiga-park-500-2wd\/#primaryimage","url":"https:\/\/antler.si\/wp-content\/uploads\/2023\/01\/PARK500_2F6120545ST2_full01-scaled-compress.jpg","contentUrl":"https:\/\/antler.si\/wp-content\/uploads\/2023\/01\/PARK500_2F6120545ST2_full01-scaled-compress.jpg","width":720,"height":720},{"@type":"BreadcrumbList","@id":"https:\/\/antler.si\/it\/prodotto\/rider-stiga-park-500-2wd\/#breadcrumb","itemListElement":[{"@type":"ListItem","position":1,"name":"Home","item":"https:\/\/antler.si\/it\/"},{"@type":"ListItem","position":2,"name":"Trgovina","item":"https:\/\/antler.si\/?page_id=37"},{"@type":"ListItem","position":3,"name":"RIDER STIGA PARK 500 2WD"}]},{"@type":"WebSite","@id":"https:\/\/antler.si\/it\/#website","url":"https:\/\/antler.si\/it\/","name":"Trgovina in servis Antler, Solkan pri Novi Gorici","description":"www.antler.si","publisher":{"@id":"https:\/\/antler.si\/it\/#organization"},"potentialAction":[{"@type":"SearchAction","target":{"@type":"EntryPoint","urlTemplate":"https:\/\/antler.si\/it\/?s={search_term_string}"},"query-input":{"@type":"PropertyValueSpecification","valueRequired":true,"valueName":"search_term_string"}}],"inLanguage":"it-IT"},{"@type":"Organization","@id":"https:\/\/antler.si\/it\/#organization","name":"Trgovina in servis Antler, Solkan pri Novi Gorici","url":"https:\/\/antler.si\/it\/","logo":{"@type":"ImageObject","inLanguage":"it-IT","@id":"https:\/\/antler.si\/it\/#\/schema\/logo\/image\/","url":"https:\/\/antler.si\/wp-content\/uploads\/2022\/11\/logo.png","contentUrl":"https:\/\/antler.si\/wp-content\/uploads\/2022\/11\/logo.png","width":399,"height":115,"caption":"Trgovina in servis Antler, Solkan pri Novi Gorici"},"image":{"@id":"https:\/\/antler.si\/it\/#\/schema\/logo\/image\/"},"sameAs":["https:\/\/www.facebook.com\/profile.php?id=100063136754534","https:\/\/www.instagram.com\/antlerservistrgovina\/"]}]}},"brands":[{"id":286,"name":"Stiga","slug":"stiga-it"}],"_links":{"self":[{"href":"https:\/\/antler.si\/it\/wp-json\/wp\/v2\/product\/4054","targetHints":{"allow":["GET"]}}],"collection":[{"href":"https:\/\/antler.si\/it\/wp-json\/wp\/v2\/product"}],"about":[{"href":"https:\/\/antler.si\/it\/wp-json\/wp\/v2\/types\/product"}],"replies":[{"embeddable":true,"href":"https:\/\/antler.si\/it\/wp-json\/wp\/v2\/comments?post=4054"}],"wp:featuredmedia":[{"embeddable":true,"href":"https:\/\/antler.si\/it\/wp-json\/wp\/v2\/media\/1011"}],"wp:attachment":[{"href":"https:\/\/antler.si\/it\/wp-json\/wp\/v2\/media?parent=4054"}],"wp:term":[{"taxonomy":"pwb-brand","embeddable":true,"href":"https:\/\/antler.si\/it\/wp-json\/wp\/v2\/pwb-brand?post=4054"},{"taxonomy":"product_brand","embeddable":true,"href":"https:\/\/antler.si\/it\/wp-json\/wp\/v2\/product_brand?post=4054"},{"taxonomy":"product_cat","embeddable":true,"href":"https:\/\/antler.si\/it\/wp-json\/wp\/v2\/product_cat?post=4054"},{"taxonomy":"product_tag","embeddable":true,"href":"https:\/\/antler.si\/it\/wp-json\/wp\/v2\/product_tag?post=4054"}],"curies":[{"name":"wp","href":"https:\/\/api.w.org\/{rel}","templated":true}]}}