{"id":4058,"date":"2023-01-16T15:37:24","date_gmt":"2023-01-16T15:37:24","guid":{"rendered":"https:\/\/antler.si\/izdelek\/rider-stiga-park-700wx-v-twin-4wd\/"},"modified":"2023-01-16T15:37:24","modified_gmt":"2023-01-16T15:37:24","slug":"rider-stiga-park-700wx-v-twin-4wd","status":"publish","type":"product","link":"https:\/\/antler.si\/it\/prodotto\/rider-stiga-park-700wx-v-twin-4wd\/","title":{"rendered":"RIDER STIGA PARK 700WX V-TWIN 4WD"},"content":{"rendered":"<p>Un nuovo modello, con un esterno ridisegnato e una maggiore capacit\u00e0. Il PARK 700 WX \u00e8 dotato del pi\u00f9 recente motore STIGA ST600 V-Twin. \u00c8 stato progettato per un uso pi\u00f9 impegnativo durante tutto l'anno. L'utilizzo di accessori rende la macchina universale. L'esclusivo posizionamento delle ruote posteriori, che seguono la carreggiata di quelle anteriori, rende facile la guida. In questo modo si ottiene un'incredibile sensazione di aderenza. La combinazione 4WD permette di fermarsi e ripartire in modo affidabile ovunque, anche nei vialetti innevati. Il sistema RAC \u00e8 incluso in tutti i modelli Park. Ha un'altezza di taglio regolabile elettricamente quando la frizione della trasmissione del tosaerba \u00e8 inserita e una pratica console di comando. \u00c8 estremamente confortevole, grazie al volante regolabile e al sedile regolabile con schienale alto.          Ricambi e assistenza post-vendita garantiti. Garanzia: 2 anni.<\/p>\n<p>Tipo di motore: STIGA ST600 V-TWIN<br \/>\nCodice articolo. 586 cc\/13,1 kW<br \/>\nCapacit\u00e0 serbatoio: 12 litri<br \/>\nCarburante: EuroSuper 95<br \/>\nCambio: 4x4 idrostatico<br \/>\nSterzo: articolato brevettato, servocomando HYDRO<br \/>\nComando falciatura: elettrico\/elettrico<br \/>\nSedile: comfort regolabile<br \/>\nRuote: 16x7,50-8<br \/>\nPeso: 211 kg<\/p>\n<p>RACCOMANDATO STIGA PARK PRO 110 COMBI QF EL.PROFI (COSTO AGGIUNTIVO!)<\/p>\n","protected":false},"excerpt":{"rendered":"<p>Un nuovo modello, con un esterno ridisegnato e una maggiore capacit\u00e0. Il PARK 700 WX \u00e8 dotato del pi\u00f9 recente motore STIGA ST600 V-Twin. \u00c8 stato progettato per un uso pi\u00f9 impegnativo durante tutto l'anno. L'utilizzo di accessori rende la macchina universale. L'esclusivo posizionamento delle ruote posteriori, che seguono la carreggiata di quelle anteriori, rende [&hellip;]<\/p>\n","protected":false},"featured_media":1040,"comment_status":"open","ping_status":"closed","template":"","meta":{"_acf_changed":false},"pwb-brand":[286],"product_brand":[],"product_cat":[191],"product_tag":[],"class_list":{"0":"post-4058","1":"product","2":"type-product","3":"status-publish","4":"has-post-thumbnail","6":"pwb-brand-stiga-it","7":"product_cat-trattorini-tagliaerba-con-piatto-frontale-rider","8":"pa_menjalnik-idrostato","9":"pa_motor-benzina","10":"pa_nacin-kosnje-pacciamatura","11":"pa_nacin-kosnje-scartare","12":"pa_pogon-4x4-it","13":"pa_visina-kosnje-110-cm-it","15":"first","16":"instock","17":"sale","18":"shipping-taxable","19":"purchasable","20":"product-type-simple"},"acf":[],"yoast_head":"<!-- This site is optimized with the Yoast SEO plugin v27.3 - https:\/\/yoast.com\/product\/yoast-seo-wordpress\/ -->\n<title>RIDER STIGA PARK 700WX V-TWIN 4WD - Trgovina in servis Antler, Solkan pri Novi Gorici<\/title>\n<meta name=\"robots\" content=\"index, follow, max-snippet:-1, max-image-preview:large, max-video-preview:-1\" \/>\n<link rel=\"canonical\" href=\"https:\/\/antler.si\/it\/prodotto\/rider-stiga-park-700wx-v-twin-4wd\/\" \/>\n<meta property=\"og:locale\" content=\"it_IT\" \/>\n<meta property=\"og:type\" content=\"article\" \/>\n<meta property=\"og:title\" content=\"RIDER STIGA PARK 700WX V-TWIN 4WD - Trgovina in servis Antler, Solkan pri Novi Gorici\" \/>\n<meta property=\"og:description\" content=\"Un nuovo modello, con un esterno ridisegnato e una maggiore capacit\u00e0. Il PARK 700 WX \u00e8 dotato del pi\u00f9 recente motore STIGA ST600 V-Twin. \u00c8 stato progettato per un uso pi\u00f9 impegnativo durante tutto l&#039;anno. L&#039;utilizzo di accessori rende la macchina universale. L&#039;esclusivo posizionamento delle ruote posteriori, che seguono la carreggiata di quelle anteriori, rende [&hellip;]\" \/>\n<meta property=\"og:url\" content=\"https:\/\/antler.si\/it\/prodotto\/rider-stiga-park-700wx-v-twin-4wd\/\" \/>\n<meta property=\"og:site_name\" content=\"Trgovina in servis Antler, Solkan pri Novi Gorici\" \/>\n<meta property=\"article:publisher\" content=\"https:\/\/www.facebook.com\/profile.php?id=100063136754534\" \/>\n<meta property=\"og:image\" content=\"https:\/\/antler.si\/wp-content\/uploads\/2023\/01\/PARK700WX_2F6230745ST2_full01-scaled-compress.jpg\" \/>\n\t<meta property=\"og:image:width\" content=\"720\" \/>\n\t<meta property=\"og:image:height\" content=\"720\" \/>\n\t<meta property=\"og:image:type\" content=\"image\/jpeg\" \/>\n<meta name=\"twitter:card\" content=\"summary_large_image\" \/>\n<meta name=\"twitter:label1\" content=\"Tempo di lettura stimato\" \/>\n\t<meta name=\"twitter:data1\" content=\"1 minuto\" \/>\n<script type=\"application\/ld+json\" class=\"yoast-schema-graph\">{\"@context\":\"https:\\\/\\\/schema.org\",\"@graph\":[{\"@type\":\"WebPage\",\"@id\":\"https:\\\/\\\/antler.si\\\/it\\\/prodotto\\\/rider-stiga-park-700wx-v-twin-4wd\\\/\",\"url\":\"https:\\\/\\\/antler.si\\\/it\\\/prodotto\\\/rider-stiga-park-700wx-v-twin-4wd\\\/\",\"name\":\"RIDER STIGA PARK 700WX V-TWIN 4WD - Trgovina in servis Antler, Solkan pri Novi Gorici\",\"isPartOf\":{\"@id\":\"https:\\\/\\\/antler.si\\\/it\\\/#website\"},\"primaryImageOfPage\":{\"@id\":\"https:\\\/\\\/antler.si\\\/it\\\/prodotto\\\/rider-stiga-park-700wx-v-twin-4wd\\\/#primaryimage\"},\"image\":{\"@id\":\"https:\\\/\\\/antler.si\\\/it\\\/prodotto\\\/rider-stiga-park-700wx-v-twin-4wd\\\/#primaryimage\"},\"thumbnailUrl\":\"https:\\\/\\\/antler.si\\\/wp-content\\\/uploads\\\/2023\\\/01\\\/PARK700WX_2F6230745ST2_full01-scaled-compress.jpg\",\"datePublished\":\"2023-01-16T15:37:24+00:00\",\"breadcrumb\":{\"@id\":\"https:\\\/\\\/antler.si\\\/it\\\/prodotto\\\/rider-stiga-park-700wx-v-twin-4wd\\\/#breadcrumb\"},\"inLanguage\":\"it-IT\",\"potentialAction\":[{\"@type\":\"ReadAction\",\"target\":[\"https:\\\/\\\/antler.si\\\/it\\\/prodotto\\\/rider-stiga-park-700wx-v-twin-4wd\\\/\"]}]},{\"@type\":\"ImageObject\",\"inLanguage\":\"it-IT\",\"@id\":\"https:\\\/\\\/antler.si\\\/it\\\/prodotto\\\/rider-stiga-park-700wx-v-twin-4wd\\\/#primaryimage\",\"url\":\"https:\\\/\\\/antler.si\\\/wp-content\\\/uploads\\\/2023\\\/01\\\/PARK700WX_2F6230745ST2_full01-scaled-compress.jpg\",\"contentUrl\":\"https:\\\/\\\/antler.si\\\/wp-content\\\/uploads\\\/2023\\\/01\\\/PARK700WX_2F6230745ST2_full01-scaled-compress.jpg\",\"width\":720,\"height\":720},{\"@type\":\"BreadcrumbList\",\"@id\":\"https:\\\/\\\/antler.si\\\/it\\\/prodotto\\\/rider-stiga-park-700wx-v-twin-4wd\\\/#breadcrumb\",\"itemListElement\":[{\"@type\":\"ListItem\",\"position\":1,\"name\":\"Home\",\"item\":\"https:\\\/\\\/antler.si\\\/it\\\/\"},{\"@type\":\"ListItem\",\"position\":2,\"name\":\"Trgovina\",\"item\":\"https:\\\/\\\/antler.si\\\/?page_id=37\"},{\"@type\":\"ListItem\",\"position\":3,\"name\":\"RIDER STIGA PARK 700WX V-TWIN 4WD\"}]},{\"@type\":\"WebSite\",\"@id\":\"https:\\\/\\\/antler.si\\\/it\\\/#website\",\"url\":\"https:\\\/\\\/antler.si\\\/it\\\/\",\"name\":\"Trgovina in servis Antler, Solkan pri Novi Gorici\",\"description\":\"www.antler.si\",\"publisher\":{\"@id\":\"https:\\\/\\\/antler.si\\\/it\\\/#organization\"},\"potentialAction\":[{\"@type\":\"SearchAction\",\"target\":{\"@type\":\"EntryPoint\",\"urlTemplate\":\"https:\\\/\\\/antler.si\\\/it\\\/?s={search_term_string}\"},\"query-input\":{\"@type\":\"PropertyValueSpecification\",\"valueRequired\":true,\"valueName\":\"search_term_string\"}}],\"inLanguage\":\"it-IT\"},{\"@type\":\"Organization\",\"@id\":\"https:\\\/\\\/antler.si\\\/it\\\/#organization\",\"name\":\"Trgovina in servis Antler, Solkan pri Novi Gorici\",\"url\":\"https:\\\/\\\/antler.si\\\/it\\\/\",\"logo\":{\"@type\":\"ImageObject\",\"inLanguage\":\"it-IT\",\"@id\":\"https:\\\/\\\/antler.si\\\/it\\\/#\\\/schema\\\/logo\\\/image\\\/\",\"url\":\"https:\\\/\\\/antler.si\\\/wp-content\\\/uploads\\\/2022\\\/11\\\/logo.png\",\"contentUrl\":\"https:\\\/\\\/antler.si\\\/wp-content\\\/uploads\\\/2022\\\/11\\\/logo.png\",\"width\":399,\"height\":115,\"caption\":\"Trgovina in servis Antler, Solkan pri Novi Gorici\"},\"image\":{\"@id\":\"https:\\\/\\\/antler.si\\\/it\\\/#\\\/schema\\\/logo\\\/image\\\/\"},\"sameAs\":[\"https:\\\/\\\/www.facebook.com\\\/profile.php?id=100063136754534\",\"https:\\\/\\\/www.instagram.com\\\/antlerservistrgovina\\\/\"]}]}<\/script>\n<!-- \/ Yoast SEO plugin. -->","yoast_head_json":{"title":"RIDER STIGA PARK 700WX V-TWIN 4WD - Trgovina in servis Antler, Solkan pri Novi Gorici","robots":{"index":"index","follow":"follow","max-snippet":"max-snippet:-1","max-image-preview":"max-image-preview:large","max-video-preview":"max-video-preview:-1"},"canonical":"https:\/\/antler.si\/it\/prodotto\/rider-stiga-park-700wx-v-twin-4wd\/","og_locale":"it_IT","og_type":"article","og_title":"RIDER STIGA PARK 700WX V-TWIN 4WD - Trgovina in servis Antler, Solkan pri Novi Gorici","og_description":"Un nuovo modello, con un esterno ridisegnato e una maggiore capacit\u00e0. Il PARK 700 WX \u00e8 dotato del pi\u00f9 recente motore STIGA ST600 V-Twin. \u00c8 stato progettato per un uso pi\u00f9 impegnativo durante tutto l'anno. L'utilizzo di accessori rende la macchina universale. L'esclusivo posizionamento delle ruote posteriori, che seguono la carreggiata di quelle anteriori, rende [&hellip;]","og_url":"https:\/\/antler.si\/it\/prodotto\/rider-stiga-park-700wx-v-twin-4wd\/","og_site_name":"Trgovina in servis Antler, Solkan pri Novi Gorici","article_publisher":"https:\/\/www.facebook.com\/profile.php?id=100063136754534","og_image":[{"width":720,"height":720,"url":"https:\/\/antler.si\/wp-content\/uploads\/2023\/01\/PARK700WX_2F6230745ST2_full01-scaled-compress.jpg","type":"image\/jpeg"}],"twitter_card":"summary_large_image","twitter_misc":{"Tempo di lettura stimato":"1 minuto"},"schema":{"@context":"https:\/\/schema.org","@graph":[{"@type":"WebPage","@id":"https:\/\/antler.si\/it\/prodotto\/rider-stiga-park-700wx-v-twin-4wd\/","url":"https:\/\/antler.si\/it\/prodotto\/rider-stiga-park-700wx-v-twin-4wd\/","name":"RIDER STIGA PARK 700WX V-TWIN 4WD - Trgovina in servis Antler, Solkan pri Novi Gorici","isPartOf":{"@id":"https:\/\/antler.si\/it\/#website"},"primaryImageOfPage":{"@id":"https:\/\/antler.si\/it\/prodotto\/rider-stiga-park-700wx-v-twin-4wd\/#primaryimage"},"image":{"@id":"https:\/\/antler.si\/it\/prodotto\/rider-stiga-park-700wx-v-twin-4wd\/#primaryimage"},"thumbnailUrl":"https:\/\/antler.si\/wp-content\/uploads\/2023\/01\/PARK700WX_2F6230745ST2_full01-scaled-compress.jpg","datePublished":"2023-01-16T15:37:24+00:00","breadcrumb":{"@id":"https:\/\/antler.si\/it\/prodotto\/rider-stiga-park-700wx-v-twin-4wd\/#breadcrumb"},"inLanguage":"it-IT","potentialAction":[{"@type":"ReadAction","target":["https:\/\/antler.si\/it\/prodotto\/rider-stiga-park-700wx-v-twin-4wd\/"]}]},{"@type":"ImageObject","inLanguage":"it-IT","@id":"https:\/\/antler.si\/it\/prodotto\/rider-stiga-park-700wx-v-twin-4wd\/#primaryimage","url":"https:\/\/antler.si\/wp-content\/uploads\/2023\/01\/PARK700WX_2F6230745ST2_full01-scaled-compress.jpg","contentUrl":"https:\/\/antler.si\/wp-content\/uploads\/2023\/01\/PARK700WX_2F6230745ST2_full01-scaled-compress.jpg","width":720,"height":720},{"@type":"BreadcrumbList","@id":"https:\/\/antler.si\/it\/prodotto\/rider-stiga-park-700wx-v-twin-4wd\/#breadcrumb","itemListElement":[{"@type":"ListItem","position":1,"name":"Home","item":"https:\/\/antler.si\/it\/"},{"@type":"ListItem","position":2,"name":"Trgovina","item":"https:\/\/antler.si\/?page_id=37"},{"@type":"ListItem","position":3,"name":"RIDER STIGA PARK 700WX V-TWIN 4WD"}]},{"@type":"WebSite","@id":"https:\/\/antler.si\/it\/#website","url":"https:\/\/antler.si\/it\/","name":"Trgovina in servis Antler, Solkan pri Novi Gorici","description":"www.antler.si","publisher":{"@id":"https:\/\/antler.si\/it\/#organization"},"potentialAction":[{"@type":"SearchAction","target":{"@type":"EntryPoint","urlTemplate":"https:\/\/antler.si\/it\/?s={search_term_string}"},"query-input":{"@type":"PropertyValueSpecification","valueRequired":true,"valueName":"search_term_string"}}],"inLanguage":"it-IT"},{"@type":"Organization","@id":"https:\/\/antler.si\/it\/#organization","name":"Trgovina in servis Antler, Solkan pri Novi Gorici","url":"https:\/\/antler.si\/it\/","logo":{"@type":"ImageObject","inLanguage":"it-IT","@id":"https:\/\/antler.si\/it\/#\/schema\/logo\/image\/","url":"https:\/\/antler.si\/wp-content\/uploads\/2022\/11\/logo.png","contentUrl":"https:\/\/antler.si\/wp-content\/uploads\/2022\/11\/logo.png","width":399,"height":115,"caption":"Trgovina in servis Antler, Solkan pri Novi Gorici"},"image":{"@id":"https:\/\/antler.si\/it\/#\/schema\/logo\/image\/"},"sameAs":["https:\/\/www.facebook.com\/profile.php?id=100063136754534","https:\/\/www.instagram.com\/antlerservistrgovina\/"]}]}},"brands":[{"id":286,"name":"Stiga","slug":"stiga-it"}],"_links":{"self":[{"href":"https:\/\/antler.si\/it\/wp-json\/wp\/v2\/product\/4058","targetHints":{"allow":["GET"]}}],"collection":[{"href":"https:\/\/antler.si\/it\/wp-json\/wp\/v2\/product"}],"about":[{"href":"https:\/\/antler.si\/it\/wp-json\/wp\/v2\/types\/product"}],"replies":[{"embeddable":true,"href":"https:\/\/antler.si\/it\/wp-json\/wp\/v2\/comments?post=4058"}],"wp:featuredmedia":[{"embeddable":true,"href":"https:\/\/antler.si\/it\/wp-json\/wp\/v2\/media\/1040"}],"wp:attachment":[{"href":"https:\/\/antler.si\/it\/wp-json\/wp\/v2\/media?parent=4058"}],"wp:term":[{"taxonomy":"pwb-brand","embeddable":true,"href":"https:\/\/antler.si\/it\/wp-json\/wp\/v2\/pwb-brand?post=4058"},{"taxonomy":"product_brand","embeddable":true,"href":"https:\/\/antler.si\/it\/wp-json\/wp\/v2\/product_brand?post=4058"},{"taxonomy":"product_cat","embeddable":true,"href":"https:\/\/antler.si\/it\/wp-json\/wp\/v2\/product_cat?post=4058"},{"taxonomy":"product_tag","embeddable":true,"href":"https:\/\/antler.si\/it\/wp-json\/wp\/v2\/product_tag?post=4058"}],"curies":[{"name":"wp","href":"https:\/\/api.w.org\/{rel}","templated":true}]}}