{"id":4064,"date":"2023-01-17T16:06:15","date_gmt":"2023-01-17T16:06:15","guid":{"rendered":"https:\/\/antler.si\/izdelek\/stiga-colleziona-fm21-park-utility-rider\/"},"modified":"2023-01-17T16:06:15","modified_gmt":"2023-01-17T16:06:15","slug":"stiga-colleziona-fm21-park-utility-rider","status":"publish","type":"product","link":"https:\/\/antler.si\/it\/prodotto\/stiga-colleziona-fm21-park-utility-rider\/","title":{"rendered":"STIGA COLLEZIONA FM21 PARK UTILITY RIDER"},"content":{"rendered":"<p>Il nostro modello COLLECTING FM 21, un rasaerba municipale con cesto di raccolta integrato, \u00e8 dotato di un eccezionale sistema di sterzo articolato controllato dal volante che offre all'utente il pieno controllo del piatto rasaerba e dello sterzo. L'esclusivo posizionamento delle ruote posteriori dello sterzo consente di sterzare facilmente. Questo d\u00e0 un'incredibile sensazione di connessione. La combinazione di trazione anteriore permette di fermarsi e ripartire ovunque, anche nei vialetti innevati. Un piatto rasaerba largo 112 cm \u00e8 gi\u00e0 incluso nell'offerta. Il top della nostra gamma \u00e8 il prodotto con trazione idraulica, servosterzo e trasmissione idrostatica. Comfort garantito! La potenza \u00e8 fornita dal motore VANGUARD 21 Intek V-Twin, che sviluppa fino a 21 CV. Larghezza del tosaerba: 112 cm, cesto di raccolta integrato con un volume di 280 L. Ricambi e assistenza post-vendita garantiti.         Garanzia: 2 anni.<\/p>\n<p>Utente: EXPERIENCE = ESPERTO<br \/>\nTipo di motore: Briggs&amp;Stratton VANGUARD 21 W-TVIN<br \/>\nParte. 627CCM<br \/>\nCapacit\u00e0 serbatoio: 14 litri<br \/>\nCarburante: EuroSuper 95<br \/>\nCambio: idrostatico<br \/>\nSterzo: articolato brevettato<br \/>\nComando dello sfalcio: frizione elettromagnetica<br \/>\nSedile: comfort regolabile<br \/>\nRuote: 16x7.50-8 \/ 13x6.00-8<\/p>\n<p>&nbsp;<\/p>\n","protected":false},"excerpt":{"rendered":"<p>Il nostro modello COLLECTING FM 21, un rasaerba municipale con cesto di raccolta integrato, \u00e8 dotato di un eccezionale sistema di sterzo articolato controllato dal volante che offre all'utente il pieno controllo del piatto rasaerba e dello sterzo. L'esclusivo posizionamento delle ruote posteriori dello sterzo consente di sterzare facilmente. Questo d\u00e0 un'incredibile sensazione di connessione. [&hellip;]<\/p>\n","protected":false},"featured_media":1113,"comment_status":"open","ping_status":"closed","template":"","meta":{"_acf_changed":false},"pwb-brand":[286],"product_brand":[],"product_cat":[191,192],"product_tag":[],"class_list":{"0":"post-4064","1":"product","2":"type-product","3":"status-publish","4":"has-post-thumbnail","6":"pwb-brand-stiga-it","7":"product_cat-trattorini-tagliaerba-con-piatto-frontale-rider","8":"product_cat-trattorino-rasaerba-a-raggio-zero-zero-turn","9":"pa_menjalnik-idrostato","10":"pa_motor-benzina","11":"pa_nacin-kosnje-raccolta-nel-cestino","12":"pa_visina-kosnje-110-cm-it","14":"first","15":"instock","16":"sale","17":"shipping-taxable","18":"purchasable","19":"product-type-simple"},"acf":[],"yoast_head":"<!-- This site is optimized with the Yoast SEO plugin v27.3 - https:\/\/yoast.com\/product\/yoast-seo-wordpress\/ -->\n<title>STIGA COLLEZIONA FM21 PARK UTILITY RIDER - Trgovina in servis Antler, Solkan pri Novi Gorici<\/title>\n<meta name=\"robots\" content=\"index, follow, max-snippet:-1, max-image-preview:large, max-video-preview:-1\" \/>\n<link rel=\"canonical\" href=\"https:\/\/antler.si\/it\/prodotto\/stiga-colleziona-fm21-park-utility-rider\/\" \/>\n<meta property=\"og:locale\" content=\"it_IT\" \/>\n<meta property=\"og:type\" content=\"article\" \/>\n<meta property=\"og:title\" content=\"STIGA COLLEZIONA FM21 PARK UTILITY RIDER - Trgovina in servis Antler, Solkan pri Novi Gorici\" \/>\n<meta property=\"og:description\" content=\"Il nostro modello COLLECTING FM 21, un rasaerba municipale con cesto di raccolta integrato, \u00e8 dotato di un eccezionale sistema di sterzo articolato controllato dal volante che offre all&#039;utente il pieno controllo del piatto rasaerba e dello sterzo. L&#039;esclusivo posizionamento delle ruote posteriori dello sterzo consente di sterzare facilmente. Questo d\u00e0 un&#039;incredibile sensazione di connessione. [&hellip;]\" \/>\n<meta property=\"og:url\" content=\"https:\/\/antler.si\/it\/prodotto\/stiga-colleziona-fm21-park-utility-rider\/\" \/>\n<meta property=\"og:site_name\" content=\"Trgovina in servis Antler, Solkan pri Novi Gorici\" \/>\n<meta property=\"article:publisher\" content=\"https:\/\/www.facebook.com\/profile.php?id=100063136754534\" \/>\n<meta property=\"og:image\" content=\"https:\/\/antler.si\/wp-content\/uploads\/2023\/01\/Stiga-Collecting-FM21-compress-compress.jpg\" \/>\n\t<meta property=\"og:image:width\" content=\"720\" \/>\n\t<meta property=\"og:image:height\" content=\"720\" \/>\n\t<meta property=\"og:image:type\" content=\"image\/jpeg\" \/>\n<meta name=\"twitter:card\" content=\"summary_large_image\" \/>\n<meta name=\"twitter:label1\" content=\"Tempo di lettura stimato\" \/>\n\t<meta name=\"twitter:data1\" content=\"1 minuto\" \/>\n<script type=\"application\/ld+json\" class=\"yoast-schema-graph\">{\"@context\":\"https:\\\/\\\/schema.org\",\"@graph\":[{\"@type\":\"WebPage\",\"@id\":\"https:\\\/\\\/antler.si\\\/it\\\/prodotto\\\/stiga-colleziona-fm21-park-utility-rider\\\/\",\"url\":\"https:\\\/\\\/antler.si\\\/it\\\/prodotto\\\/stiga-colleziona-fm21-park-utility-rider\\\/\",\"name\":\"STIGA COLLEZIONA FM21 PARK UTILITY RIDER - Trgovina in servis Antler, Solkan pri Novi Gorici\",\"isPartOf\":{\"@id\":\"https:\\\/\\\/antler.si\\\/it\\\/#website\"},\"primaryImageOfPage\":{\"@id\":\"https:\\\/\\\/antler.si\\\/it\\\/prodotto\\\/stiga-colleziona-fm21-park-utility-rider\\\/#primaryimage\"},\"image\":{\"@id\":\"https:\\\/\\\/antler.si\\\/it\\\/prodotto\\\/stiga-colleziona-fm21-park-utility-rider\\\/#primaryimage\"},\"thumbnailUrl\":\"https:\\\/\\\/antler.si\\\/wp-content\\\/uploads\\\/2023\\\/01\\\/Stiga-Collecting-FM21-compress-compress.jpg\",\"datePublished\":\"2023-01-17T16:06:15+00:00\",\"breadcrumb\":{\"@id\":\"https:\\\/\\\/antler.si\\\/it\\\/prodotto\\\/stiga-colleziona-fm21-park-utility-rider\\\/#breadcrumb\"},\"inLanguage\":\"it-IT\",\"potentialAction\":[{\"@type\":\"ReadAction\",\"target\":[\"https:\\\/\\\/antler.si\\\/it\\\/prodotto\\\/stiga-colleziona-fm21-park-utility-rider\\\/\"]}]},{\"@type\":\"ImageObject\",\"inLanguage\":\"it-IT\",\"@id\":\"https:\\\/\\\/antler.si\\\/it\\\/prodotto\\\/stiga-colleziona-fm21-park-utility-rider\\\/#primaryimage\",\"url\":\"https:\\\/\\\/antler.si\\\/wp-content\\\/uploads\\\/2023\\\/01\\\/Stiga-Collecting-FM21-compress-compress.jpg\",\"contentUrl\":\"https:\\\/\\\/antler.si\\\/wp-content\\\/uploads\\\/2023\\\/01\\\/Stiga-Collecting-FM21-compress-compress.jpg\",\"width\":720,\"height\":720},{\"@type\":\"BreadcrumbList\",\"@id\":\"https:\\\/\\\/antler.si\\\/it\\\/prodotto\\\/stiga-colleziona-fm21-park-utility-rider\\\/#breadcrumb\",\"itemListElement\":[{\"@type\":\"ListItem\",\"position\":1,\"name\":\"Home\",\"item\":\"https:\\\/\\\/antler.si\\\/it\\\/\"},{\"@type\":\"ListItem\",\"position\":2,\"name\":\"Trgovina\",\"item\":\"https:\\\/\\\/antler.si\\\/?page_id=37\"},{\"@type\":\"ListItem\",\"position\":3,\"name\":\"STIGA COLLEZIONA FM21 PARK UTILITY RIDER\"}]},{\"@type\":\"WebSite\",\"@id\":\"https:\\\/\\\/antler.si\\\/it\\\/#website\",\"url\":\"https:\\\/\\\/antler.si\\\/it\\\/\",\"name\":\"Trgovina in servis Antler, Solkan pri Novi Gorici\",\"description\":\"www.antler.si\",\"publisher\":{\"@id\":\"https:\\\/\\\/antler.si\\\/it\\\/#organization\"},\"potentialAction\":[{\"@type\":\"SearchAction\",\"target\":{\"@type\":\"EntryPoint\",\"urlTemplate\":\"https:\\\/\\\/antler.si\\\/it\\\/?s={search_term_string}\"},\"query-input\":{\"@type\":\"PropertyValueSpecification\",\"valueRequired\":true,\"valueName\":\"search_term_string\"}}],\"inLanguage\":\"it-IT\"},{\"@type\":\"Organization\",\"@id\":\"https:\\\/\\\/antler.si\\\/it\\\/#organization\",\"name\":\"Trgovina in servis Antler, Solkan pri Novi Gorici\",\"url\":\"https:\\\/\\\/antler.si\\\/it\\\/\",\"logo\":{\"@type\":\"ImageObject\",\"inLanguage\":\"it-IT\",\"@id\":\"https:\\\/\\\/antler.si\\\/it\\\/#\\\/schema\\\/logo\\\/image\\\/\",\"url\":\"https:\\\/\\\/antler.si\\\/wp-content\\\/uploads\\\/2022\\\/11\\\/logo.png\",\"contentUrl\":\"https:\\\/\\\/antler.si\\\/wp-content\\\/uploads\\\/2022\\\/11\\\/logo.png\",\"width\":399,\"height\":115,\"caption\":\"Trgovina in servis Antler, Solkan pri Novi Gorici\"},\"image\":{\"@id\":\"https:\\\/\\\/antler.si\\\/it\\\/#\\\/schema\\\/logo\\\/image\\\/\"},\"sameAs\":[\"https:\\\/\\\/www.facebook.com\\\/profile.php?id=100063136754534\",\"https:\\\/\\\/www.instagram.com\\\/antlerservistrgovina\\\/\"]}]}<\/script>\n<!-- \/ Yoast SEO plugin. -->","yoast_head_json":{"title":"STIGA COLLEZIONA FM21 PARK UTILITY RIDER - Trgovina in servis Antler, Solkan pri Novi Gorici","robots":{"index":"index","follow":"follow","max-snippet":"max-snippet:-1","max-image-preview":"max-image-preview:large","max-video-preview":"max-video-preview:-1"},"canonical":"https:\/\/antler.si\/it\/prodotto\/stiga-colleziona-fm21-park-utility-rider\/","og_locale":"it_IT","og_type":"article","og_title":"STIGA COLLEZIONA FM21 PARK UTILITY RIDER - Trgovina in servis Antler, Solkan pri Novi Gorici","og_description":"Il nostro modello COLLECTING FM 21, un rasaerba municipale con cesto di raccolta integrato, \u00e8 dotato di un eccezionale sistema di sterzo articolato controllato dal volante che offre all'utente il pieno controllo del piatto rasaerba e dello sterzo. L'esclusivo posizionamento delle ruote posteriori dello sterzo consente di sterzare facilmente. Questo d\u00e0 un'incredibile sensazione di connessione. [&hellip;]","og_url":"https:\/\/antler.si\/it\/prodotto\/stiga-colleziona-fm21-park-utility-rider\/","og_site_name":"Trgovina in servis Antler, Solkan pri Novi Gorici","article_publisher":"https:\/\/www.facebook.com\/profile.php?id=100063136754534","og_image":[{"width":720,"height":720,"url":"https:\/\/antler.si\/wp-content\/uploads\/2023\/01\/Stiga-Collecting-FM21-compress-compress.jpg","type":"image\/jpeg"}],"twitter_card":"summary_large_image","twitter_misc":{"Tempo di lettura stimato":"1 minuto"},"schema":{"@context":"https:\/\/schema.org","@graph":[{"@type":"WebPage","@id":"https:\/\/antler.si\/it\/prodotto\/stiga-colleziona-fm21-park-utility-rider\/","url":"https:\/\/antler.si\/it\/prodotto\/stiga-colleziona-fm21-park-utility-rider\/","name":"STIGA COLLEZIONA FM21 PARK UTILITY RIDER - Trgovina in servis Antler, Solkan pri Novi Gorici","isPartOf":{"@id":"https:\/\/antler.si\/it\/#website"},"primaryImageOfPage":{"@id":"https:\/\/antler.si\/it\/prodotto\/stiga-colleziona-fm21-park-utility-rider\/#primaryimage"},"image":{"@id":"https:\/\/antler.si\/it\/prodotto\/stiga-colleziona-fm21-park-utility-rider\/#primaryimage"},"thumbnailUrl":"https:\/\/antler.si\/wp-content\/uploads\/2023\/01\/Stiga-Collecting-FM21-compress-compress.jpg","datePublished":"2023-01-17T16:06:15+00:00","breadcrumb":{"@id":"https:\/\/antler.si\/it\/prodotto\/stiga-colleziona-fm21-park-utility-rider\/#breadcrumb"},"inLanguage":"it-IT","potentialAction":[{"@type":"ReadAction","target":["https:\/\/antler.si\/it\/prodotto\/stiga-colleziona-fm21-park-utility-rider\/"]}]},{"@type":"ImageObject","inLanguage":"it-IT","@id":"https:\/\/antler.si\/it\/prodotto\/stiga-colleziona-fm21-park-utility-rider\/#primaryimage","url":"https:\/\/antler.si\/wp-content\/uploads\/2023\/01\/Stiga-Collecting-FM21-compress-compress.jpg","contentUrl":"https:\/\/antler.si\/wp-content\/uploads\/2023\/01\/Stiga-Collecting-FM21-compress-compress.jpg","width":720,"height":720},{"@type":"BreadcrumbList","@id":"https:\/\/antler.si\/it\/prodotto\/stiga-colleziona-fm21-park-utility-rider\/#breadcrumb","itemListElement":[{"@type":"ListItem","position":1,"name":"Home","item":"https:\/\/antler.si\/it\/"},{"@type":"ListItem","position":2,"name":"Trgovina","item":"https:\/\/antler.si\/?page_id=37"},{"@type":"ListItem","position":3,"name":"STIGA COLLEZIONA FM21 PARK UTILITY RIDER"}]},{"@type":"WebSite","@id":"https:\/\/antler.si\/it\/#website","url":"https:\/\/antler.si\/it\/","name":"Trgovina in servis Antler, Solkan pri Novi Gorici","description":"www.antler.si","publisher":{"@id":"https:\/\/antler.si\/it\/#organization"},"potentialAction":[{"@type":"SearchAction","target":{"@type":"EntryPoint","urlTemplate":"https:\/\/antler.si\/it\/?s={search_term_string}"},"query-input":{"@type":"PropertyValueSpecification","valueRequired":true,"valueName":"search_term_string"}}],"inLanguage":"it-IT"},{"@type":"Organization","@id":"https:\/\/antler.si\/it\/#organization","name":"Trgovina in servis Antler, Solkan pri Novi Gorici","url":"https:\/\/antler.si\/it\/","logo":{"@type":"ImageObject","inLanguage":"it-IT","@id":"https:\/\/antler.si\/it\/#\/schema\/logo\/image\/","url":"https:\/\/antler.si\/wp-content\/uploads\/2022\/11\/logo.png","contentUrl":"https:\/\/antler.si\/wp-content\/uploads\/2022\/11\/logo.png","width":399,"height":115,"caption":"Trgovina in servis Antler, Solkan pri Novi Gorici"},"image":{"@id":"https:\/\/antler.si\/it\/#\/schema\/logo\/image\/"},"sameAs":["https:\/\/www.facebook.com\/profile.php?id=100063136754534","https:\/\/www.instagram.com\/antlerservistrgovina\/"]}]}},"brands":[{"id":286,"name":"Stiga","slug":"stiga-it"}],"_links":{"self":[{"href":"https:\/\/antler.si\/it\/wp-json\/wp\/v2\/product\/4064","targetHints":{"allow":["GET"]}}],"collection":[{"href":"https:\/\/antler.si\/it\/wp-json\/wp\/v2\/product"}],"about":[{"href":"https:\/\/antler.si\/it\/wp-json\/wp\/v2\/types\/product"}],"replies":[{"embeddable":true,"href":"https:\/\/antler.si\/it\/wp-json\/wp\/v2\/comments?post=4064"}],"wp:featuredmedia":[{"embeddable":true,"href":"https:\/\/antler.si\/it\/wp-json\/wp\/v2\/media\/1113"}],"wp:attachment":[{"href":"https:\/\/antler.si\/it\/wp-json\/wp\/v2\/media?parent=4064"}],"wp:term":[{"taxonomy":"pwb-brand","embeddable":true,"href":"https:\/\/antler.si\/it\/wp-json\/wp\/v2\/pwb-brand?post=4064"},{"taxonomy":"product_brand","embeddable":true,"href":"https:\/\/antler.si\/it\/wp-json\/wp\/v2\/product_brand?post=4064"},{"taxonomy":"product_cat","embeddable":true,"href":"https:\/\/antler.si\/it\/wp-json\/wp\/v2\/product_cat?post=4064"},{"taxonomy":"product_tag","embeddable":true,"href":"https:\/\/antler.si\/it\/wp-json\/wp\/v2\/product_tag?post=4064"}],"curies":[{"name":"wp","href":"https:\/\/api.w.org\/{rel}","templated":true}]}}