{"id":4081,"date":"2023-01-03T09:00:48","date_gmt":"2023-01-03T09:00:48","guid":{"rendered":"https:\/\/antler.si\/izdelek\/trincia-professionale-weibang-velocity-wbbc7623lc-23-pezzi-726ccm-v-twin-arrivo-a-giugno-2025\/"},"modified":"2023-01-03T09:00:48","modified_gmt":"2023-01-03T09:00:48","slug":"trincia-professionale-weibang-velocity-wbbc7623lc-23-pezzi-726ccm-v-twin-arrivo-a-giugno-2025","status":"publish","type":"product","link":"https:\/\/antler.si\/it\/prodotto\/trincia-professionale-weibang-velocity-wbbc7623lc-23-pezzi-726ccm-v-twin-arrivo-a-giugno-2025\/","title":{"rendered":"TRINCIA PROFESSIONALE WEIBANG VELOCITY WBBC7623LC - 23 PEZZI \/ 726CCM V-TWIN (ARRIVO A GIUGNO 2025)"},"content":{"rendered":"<p>Trinciatrice professionale con larghezza di taglio di 76 cm per prati e arbusti. Progettata per resistere nelle condizioni pi\u00f9 difficili durante la rasatura di aree incolte e terreni irregolari. <\/p>\n<ol>\n<li>Le lame resistenti consentono una larghezza di taglio di 76 cm, rendendo pi\u00f9 facile la pulizia di sentieri, prati e aree boschive. L'unit\u00e0 di falciatura \u00e8 progettata per tagliare e sminuzzare la vegetazione per un migliore effetto mulching. \u00c8 dotata di una lama potente e di un mandrino con doppi cuscinetti per proteggere l'albero motore da eventuali danni.  <\/li>\n<li>L'unit\u00e0 di taglio pu\u00f2 essere inclinata fino al 12,5% verso l'alto e al 12,5% verso il basso per adattarsi ai terreni irregolari ed evitare di danneggiare il prato. Inoltre, l'unit\u00e0 \u00e8 rimovibile per facilitare la pulizia e la manutenzione. L'unit\u00e0 di taglio \u00e8 anche dotata di guide scorrevoli regolabili* che consentono di regolare l'altezza di taglio in base alle condizioni del terreno.  <\/li>\n<li data-start=\"33\" data-end=\"317\">Ogni ruota \u00e8 dotata di freni a tamburo indipendenti, sigillati per evitare l'ingresso di sporco e detriti. I freni fanno parte del sistema di servosterzo per facilitare il controllo della macchina e garantire un arresto sicuro. Inoltre, sono dotati di un interruttore per l'attivazione come freni di stazionamento.  <\/li>\n<\/ol>\n<h3 data-start=\"0\" data-end=\"16\">WEIBANG VELOCITY WBBC7623LC - 23KS<\/h3>\n<p data-start=\"17\" data-end=\"478\" data-is-only-node=\"\" data-is-last-node=\"\"><br data-start=\"58\" data-end=\"61\">\u2714 Motore Weibang X700 bicilindrico a V<br data-start=\"108\" data-end=\"111\">\u2714 Lama e mandrino robusti per falciature impegnative<br data-start=\"137\" data-end=\"140\">\u2714 Unit\u00e0 di taglio oscillante per falciature flessibili<br data-start=\"187\" data-end=\"190\">\u2714 Trasmissione professionale per prestazioni affidabili<br data-start=\"234\" data-end=\"237\">\u2714 Servosterzo per un facile utilizzo<br data-start=\"275\" data-end=\"278\">\u2714 Comandi semplici e sicuri<br data-start=\"307\" data-end=\"310\">\u2714 Freni a tamburo indipendenti per un migliore controllo<br data-start=\"354\" data-end=\"357\">\u2714 Ampio serbatoio da 15L per un utilizzo pi\u00f9 prolungato<\/p>\n<p><iframe loading=\"lazy\" title=\"WEIBANG Velocity - Field and Brush Mower - Working Overview\" width=\"500\" height=\"281\" src=\"https:\/\/www.youtube.com\/embed\/T_6Tc9K3UD8?feature=oembed\" frameborder=\"0\" allow=\"accelerometer; autoplay; clipboard-write; encrypted-media; gyroscope; picture-in-picture; web-share\" referrerpolicy=\"strict-origin-when-cross-origin\" allowfullscreen><\/iframe><\/p>\n<p><iframe loading=\"lazy\" title=\"WEIBANG Velocity - Field and Brush Mower - Product Overview\" width=\"500\" height=\"281\" src=\"https:\/\/www.youtube.com\/embed\/l-5adAZzTmo?feature=oembed\" frameborder=\"0\" allow=\"accelerometer; autoplay; clipboard-write; encrypted-media; gyroscope; picture-in-picture; web-share\" referrerpolicy=\"strict-origin-when-cross-origin\" allowfullscreen><\/iframe><\/p>\n","protected":false},"excerpt":{"rendered":"<p>Trinciatrice professionale con larghezza di taglio di 76 cm per prati e arbusti. Progettata per resistere nelle condizioni pi\u00f9 difficili durante la rasatura di aree incolte e terreni irregolari. Le lame resistenti consentono una larghezza di taglio di 76 cm, rendendo pi\u00f9 facile la pulizia di sentieri, prati e aree boschive. L'unit\u00e0 di falciatura \u00e8 [&hellip;]<\/p>\n","protected":false},"featured_media":3778,"comment_status":"open","ping_status":"closed","template":"","meta":{"_acf_changed":false},"pwb-brand":[292],"product_brand":[],"product_cat":[194,180],"product_tag":[],"class_list":{"0":"post-4081","1":"product","2":"type-product","3":"status-publish","4":"has-post-thumbnail","6":"pwb-brand-waibang-weibang-it","7":"product_cat-tagliaerba-rasaerba-per-erba-alta-falciatutto","8":"product_cat-tagliaerba-rasaerba-tosaerba","9":"pa_elektro-zagon-no","10":"pa_kos-no","11":"pa_motor-benzina","12":"pa_mulcenje-si","13":"pa_pogon-si","14":"pa_visina-kosnje-76-cm-it","16":"first","17":"instock","18":"sale","19":"shipping-taxable","20":"purchasable","21":"product-type-simple"},"acf":[],"yoast_head":"<!-- This site is optimized with the Yoast SEO plugin v27.3 - https:\/\/yoast.com\/product\/yoast-seo-wordpress\/ -->\n<title>TRINCIA PROFESSIONALE WEIBANG VELOCITY WBBC7623LC - 23 PEZZI \/ 726CCM V-TWIN (ARRIVO A GIUGNO 2025) - Trgovina in servis Antler, Solkan pri Novi Gorici<\/title>\n<meta name=\"robots\" content=\"index, follow, max-snippet:-1, max-image-preview:large, max-video-preview:-1\" \/>\n<link rel=\"canonical\" href=\"https:\/\/antler.si\/it\/prodotto\/trincia-professionale-weibang-velocity-wbbc7623lc-23-pezzi-726ccm-v-twin-arrivo-a-giugno-2025\/\" \/>\n<meta property=\"og:locale\" content=\"it_IT\" \/>\n<meta property=\"og:type\" content=\"article\" \/>\n<meta property=\"og:title\" content=\"TRINCIA PROFESSIONALE WEIBANG VELOCITY WBBC7623LC - 23 PEZZI \/ 726CCM V-TWIN (ARRIVO A GIUGNO 2025) - Trgovina in servis Antler, Solkan pri Novi Gorici\" \/>\n<meta property=\"og:description\" content=\"Trinciatrice professionale con larghezza di taglio di 76 cm per prati e arbusti. Progettata per resistere nelle condizioni pi\u00f9 difficili durante la rasatura di aree incolte e terreni irregolari. Le lame resistenti consentono una larghezza di taglio di 76 cm, rendendo pi\u00f9 facile la pulizia di sentieri, prati e aree boschive. L&#039;unit\u00e0 di falciatura \u00e8 [&hellip;]\" \/>\n<meta property=\"og:url\" content=\"https:\/\/antler.si\/it\/prodotto\/trincia-professionale-weibang-velocity-wbbc7623lc-23-pezzi-726ccm-v-twin-arrivo-a-giugno-2025\/\" \/>\n<meta property=\"og:site_name\" content=\"Trgovina in servis Antler, Solkan pri Novi Gorici\" \/>\n<meta property=\"article:publisher\" content=\"https:\/\/www.facebook.com\/profile.php?id=100063136754534\" \/>\n<meta property=\"og:image\" content=\"https:\/\/antler.si\/wp-content\/uploads\/2023\/01\/25091711698664905.jpg\" \/>\n\t<meta property=\"og:image:width\" content=\"472\" \/>\n\t<meta property=\"og:image:height\" content=\"500\" \/>\n\t<meta property=\"og:image:type\" content=\"image\/jpeg\" \/>\n<meta name=\"twitter:card\" content=\"summary_large_image\" \/>\n<meta name=\"twitter:label1\" content=\"Tempo di lettura stimato\" \/>\n\t<meta name=\"twitter:data1\" content=\"1 minuto\" \/>\n<script type=\"application\/ld+json\" class=\"yoast-schema-graph\">{\"@context\":\"https:\\\/\\\/schema.org\",\"@graph\":[{\"@type\":\"WebPage\",\"@id\":\"https:\\\/\\\/antler.si\\\/it\\\/prodotto\\\/trincia-professionale-weibang-velocity-wbbc7623lc-23-pezzi-726ccm-v-twin-arrivo-a-giugno-2025\\\/\",\"url\":\"https:\\\/\\\/antler.si\\\/it\\\/prodotto\\\/trincia-professionale-weibang-velocity-wbbc7623lc-23-pezzi-726ccm-v-twin-arrivo-a-giugno-2025\\\/\",\"name\":\"TRINCIA PROFESSIONALE WEIBANG VELOCITY WBBC7623LC - 23 PEZZI \\\/ 726CCM V-TWIN (ARRIVO A GIUGNO 2025) - Trgovina in servis Antler, Solkan pri Novi Gorici\",\"isPartOf\":{\"@id\":\"https:\\\/\\\/antler.si\\\/it\\\/#website\"},\"primaryImageOfPage\":{\"@id\":\"https:\\\/\\\/antler.si\\\/it\\\/prodotto\\\/trincia-professionale-weibang-velocity-wbbc7623lc-23-pezzi-726ccm-v-twin-arrivo-a-giugno-2025\\\/#primaryimage\"},\"image\":{\"@id\":\"https:\\\/\\\/antler.si\\\/it\\\/prodotto\\\/trincia-professionale-weibang-velocity-wbbc7623lc-23-pezzi-726ccm-v-twin-arrivo-a-giugno-2025\\\/#primaryimage\"},\"thumbnailUrl\":\"https:\\\/\\\/antler.si\\\/wp-content\\\/uploads\\\/2023\\\/01\\\/25091711698664905.jpg\",\"datePublished\":\"2023-01-03T09:00:48+00:00\",\"breadcrumb\":{\"@id\":\"https:\\\/\\\/antler.si\\\/it\\\/prodotto\\\/trincia-professionale-weibang-velocity-wbbc7623lc-23-pezzi-726ccm-v-twin-arrivo-a-giugno-2025\\\/#breadcrumb\"},\"inLanguage\":\"it-IT\",\"potentialAction\":[{\"@type\":\"ReadAction\",\"target\":[\"https:\\\/\\\/antler.si\\\/it\\\/prodotto\\\/trincia-professionale-weibang-velocity-wbbc7623lc-23-pezzi-726ccm-v-twin-arrivo-a-giugno-2025\\\/\"]}]},{\"@type\":\"ImageObject\",\"inLanguage\":\"it-IT\",\"@id\":\"https:\\\/\\\/antler.si\\\/it\\\/prodotto\\\/trincia-professionale-weibang-velocity-wbbc7623lc-23-pezzi-726ccm-v-twin-arrivo-a-giugno-2025\\\/#primaryimage\",\"url\":\"https:\\\/\\\/antler.si\\\/wp-content\\\/uploads\\\/2023\\\/01\\\/25091711698664905.jpg\",\"contentUrl\":\"https:\\\/\\\/antler.si\\\/wp-content\\\/uploads\\\/2023\\\/01\\\/25091711698664905.jpg\",\"width\":472,\"height\":500},{\"@type\":\"BreadcrumbList\",\"@id\":\"https:\\\/\\\/antler.si\\\/it\\\/prodotto\\\/trincia-professionale-weibang-velocity-wbbc7623lc-23-pezzi-726ccm-v-twin-arrivo-a-giugno-2025\\\/#breadcrumb\",\"itemListElement\":[{\"@type\":\"ListItem\",\"position\":1,\"name\":\"Home\",\"item\":\"https:\\\/\\\/antler.si\\\/it\\\/\"},{\"@type\":\"ListItem\",\"position\":2,\"name\":\"Trgovina\",\"item\":\"https:\\\/\\\/antler.si\\\/?page_id=37\"},{\"@type\":\"ListItem\",\"position\":3,\"name\":\"TRINCIA PROFESSIONALE WEIBANG VELOCITY WBBC7623LC - 23 PEZZI \\\/ 726CCM V-TWIN (ARRIVO A GIUGNO 2025)\"}]},{\"@type\":\"WebSite\",\"@id\":\"https:\\\/\\\/antler.si\\\/it\\\/#website\",\"url\":\"https:\\\/\\\/antler.si\\\/it\\\/\",\"name\":\"Trgovina in servis Antler, Solkan pri Novi Gorici\",\"description\":\"www.antler.si\",\"publisher\":{\"@id\":\"https:\\\/\\\/antler.si\\\/it\\\/#organization\"},\"potentialAction\":[{\"@type\":\"SearchAction\",\"target\":{\"@type\":\"EntryPoint\",\"urlTemplate\":\"https:\\\/\\\/antler.si\\\/it\\\/?s={search_term_string}\"},\"query-input\":{\"@type\":\"PropertyValueSpecification\",\"valueRequired\":true,\"valueName\":\"search_term_string\"}}],\"inLanguage\":\"it-IT\"},{\"@type\":\"Organization\",\"@id\":\"https:\\\/\\\/antler.si\\\/it\\\/#organization\",\"name\":\"Trgovina in servis Antler, Solkan pri Novi Gorici\",\"url\":\"https:\\\/\\\/antler.si\\\/it\\\/\",\"logo\":{\"@type\":\"ImageObject\",\"inLanguage\":\"it-IT\",\"@id\":\"https:\\\/\\\/antler.si\\\/it\\\/#\\\/schema\\\/logo\\\/image\\\/\",\"url\":\"https:\\\/\\\/antler.si\\\/wp-content\\\/uploads\\\/2022\\\/11\\\/logo.png\",\"contentUrl\":\"https:\\\/\\\/antler.si\\\/wp-content\\\/uploads\\\/2022\\\/11\\\/logo.png\",\"width\":399,\"height\":115,\"caption\":\"Trgovina in servis Antler, Solkan pri Novi Gorici\"},\"image\":{\"@id\":\"https:\\\/\\\/antler.si\\\/it\\\/#\\\/schema\\\/logo\\\/image\\\/\"},\"sameAs\":[\"https:\\\/\\\/www.facebook.com\\\/profile.php?id=100063136754534\",\"https:\\\/\\\/www.instagram.com\\\/antlerservistrgovina\\\/\"]}]}<\/script>\n<!-- \/ Yoast SEO plugin. -->","yoast_head_json":{"title":"TRINCIA PROFESSIONALE WEIBANG VELOCITY WBBC7623LC - 23 PEZZI \/ 726CCM V-TWIN (ARRIVO A GIUGNO 2025) - Trgovina in servis Antler, Solkan pri Novi Gorici","robots":{"index":"index","follow":"follow","max-snippet":"max-snippet:-1","max-image-preview":"max-image-preview:large","max-video-preview":"max-video-preview:-1"},"canonical":"https:\/\/antler.si\/it\/prodotto\/trincia-professionale-weibang-velocity-wbbc7623lc-23-pezzi-726ccm-v-twin-arrivo-a-giugno-2025\/","og_locale":"it_IT","og_type":"article","og_title":"TRINCIA PROFESSIONALE WEIBANG VELOCITY WBBC7623LC - 23 PEZZI \/ 726CCM V-TWIN (ARRIVO A GIUGNO 2025) - Trgovina in servis Antler, Solkan pri Novi Gorici","og_description":"Trinciatrice professionale con larghezza di taglio di 76 cm per prati e arbusti. Progettata per resistere nelle condizioni pi\u00f9 difficili durante la rasatura di aree incolte e terreni irregolari. Le lame resistenti consentono una larghezza di taglio di 76 cm, rendendo pi\u00f9 facile la pulizia di sentieri, prati e aree boschive. L'unit\u00e0 di falciatura \u00e8 [&hellip;]","og_url":"https:\/\/antler.si\/it\/prodotto\/trincia-professionale-weibang-velocity-wbbc7623lc-23-pezzi-726ccm-v-twin-arrivo-a-giugno-2025\/","og_site_name":"Trgovina in servis Antler, Solkan pri Novi Gorici","article_publisher":"https:\/\/www.facebook.com\/profile.php?id=100063136754534","og_image":[{"width":472,"height":500,"url":"https:\/\/antler.si\/wp-content\/uploads\/2023\/01\/25091711698664905.jpg","type":"image\/jpeg"}],"twitter_card":"summary_large_image","twitter_misc":{"Tempo di lettura stimato":"1 minuto"},"schema":{"@context":"https:\/\/schema.org","@graph":[{"@type":"WebPage","@id":"https:\/\/antler.si\/it\/prodotto\/trincia-professionale-weibang-velocity-wbbc7623lc-23-pezzi-726ccm-v-twin-arrivo-a-giugno-2025\/","url":"https:\/\/antler.si\/it\/prodotto\/trincia-professionale-weibang-velocity-wbbc7623lc-23-pezzi-726ccm-v-twin-arrivo-a-giugno-2025\/","name":"TRINCIA PROFESSIONALE WEIBANG VELOCITY WBBC7623LC - 23 PEZZI \/ 726CCM V-TWIN (ARRIVO A GIUGNO 2025) - Trgovina in servis Antler, Solkan pri Novi Gorici","isPartOf":{"@id":"https:\/\/antler.si\/it\/#website"},"primaryImageOfPage":{"@id":"https:\/\/antler.si\/it\/prodotto\/trincia-professionale-weibang-velocity-wbbc7623lc-23-pezzi-726ccm-v-twin-arrivo-a-giugno-2025\/#primaryimage"},"image":{"@id":"https:\/\/antler.si\/it\/prodotto\/trincia-professionale-weibang-velocity-wbbc7623lc-23-pezzi-726ccm-v-twin-arrivo-a-giugno-2025\/#primaryimage"},"thumbnailUrl":"https:\/\/antler.si\/wp-content\/uploads\/2023\/01\/25091711698664905.jpg","datePublished":"2023-01-03T09:00:48+00:00","breadcrumb":{"@id":"https:\/\/antler.si\/it\/prodotto\/trincia-professionale-weibang-velocity-wbbc7623lc-23-pezzi-726ccm-v-twin-arrivo-a-giugno-2025\/#breadcrumb"},"inLanguage":"it-IT","potentialAction":[{"@type":"ReadAction","target":["https:\/\/antler.si\/it\/prodotto\/trincia-professionale-weibang-velocity-wbbc7623lc-23-pezzi-726ccm-v-twin-arrivo-a-giugno-2025\/"]}]},{"@type":"ImageObject","inLanguage":"it-IT","@id":"https:\/\/antler.si\/it\/prodotto\/trincia-professionale-weibang-velocity-wbbc7623lc-23-pezzi-726ccm-v-twin-arrivo-a-giugno-2025\/#primaryimage","url":"https:\/\/antler.si\/wp-content\/uploads\/2023\/01\/25091711698664905.jpg","contentUrl":"https:\/\/antler.si\/wp-content\/uploads\/2023\/01\/25091711698664905.jpg","width":472,"height":500},{"@type":"BreadcrumbList","@id":"https:\/\/antler.si\/it\/prodotto\/trincia-professionale-weibang-velocity-wbbc7623lc-23-pezzi-726ccm-v-twin-arrivo-a-giugno-2025\/#breadcrumb","itemListElement":[{"@type":"ListItem","position":1,"name":"Home","item":"https:\/\/antler.si\/it\/"},{"@type":"ListItem","position":2,"name":"Trgovina","item":"https:\/\/antler.si\/?page_id=37"},{"@type":"ListItem","position":3,"name":"TRINCIA PROFESSIONALE WEIBANG VELOCITY WBBC7623LC - 23 PEZZI \/ 726CCM V-TWIN (ARRIVO A GIUGNO 2025)"}]},{"@type":"WebSite","@id":"https:\/\/antler.si\/it\/#website","url":"https:\/\/antler.si\/it\/","name":"Trgovina in servis Antler, Solkan pri Novi Gorici","description":"www.antler.si","publisher":{"@id":"https:\/\/antler.si\/it\/#organization"},"potentialAction":[{"@type":"SearchAction","target":{"@type":"EntryPoint","urlTemplate":"https:\/\/antler.si\/it\/?s={search_term_string}"},"query-input":{"@type":"PropertyValueSpecification","valueRequired":true,"valueName":"search_term_string"}}],"inLanguage":"it-IT"},{"@type":"Organization","@id":"https:\/\/antler.si\/it\/#organization","name":"Trgovina in servis Antler, Solkan pri Novi Gorici","url":"https:\/\/antler.si\/it\/","logo":{"@type":"ImageObject","inLanguage":"it-IT","@id":"https:\/\/antler.si\/it\/#\/schema\/logo\/image\/","url":"https:\/\/antler.si\/wp-content\/uploads\/2022\/11\/logo.png","contentUrl":"https:\/\/antler.si\/wp-content\/uploads\/2022\/11\/logo.png","width":399,"height":115,"caption":"Trgovina in servis Antler, Solkan pri Novi Gorici"},"image":{"@id":"https:\/\/antler.si\/it\/#\/schema\/logo\/image\/"},"sameAs":["https:\/\/www.facebook.com\/profile.php?id=100063136754534","https:\/\/www.instagram.com\/antlerservistrgovina\/"]}]}},"brands":[{"id":292,"name":"WEIBANG","slug":"waibang-weibang-it"}],"_links":{"self":[{"href":"https:\/\/antler.si\/it\/wp-json\/wp\/v2\/product\/4081","targetHints":{"allow":["GET"]}}],"collection":[{"href":"https:\/\/antler.si\/it\/wp-json\/wp\/v2\/product"}],"about":[{"href":"https:\/\/antler.si\/it\/wp-json\/wp\/v2\/types\/product"}],"replies":[{"embeddable":true,"href":"https:\/\/antler.si\/it\/wp-json\/wp\/v2\/comments?post=4081"}],"wp:featuredmedia":[{"embeddable":true,"href":"https:\/\/antler.si\/it\/wp-json\/wp\/v2\/media\/3778"}],"wp:attachment":[{"href":"https:\/\/antler.si\/it\/wp-json\/wp\/v2\/media?parent=4081"}],"wp:term":[{"taxonomy":"pwb-brand","embeddable":true,"href":"https:\/\/antler.si\/it\/wp-json\/wp\/v2\/pwb-brand?post=4081"},{"taxonomy":"product_brand","embeddable":true,"href":"https:\/\/antler.si\/it\/wp-json\/wp\/v2\/product_brand?post=4081"},{"taxonomy":"product_cat","embeddable":true,"href":"https:\/\/antler.si\/it\/wp-json\/wp\/v2\/product_cat?post=4081"},{"taxonomy":"product_tag","embeddable":true,"href":"https:\/\/antler.si\/it\/wp-json\/wp\/v2\/product_tag?post=4081"}],"curies":[{"name":"wp","href":"https:\/\/api.w.org\/{rel}","templated":true}]}}