{"id":4595,"date":"2026-02-05T10:11:02","date_gmt":"2026-02-05T10:11:02","guid":{"rendered":"https:\/\/antler.si\/izdelek\/robot-tagliaerba-robotico-awd-sunseeker-elite-x9-plus-consegna-seconda-meta-2026\/"},"modified":"2026-02-05T10:11:02","modified_gmt":"2026-02-05T10:11:02","slug":"robot-tagliaerba-robotico-awd-sunseeker-elite-x9-plus-consegna-seconda-meta-2026","status":"publish","type":"product","link":"https:\/\/antler.si\/it\/prodotto\/robot-tagliaerba-robotico-awd-sunseeker-elite-x9-plus-consegna-seconda-meta-2026\/","title":{"rendered":"ROBOT TAGLIAERBA ROBOTICO AWD SUNSEEKER ELITE X9+ PLUS (consegna seconda met\u00e0 2026)"},"content":{"rendered":"<p><strong>Sunseeker Elite X9<\/strong> \u00e8 un robot tagliaerba ad alte prestazioni, progettato per grandi giardini, aree a parco e uso professionale. Si distingue per l\u2019eccezionale autonomia e per una navigazione avanzata e ultra precisa senza fili perimetrali, che ti d\u00e0 il pieno controllo delle superfici verdi. <\/p>\n<p>Il tagliaerba utilizza il sistema di navigazione AONavi\u2122 2.0, che combina la tecnologia satellitare RTK-GNSS e la navigazione visiva SLAM, consentendo un posizionamento preciso al centimetro senza posa di cavi perimetrali. Il sistema OmniSight\u2122 360\u00b0, con una combinazione di camere e sensori, rileva ostacoli, terreno irregolare e anche piccoli oggetti o animali, garantendo un funzionamento sicuro e affidabile. I sensori a infrarossi e notturni permettono un taglio efficace anche con poca luce o di notte.  <\/p>\n<p>Per i terreni pi\u00f9 impegnativi, Elite X9 \u00e8 dotata di <strong>trazione integrale (AWD)<\/strong> e sospensioni indipendenti su tutte le ruote, per superare in modo stabile pendenze fino a circa <strong>42\u00b0 (\u2248 90 %).<\/strong> Funziona in modo affidabile su salite, superfici irregolari ed erba bagnata, mantenendo linee di taglio dritte e precise.<\/p>\n<p>L\u2019unit\u00e0 di taglio multidisco con larghezza di taglio di circa 43 cm consente una rasatura rapida e uniforme di grandi superfici. L\u2019altezza di taglio regolabile elettronicamente (circa 20\u2013100 mm) assicura un adattamento perfetto ai diversi tipi di prato e alle tue preferenze. La struttura robusta garantisce un taglio preciso e omogeneo su tutta l\u2019area.  <\/p>\n<p>Elite X9 \u00e8 progettata per superfici molto grandi: fino a circa 12.000 m\u00b2 in 48 ore. La tecnologia di ricarica rapida riduce notevolmente i tempi di inattivit\u00e0: la ricarica dura circa 50 minuti. <\/p>\n<p>La connettivit\u00e0 mobile 4G integrata consente controllo, gestione e aggiornamenti da remoto tramite app. Puoi impostare facilmente pi\u00f9 zone di lavoro, programmi e confini virtuali, senza alcun cavo fisico. Per gli utenti pi\u00f9 esigenti \u00e8 disponibile anche la gestione di pi\u00f9 tagliaerba contemporaneamente (fleet management).  <\/p>\n<p>&nbsp;<\/p>\n<p><strong>Sunseeker Elite X9 PLUS<\/strong><\/p>\n<p>Area: fino a 24000m2 \/ 48h<br \/>\nTecnologia: AONavi 2.0(nRTK+VSLAM 2.0) 360\u00b0OmniSight<br \/>\nCamera: Anteriore - Stereo Camera + Tof+ Infrarossi + Laterale - camera ToFView + dToF*2<br \/>\nModulo 4G + protezione antifurto: S\u00ec, 5 anni standard<br \/>\nTrazione: AWD, 4WD<br \/>\nPendenza max: 90% \/ 42\u00b0<br \/>\nAltezza di taglio: 20-100mm<br \/>\nRegolazione altezza: elettronica<br \/>\nLarghezza di taglio: 43cm<br \/>\nCapacit\u00e0 batteria: 8Ah 42V<br \/>\nCaricatore rapido: RICARICA FLASH 0...100% - 20min<br \/>\nRicarica flash: 17A<br \/>\nImpermeabilit\u00e0: IPX6<br \/>\nVelocit\u00e0 di taglio: max.  1m\/s<br \/>\nLivello di rumore: 60dB(A)<br \/>\nDimensioni: 83 x 81 x 30.5cm<br \/>\nStazione antenna: No<br \/>\nPeso: 30,3kg<br \/>\nGaranzia: 24 mesi<\/p>\n<p>Confini virtuali: S\u00ec<br \/>\nRilevamento ostacoli: Omni Al-ToF&amp;Vision + Infrarossi<br \/>\nParaurti flottante: S\u00ec<br \/>\nDisplay: LCD<br \/>\nMappatura automatica: S\u00ec<br \/>\nTaglio lungo il bordo: S\u00ec<br \/>\nTaglio multi-angolo personalizzato: S\u00ec<br \/>\nTaglio spot personalizzato: S\u00ec<br \/>\nModalit\u00e0 efficienza: S\u00ec<br \/>\nMultizona: Senza limiti<br \/>\nConnettivit\u00e0: Wi-Fi \/ Bluetooth \/ 4G<br \/>\nModalit\u00e0 notturna: S\u00ec<br \/>\nSensore pioggia: S\u00ec<br \/>\nFOTA: S\u00ec<br \/>\nAlexa o Google Home: S\u00ec<br \/>\nLuce ambiente e di funzionamento: S\u00ec<br \/>\nImpostazione programma: S\u00ec<br \/>\n<strong>Tagliabordi: incluso di serie<\/strong><\/p>\n<p><iframe loading=\"lazy\" title=\"\ud83c\udf89Official Launch: Meet Sunseeker Elite X9 \/X9 Plus\uff0812,000m\u00b2\/24,000m\u00b2)!Rule the open green\ud83d\udc9a\" width=\"500\" height=\"281\" src=\"https:\/\/www.youtube.com\/embed\/r5i7G3k9ocE?feature=oembed\" frameborder=\"0\" allow=\"accelerometer; autoplay; clipboard-write; encrypted-media; gyroscope; picture-in-picture; web-share\" referrerpolicy=\"strict-origin-when-cross-origin\" allowfullscreen><\/iframe><\/p>\n<p>&nbsp;<\/p>\n<p>&nbsp;<\/p>\n","protected":false},"excerpt":{"rendered":"<p>Sunseeker Elite X9 \u00e8 un robot tagliaerba ad alte prestazioni, progettato per grandi giardini, aree a parco e uso professionale. Si distingue per l\u2019eccezionale autonomia e per una navigazione avanzata e ultra precisa senza fili perimetrali, che ti d\u00e0 il pieno controllo delle superfici verdi. Il tagliaerba utilizza il sistema di navigazione AONavi\u2122 2.0, che [&hellip;]<\/p>\n","protected":false},"featured_media":4475,"comment_status":"open","ping_status":"closed","template":"","meta":{"_acf_changed":false},"pwb-brand":[300],"product_brand":[],"product_cat":[199],"product_tag":[],"class_list":{"0":"post-4595","1":"product","2":"type-product","3":"status-publish","4":"has-post-thumbnail","6":"pwb-brand-sunseeker-it","7":"product_cat-robot-tagliaerba","9":"first","10":"instock","11":"shipping-taxable","12":"purchasable","13":"product-type-simple"},"acf":[],"yoast_head":"<!-- This site is optimized with the Yoast SEO plugin v27.3 - https:\/\/yoast.com\/product\/yoast-seo-wordpress\/ -->\n<title>ROBOT TAGLIAERBA ROBOTICO AWD SUNSEEKER ELITE X9+ PLUS (consegna seconda met\u00e0 2026) - Trgovina in servis Antler, Solkan pri Novi Gorici<\/title>\n<meta name=\"robots\" content=\"index, follow, max-snippet:-1, max-image-preview:large, max-video-preview:-1\" \/>\n<link rel=\"canonical\" href=\"https:\/\/antler.si\/it\/prodotto\/robot-tagliaerba-robotico-awd-sunseeker-elite-x9-plus-consegna-seconda-meta-2026\/\" \/>\n<meta property=\"og:locale\" content=\"it_IT\" \/>\n<meta property=\"og:type\" content=\"article\" \/>\n<meta property=\"og:title\" content=\"ROBOT TAGLIAERBA ROBOTICO AWD SUNSEEKER ELITE X9+ PLUS (consegna seconda met\u00e0 2026) - Trgovina in servis Antler, Solkan pri Novi Gorici\" \/>\n<meta property=\"og:description\" content=\"Sunseeker Elite X9 \u00e8 un robot tagliaerba ad alte prestazioni, progettato per grandi giardini, aree a parco e uso professionale. Si distingue per l\u2019eccezionale autonomia e per una navigazione avanzata e ultra precisa senza fili perimetrali, che ti d\u00e0 il pieno controllo delle superfici verdi. Il tagliaerba utilizza il sistema di navigazione AONavi\u2122 2.0, che [&hellip;]\" \/>\n<meta property=\"og:url\" content=\"https:\/\/antler.si\/it\/prodotto\/robot-tagliaerba-robotico-awd-sunseeker-elite-x9-plus-consegna-seconda-meta-2026\/\" \/>\n<meta property=\"og:site_name\" content=\"Trgovina in servis Antler, Solkan pri Novi Gorici\" \/>\n<meta property=\"article:publisher\" content=\"https:\/\/www.facebook.com\/profile.php?id=100063136754534\" \/>\n<meta property=\"og:image\" content=\"https:\/\/antler.si\/wp-content\/uploads\/2026\/02\/7780xl_TX-90070279_Sunseeker_Robotplaeneklipper_Sunseeker_ELITE_X9_Plus_RTK.jpg\" \/>\n\t<meta property=\"og:image:width\" content=\"1219\" \/>\n\t<meta property=\"og:image:height\" content=\"720\" \/>\n\t<meta property=\"og:image:type\" content=\"image\/jpeg\" \/>\n<meta name=\"twitter:card\" content=\"summary_large_image\" \/>\n<meta name=\"twitter:label1\" content=\"Tempo di lettura stimato\" \/>\n\t<meta name=\"twitter:data1\" content=\"2 minuti\" \/>\n<script type=\"application\/ld+json\" class=\"yoast-schema-graph\">{\"@context\":\"https:\\\/\\\/schema.org\",\"@graph\":[{\"@type\":\"WebPage\",\"@id\":\"https:\\\/\\\/antler.si\\\/it\\\/prodotto\\\/robot-tagliaerba-robotico-awd-sunseeker-elite-x9-plus-consegna-seconda-meta-2026\\\/\",\"url\":\"https:\\\/\\\/antler.si\\\/it\\\/prodotto\\\/robot-tagliaerba-robotico-awd-sunseeker-elite-x9-plus-consegna-seconda-meta-2026\\\/\",\"name\":\"ROBOT TAGLIAERBA ROBOTICO AWD SUNSEEKER ELITE X9+ PLUS (consegna seconda met\u00e0 2026) - Trgovina in servis Antler, Solkan pri Novi Gorici\",\"isPartOf\":{\"@id\":\"https:\\\/\\\/antler.si\\\/it\\\/#website\"},\"primaryImageOfPage\":{\"@id\":\"https:\\\/\\\/antler.si\\\/it\\\/prodotto\\\/robot-tagliaerba-robotico-awd-sunseeker-elite-x9-plus-consegna-seconda-meta-2026\\\/#primaryimage\"},\"image\":{\"@id\":\"https:\\\/\\\/antler.si\\\/it\\\/prodotto\\\/robot-tagliaerba-robotico-awd-sunseeker-elite-x9-plus-consegna-seconda-meta-2026\\\/#primaryimage\"},\"thumbnailUrl\":\"https:\\\/\\\/antler.si\\\/wp-content\\\/uploads\\\/2026\\\/02\\\/7780xl_TX-90070279_Sunseeker_Robotplaeneklipper_Sunseeker_ELITE_X9_Plus_RTK.jpg\",\"datePublished\":\"2026-02-05T10:11:02+00:00\",\"breadcrumb\":{\"@id\":\"https:\\\/\\\/antler.si\\\/it\\\/prodotto\\\/robot-tagliaerba-robotico-awd-sunseeker-elite-x9-plus-consegna-seconda-meta-2026\\\/#breadcrumb\"},\"inLanguage\":\"it-IT\",\"potentialAction\":[{\"@type\":\"ReadAction\",\"target\":[\"https:\\\/\\\/antler.si\\\/it\\\/prodotto\\\/robot-tagliaerba-robotico-awd-sunseeker-elite-x9-plus-consegna-seconda-meta-2026\\\/\"]}]},{\"@type\":\"ImageObject\",\"inLanguage\":\"it-IT\",\"@id\":\"https:\\\/\\\/antler.si\\\/it\\\/prodotto\\\/robot-tagliaerba-robotico-awd-sunseeker-elite-x9-plus-consegna-seconda-meta-2026\\\/#primaryimage\",\"url\":\"https:\\\/\\\/antler.si\\\/wp-content\\\/uploads\\\/2026\\\/02\\\/7780xl_TX-90070279_Sunseeker_Robotplaeneklipper_Sunseeker_ELITE_X9_Plus_RTK.jpg\",\"contentUrl\":\"https:\\\/\\\/antler.si\\\/wp-content\\\/uploads\\\/2026\\\/02\\\/7780xl_TX-90070279_Sunseeker_Robotplaeneklipper_Sunseeker_ELITE_X9_Plus_RTK.jpg\",\"width\":1219,\"height\":720},{\"@type\":\"BreadcrumbList\",\"@id\":\"https:\\\/\\\/antler.si\\\/it\\\/prodotto\\\/robot-tagliaerba-robotico-awd-sunseeker-elite-x9-plus-consegna-seconda-meta-2026\\\/#breadcrumb\",\"itemListElement\":[{\"@type\":\"ListItem\",\"position\":1,\"name\":\"Home\",\"item\":\"https:\\\/\\\/antler.si\\\/it\\\/\"},{\"@type\":\"ListItem\",\"position\":2,\"name\":\"Trgovina\",\"item\":\"https:\\\/\\\/antler.si\\\/?page_id=37\"},{\"@type\":\"ListItem\",\"position\":3,\"name\":\"ROBOT TAGLIAERBA ROBOTICO AWD SUNSEEKER ELITE X9+ PLUS (consegna seconda met\u00e0 2026)\"}]},{\"@type\":\"WebSite\",\"@id\":\"https:\\\/\\\/antler.si\\\/it\\\/#website\",\"url\":\"https:\\\/\\\/antler.si\\\/it\\\/\",\"name\":\"Trgovina in servis Antler, Solkan pri Novi Gorici\",\"description\":\"www.antler.si\",\"publisher\":{\"@id\":\"https:\\\/\\\/antler.si\\\/it\\\/#organization\"},\"potentialAction\":[{\"@type\":\"SearchAction\",\"target\":{\"@type\":\"EntryPoint\",\"urlTemplate\":\"https:\\\/\\\/antler.si\\\/it\\\/?s={search_term_string}\"},\"query-input\":{\"@type\":\"PropertyValueSpecification\",\"valueRequired\":true,\"valueName\":\"search_term_string\"}}],\"inLanguage\":\"it-IT\"},{\"@type\":\"Organization\",\"@id\":\"https:\\\/\\\/antler.si\\\/it\\\/#organization\",\"name\":\"Trgovina in servis Antler, Solkan pri Novi Gorici\",\"url\":\"https:\\\/\\\/antler.si\\\/it\\\/\",\"logo\":{\"@type\":\"ImageObject\",\"inLanguage\":\"it-IT\",\"@id\":\"https:\\\/\\\/antler.si\\\/it\\\/#\\\/schema\\\/logo\\\/image\\\/\",\"url\":\"https:\\\/\\\/antler.si\\\/wp-content\\\/uploads\\\/2022\\\/11\\\/logo.png\",\"contentUrl\":\"https:\\\/\\\/antler.si\\\/wp-content\\\/uploads\\\/2022\\\/11\\\/logo.png\",\"width\":399,\"height\":115,\"caption\":\"Trgovina in servis Antler, Solkan pri Novi Gorici\"},\"image\":{\"@id\":\"https:\\\/\\\/antler.si\\\/it\\\/#\\\/schema\\\/logo\\\/image\\\/\"},\"sameAs\":[\"https:\\\/\\\/www.facebook.com\\\/profile.php?id=100063136754534\",\"https:\\\/\\\/www.instagram.com\\\/antlerservistrgovina\\\/\"]}]}<\/script>\n<!-- \/ Yoast SEO plugin. -->","yoast_head_json":{"title":"ROBOT TAGLIAERBA ROBOTICO AWD SUNSEEKER ELITE X9+ PLUS (consegna seconda met\u00e0 2026) - Trgovina in servis Antler, Solkan pri Novi Gorici","robots":{"index":"index","follow":"follow","max-snippet":"max-snippet:-1","max-image-preview":"max-image-preview:large","max-video-preview":"max-video-preview:-1"},"canonical":"https:\/\/antler.si\/it\/prodotto\/robot-tagliaerba-robotico-awd-sunseeker-elite-x9-plus-consegna-seconda-meta-2026\/","og_locale":"it_IT","og_type":"article","og_title":"ROBOT TAGLIAERBA ROBOTICO AWD SUNSEEKER ELITE X9+ PLUS (consegna seconda met\u00e0 2026) - Trgovina in servis Antler, Solkan pri Novi Gorici","og_description":"Sunseeker Elite X9 \u00e8 un robot tagliaerba ad alte prestazioni, progettato per grandi giardini, aree a parco e uso professionale. Si distingue per l\u2019eccezionale autonomia e per una navigazione avanzata e ultra precisa senza fili perimetrali, che ti d\u00e0 il pieno controllo delle superfici verdi. Il tagliaerba utilizza il sistema di navigazione AONavi\u2122 2.0, che [&hellip;]","og_url":"https:\/\/antler.si\/it\/prodotto\/robot-tagliaerba-robotico-awd-sunseeker-elite-x9-plus-consegna-seconda-meta-2026\/","og_site_name":"Trgovina in servis Antler, Solkan pri Novi Gorici","article_publisher":"https:\/\/www.facebook.com\/profile.php?id=100063136754534","og_image":[{"width":1219,"height":720,"url":"https:\/\/antler.si\/wp-content\/uploads\/2026\/02\/7780xl_TX-90070279_Sunseeker_Robotplaeneklipper_Sunseeker_ELITE_X9_Plus_RTK.jpg","type":"image\/jpeg"}],"twitter_card":"summary_large_image","twitter_misc":{"Tempo di lettura stimato":"2 minuti"},"schema":{"@context":"https:\/\/schema.org","@graph":[{"@type":"WebPage","@id":"https:\/\/antler.si\/it\/prodotto\/robot-tagliaerba-robotico-awd-sunseeker-elite-x9-plus-consegna-seconda-meta-2026\/","url":"https:\/\/antler.si\/it\/prodotto\/robot-tagliaerba-robotico-awd-sunseeker-elite-x9-plus-consegna-seconda-meta-2026\/","name":"ROBOT TAGLIAERBA ROBOTICO AWD SUNSEEKER ELITE X9+ PLUS (consegna seconda met\u00e0 2026) - Trgovina in servis Antler, Solkan pri Novi Gorici","isPartOf":{"@id":"https:\/\/antler.si\/it\/#website"},"primaryImageOfPage":{"@id":"https:\/\/antler.si\/it\/prodotto\/robot-tagliaerba-robotico-awd-sunseeker-elite-x9-plus-consegna-seconda-meta-2026\/#primaryimage"},"image":{"@id":"https:\/\/antler.si\/it\/prodotto\/robot-tagliaerba-robotico-awd-sunseeker-elite-x9-plus-consegna-seconda-meta-2026\/#primaryimage"},"thumbnailUrl":"https:\/\/antler.si\/wp-content\/uploads\/2026\/02\/7780xl_TX-90070279_Sunseeker_Robotplaeneklipper_Sunseeker_ELITE_X9_Plus_RTK.jpg","datePublished":"2026-02-05T10:11:02+00:00","breadcrumb":{"@id":"https:\/\/antler.si\/it\/prodotto\/robot-tagliaerba-robotico-awd-sunseeker-elite-x9-plus-consegna-seconda-meta-2026\/#breadcrumb"},"inLanguage":"it-IT","potentialAction":[{"@type":"ReadAction","target":["https:\/\/antler.si\/it\/prodotto\/robot-tagliaerba-robotico-awd-sunseeker-elite-x9-plus-consegna-seconda-meta-2026\/"]}]},{"@type":"ImageObject","inLanguage":"it-IT","@id":"https:\/\/antler.si\/it\/prodotto\/robot-tagliaerba-robotico-awd-sunseeker-elite-x9-plus-consegna-seconda-meta-2026\/#primaryimage","url":"https:\/\/antler.si\/wp-content\/uploads\/2026\/02\/7780xl_TX-90070279_Sunseeker_Robotplaeneklipper_Sunseeker_ELITE_X9_Plus_RTK.jpg","contentUrl":"https:\/\/antler.si\/wp-content\/uploads\/2026\/02\/7780xl_TX-90070279_Sunseeker_Robotplaeneklipper_Sunseeker_ELITE_X9_Plus_RTK.jpg","width":1219,"height":720},{"@type":"BreadcrumbList","@id":"https:\/\/antler.si\/it\/prodotto\/robot-tagliaerba-robotico-awd-sunseeker-elite-x9-plus-consegna-seconda-meta-2026\/#breadcrumb","itemListElement":[{"@type":"ListItem","position":1,"name":"Home","item":"https:\/\/antler.si\/it\/"},{"@type":"ListItem","position":2,"name":"Trgovina","item":"https:\/\/antler.si\/?page_id=37"},{"@type":"ListItem","position":3,"name":"ROBOT TAGLIAERBA ROBOTICO AWD SUNSEEKER ELITE X9+ PLUS (consegna seconda met\u00e0 2026)"}]},{"@type":"WebSite","@id":"https:\/\/antler.si\/it\/#website","url":"https:\/\/antler.si\/it\/","name":"Trgovina in servis Antler, Solkan pri Novi Gorici","description":"www.antler.si","publisher":{"@id":"https:\/\/antler.si\/it\/#organization"},"potentialAction":[{"@type":"SearchAction","target":{"@type":"EntryPoint","urlTemplate":"https:\/\/antler.si\/it\/?s={search_term_string}"},"query-input":{"@type":"PropertyValueSpecification","valueRequired":true,"valueName":"search_term_string"}}],"inLanguage":"it-IT"},{"@type":"Organization","@id":"https:\/\/antler.si\/it\/#organization","name":"Trgovina in servis Antler, Solkan pri Novi Gorici","url":"https:\/\/antler.si\/it\/","logo":{"@type":"ImageObject","inLanguage":"it-IT","@id":"https:\/\/antler.si\/it\/#\/schema\/logo\/image\/","url":"https:\/\/antler.si\/wp-content\/uploads\/2022\/11\/logo.png","contentUrl":"https:\/\/antler.si\/wp-content\/uploads\/2022\/11\/logo.png","width":399,"height":115,"caption":"Trgovina in servis Antler, Solkan pri Novi Gorici"},"image":{"@id":"https:\/\/antler.si\/it\/#\/schema\/logo\/image\/"},"sameAs":["https:\/\/www.facebook.com\/profile.php?id=100063136754534","https:\/\/www.instagram.com\/antlerservistrgovina\/"]}]}},"brands":[{"id":300,"name":"Sunseeker","slug":"sunseeker-it"}],"_links":{"self":[{"href":"https:\/\/antler.si\/it\/wp-json\/wp\/v2\/product\/4595","targetHints":{"allow":["GET"]}}],"collection":[{"href":"https:\/\/antler.si\/it\/wp-json\/wp\/v2\/product"}],"about":[{"href":"https:\/\/antler.si\/it\/wp-json\/wp\/v2\/types\/product"}],"replies":[{"embeddable":true,"href":"https:\/\/antler.si\/it\/wp-json\/wp\/v2\/comments?post=4595"}],"wp:featuredmedia":[{"embeddable":true,"href":"https:\/\/antler.si\/it\/wp-json\/wp\/v2\/media\/4475"}],"wp:attachment":[{"href":"https:\/\/antler.si\/it\/wp-json\/wp\/v2\/media?parent=4595"}],"wp:term":[{"taxonomy":"pwb-brand","embeddable":true,"href":"https:\/\/antler.si\/it\/wp-json\/wp\/v2\/pwb-brand?post=4595"},{"taxonomy":"product_brand","embeddable":true,"href":"https:\/\/antler.si\/it\/wp-json\/wp\/v2\/product_brand?post=4595"},{"taxonomy":"product_cat","embeddable":true,"href":"https:\/\/antler.si\/it\/wp-json\/wp\/v2\/product_cat?post=4595"},{"taxonomy":"product_tag","embeddable":true,"href":"https:\/\/antler.si\/it\/wp-json\/wp\/v2\/product_tag?post=4595"}],"curies":[{"name":"wp","href":"https:\/\/api.w.org\/{rel}","templated":true}]}}