{"id":4652,"date":"2026-02-25T14:24:38","date_gmt":"2026-02-25T14:24:38","guid":{"rendered":"https:\/\/antler.si\/izdelek\/robot-tagliaerba-telecomandato-pogo-mtech-skokica-hoppy-55-cm\/"},"modified":"2026-02-25T14:24:38","modified_gmt":"2026-02-25T14:24:38","slug":"robot-tagliaerba-telecomandato-pogo-mtech-skokica-hoppy-55-cm","status":"publish","type":"product","link":"https:\/\/antler.si\/it\/prodotto\/robot-tagliaerba-telecomandato-pogo-mtech-skokica-hoppy-55-cm\/","title":{"rendered":"ROBOT TAGLIAERBA TELECOMANDATO POGO MTECH SKOKICA (HOPPY) 55 cm"},"content":{"rendered":"<p>Scopri Pogo M-Tech Skokica, l'innovativo robot tagliaerba telecomandato, progettato per terreni di piccole e medie dimensioni, ma anche impegnativi. Con trazione 4\u00d74 e una larghezza di taglio di 55 cm, garantisce un taglio preciso e accurato indipendentemente dal terreno. Supera facilmente pendenze, erba alta e superfici irregolari, assicurando una manutenzione impeccabile delle aree verdi senza sforzo.  <\/p>\n<p>\u00c8 equipaggiato con un potente motore a benzina LONCIN a 4 tempi da 9 CV, che garantisce alta efficienza e affidabilit\u00e0. L'avanzato sistema a cuscino d'aria permette un movimento stabile e fluido anche su pendenze impegnative fino a 30\u00b0. Grazie al telecomando con una portata fino a 200 metri, hai il controllo completo del taglio, indipendentemente dal terreno.  <\/p>\n<p>Pogo M-Tech Skokica \u00e8 la soluzione ideale per il taglio in giardini, parchi, vigneti, prati, frutteti o altre aree erbose. Combina semplicit\u00e0 d'uso, prestazioni eccezionali e manovrabilit\u00e0 superiore \u2013 per un prato impeccabile senza sforzo fisico. <\/p>\n<p><strong>Vantaggi chiave:<\/strong><\/p>\n<ul>\n<li><strong>Il design innovativo<\/strong> consente un movimento confortevole su terreni difficili e garantisce stabilit\u00e0 su pendenze fino a 30\u00b0.<\/li>\n<li><strong>La portata del telecomando di 200 metri<\/strong> garantisce un taglio sicuro e conveniente, anche su superfici pi\u00f9 ampie.<\/li>\n<li>Il potente motore a benzina Loncin da 9 CV a 4 tempi offre prestazioni eccellenti con un basso consumo di carburante (0,8\u20131 L\/h).<\/li>\n<li>L'altezza di taglio di 60 mm e la larghezza di 550 mm consentono un taglio efficiente di vari tipi di superfici.<\/li>\n<li><strong>La trazione 4\u00d74<\/strong> garantisce un'ottima aderenza e un facile movimento su terreni accidentati, anche attraverso l'erba alta.<\/li>\n<\/ul>\n<p>Dimensioni: 1100 \u00d7 890 \u00d7 410 mm<br \/>\nPeso: 105 kg<br \/>\nSistema di trazione: pneumatici fuoristrada 4\u00d74, con sistema \u201czero turn\u201d (rotazione sul posto)<br \/>\nVelocit\u00e0 di movimento: 4,5 km\/h<br \/>\nLarghezza di taglio: 550 mm<br \/>\nPendenza massima del terreno fino a 30\u00b0<br \/>\nMotore: LONCIN 224 cm\u00b3, potenza 4,5 kW \/ 9 CV, tensione della batteria per la trazione \u00e8 24V 20Ah<br \/>\nCarburante: Benzina, Capacit\u00e0 serbatoio: 1,2 L, Consumo di carburante: 0,8 \u2013 1 L\/h<br \/>\nPortata del telecomando: Fino a 400 m<br \/>\nSistema di ricarica automatica della batteria: S\u00cc<strong><br \/>\n<\/strong><\/p>\n<p>&nbsp;<\/p>\n","protected":false},"excerpt":{"rendered":"<p>Scopri Pogo M-Tech Skokica, l'innovativo robot tagliaerba telecomandato, progettato per terreni di piccole e medie dimensioni, ma anche impegnativi. Con trazione 4\u00d74 e una larghezza di taglio di 55 cm, garantisce un taglio preciso e accurato indipendentemente dal terreno. Supera facilmente pendenze, erba alta e superfici irregolari, assicurando una manutenzione impeccabile delle aree verdi senza [&hellip;]<\/p>\n","protected":false},"featured_media":4639,"comment_status":"open","ping_status":"closed","template":"","meta":{"_acf_changed":false},"pwb-brand":[317],"product_brand":[],"product_cat":[199,194],"product_tag":[],"class_list":{"0":"post-4652","1":"product","2":"type-product","3":"status-publish","4":"has-post-thumbnail","6":"pwb-brand-pogo-mtech","7":"product_cat-robot-tagliaerba","8":"product_cat-tagliaerba-rasaerba-per-erba-alta-falciatutto","10":"first","11":"instock","12":"shipping-taxable","13":"purchasable","14":"product-type-simple"},"acf":[],"yoast_head":"<!-- This site is optimized with the Yoast SEO plugin v27.3 - https:\/\/yoast.com\/product\/yoast-seo-wordpress\/ -->\n<title>ROBOT TAGLIAERBA TELECOMANDATO POGO MTECH SKOKICA (HOPPY) 55 cm - Trgovina in servis Antler, Solkan pri Novi Gorici<\/title>\n<meta name=\"robots\" content=\"index, follow, max-snippet:-1, max-image-preview:large, max-video-preview:-1\" \/>\n<link rel=\"canonical\" href=\"https:\/\/antler.si\/it\/prodotto\/robot-tagliaerba-telecomandato-pogo-mtech-skokica-hoppy-55-cm\/\" \/>\n<meta property=\"og:locale\" content=\"it_IT\" \/>\n<meta property=\"og:type\" content=\"article\" \/>\n<meta property=\"og:title\" content=\"ROBOT TAGLIAERBA TELECOMANDATO POGO MTECH SKOKICA (HOPPY) 55 cm - Trgovina in servis Antler, Solkan pri Novi Gorici\" \/>\n<meta property=\"og:description\" content=\"Scopri Pogo M-Tech Skokica, l&#039;innovativo robot tagliaerba telecomandato, progettato per terreni di piccole e medie dimensioni, ma anche impegnativi. Con trazione 4\u00d74 e una larghezza di taglio di 55 cm, garantisce un taglio preciso e accurato indipendentemente dal terreno. Supera facilmente pendenze, erba alta e superfici irregolari, assicurando una manutenzione impeccabile delle aree verdi senza [&hellip;]\" \/>\n<meta property=\"og:url\" content=\"https:\/\/antler.si\/it\/prodotto\/robot-tagliaerba-telecomandato-pogo-mtech-skokica-hoppy-55-cm\/\" \/>\n<meta property=\"og:site_name\" content=\"Trgovina in servis Antler, Solkan pri Novi Gorici\" \/>\n<meta property=\"article:publisher\" content=\"https:\/\/www.facebook.com\/profile.php?id=100063136754534\" \/>\n<meta property=\"og:image\" content=\"https:\/\/antler.si\/wp-content\/uploads\/2026\/02\/6-1-2-600x360-1.jpg\" \/>\n\t<meta property=\"og:image:width\" content=\"600\" \/>\n\t<meta property=\"og:image:height\" content=\"360\" \/>\n\t<meta property=\"og:image:type\" content=\"image\/jpeg\" \/>\n<meta name=\"twitter:card\" content=\"summary_large_image\" \/>\n<meta name=\"twitter:label1\" content=\"Tempo di lettura stimato\" \/>\n\t<meta name=\"twitter:data1\" content=\"2 minuti\" \/>\n<script type=\"application\/ld+json\" class=\"yoast-schema-graph\">{\"@context\":\"https:\\\/\\\/schema.org\",\"@graph\":[{\"@type\":\"WebPage\",\"@id\":\"https:\\\/\\\/antler.si\\\/it\\\/prodotto\\\/robot-tagliaerba-telecomandato-pogo-mtech-skokica-hoppy-55-cm\\\/\",\"url\":\"https:\\\/\\\/antler.si\\\/it\\\/prodotto\\\/robot-tagliaerba-telecomandato-pogo-mtech-skokica-hoppy-55-cm\\\/\",\"name\":\"ROBOT TAGLIAERBA TELECOMANDATO POGO MTECH SKOKICA (HOPPY) 55 cm - Trgovina in servis Antler, Solkan pri Novi Gorici\",\"isPartOf\":{\"@id\":\"https:\\\/\\\/antler.si\\\/it\\\/#website\"},\"primaryImageOfPage\":{\"@id\":\"https:\\\/\\\/antler.si\\\/it\\\/prodotto\\\/robot-tagliaerba-telecomandato-pogo-mtech-skokica-hoppy-55-cm\\\/#primaryimage\"},\"image\":{\"@id\":\"https:\\\/\\\/antler.si\\\/it\\\/prodotto\\\/robot-tagliaerba-telecomandato-pogo-mtech-skokica-hoppy-55-cm\\\/#primaryimage\"},\"thumbnailUrl\":\"https:\\\/\\\/antler.si\\\/wp-content\\\/uploads\\\/2026\\\/02\\\/6-1-2-600x360-1.jpg\",\"datePublished\":\"2026-02-25T14:24:38+00:00\",\"breadcrumb\":{\"@id\":\"https:\\\/\\\/antler.si\\\/it\\\/prodotto\\\/robot-tagliaerba-telecomandato-pogo-mtech-skokica-hoppy-55-cm\\\/#breadcrumb\"},\"inLanguage\":\"it-IT\",\"potentialAction\":[{\"@type\":\"ReadAction\",\"target\":[\"https:\\\/\\\/antler.si\\\/it\\\/prodotto\\\/robot-tagliaerba-telecomandato-pogo-mtech-skokica-hoppy-55-cm\\\/\"]}]},{\"@type\":\"ImageObject\",\"inLanguage\":\"it-IT\",\"@id\":\"https:\\\/\\\/antler.si\\\/it\\\/prodotto\\\/robot-tagliaerba-telecomandato-pogo-mtech-skokica-hoppy-55-cm\\\/#primaryimage\",\"url\":\"https:\\\/\\\/antler.si\\\/wp-content\\\/uploads\\\/2026\\\/02\\\/6-1-2-600x360-1.jpg\",\"contentUrl\":\"https:\\\/\\\/antler.si\\\/wp-content\\\/uploads\\\/2026\\\/02\\\/6-1-2-600x360-1.jpg\",\"width\":600,\"height\":360},{\"@type\":\"BreadcrumbList\",\"@id\":\"https:\\\/\\\/antler.si\\\/it\\\/prodotto\\\/robot-tagliaerba-telecomandato-pogo-mtech-skokica-hoppy-55-cm\\\/#breadcrumb\",\"itemListElement\":[{\"@type\":\"ListItem\",\"position\":1,\"name\":\"Home\",\"item\":\"https:\\\/\\\/antler.si\\\/it\\\/\"},{\"@type\":\"ListItem\",\"position\":2,\"name\":\"Trgovina\",\"item\":\"https:\\\/\\\/antler.si\\\/?page_id=37\"},{\"@type\":\"ListItem\",\"position\":3,\"name\":\"ROBOT TAGLIAERBA TELECOMANDATO POGO MTECH SKOKICA (HOPPY) 55 cm\"}]},{\"@type\":\"WebSite\",\"@id\":\"https:\\\/\\\/antler.si\\\/it\\\/#website\",\"url\":\"https:\\\/\\\/antler.si\\\/it\\\/\",\"name\":\"Trgovina in servis Antler, Solkan pri Novi Gorici\",\"description\":\"www.antler.si\",\"publisher\":{\"@id\":\"https:\\\/\\\/antler.si\\\/it\\\/#organization\"},\"potentialAction\":[{\"@type\":\"SearchAction\",\"target\":{\"@type\":\"EntryPoint\",\"urlTemplate\":\"https:\\\/\\\/antler.si\\\/it\\\/?s={search_term_string}\"},\"query-input\":{\"@type\":\"PropertyValueSpecification\",\"valueRequired\":true,\"valueName\":\"search_term_string\"}}],\"inLanguage\":\"it-IT\"},{\"@type\":\"Organization\",\"@id\":\"https:\\\/\\\/antler.si\\\/it\\\/#organization\",\"name\":\"Trgovina in servis Antler, Solkan pri Novi Gorici\",\"url\":\"https:\\\/\\\/antler.si\\\/it\\\/\",\"logo\":{\"@type\":\"ImageObject\",\"inLanguage\":\"it-IT\",\"@id\":\"https:\\\/\\\/antler.si\\\/it\\\/#\\\/schema\\\/logo\\\/image\\\/\",\"url\":\"https:\\\/\\\/antler.si\\\/wp-content\\\/uploads\\\/2022\\\/11\\\/logo.png\",\"contentUrl\":\"https:\\\/\\\/antler.si\\\/wp-content\\\/uploads\\\/2022\\\/11\\\/logo.png\",\"width\":399,\"height\":115,\"caption\":\"Trgovina in servis Antler, Solkan pri Novi Gorici\"},\"image\":{\"@id\":\"https:\\\/\\\/antler.si\\\/it\\\/#\\\/schema\\\/logo\\\/image\\\/\"},\"sameAs\":[\"https:\\\/\\\/www.facebook.com\\\/profile.php?id=100063136754534\",\"https:\\\/\\\/www.instagram.com\\\/antlerservistrgovina\\\/\"]}]}<\/script>\n<!-- \/ Yoast SEO plugin. -->","yoast_head_json":{"title":"ROBOT TAGLIAERBA TELECOMANDATO POGO MTECH SKOKICA (HOPPY) 55 cm - Trgovina in servis Antler, Solkan pri Novi Gorici","robots":{"index":"index","follow":"follow","max-snippet":"max-snippet:-1","max-image-preview":"max-image-preview:large","max-video-preview":"max-video-preview:-1"},"canonical":"https:\/\/antler.si\/it\/prodotto\/robot-tagliaerba-telecomandato-pogo-mtech-skokica-hoppy-55-cm\/","og_locale":"it_IT","og_type":"article","og_title":"ROBOT TAGLIAERBA TELECOMANDATO POGO MTECH SKOKICA (HOPPY) 55 cm - Trgovina in servis Antler, Solkan pri Novi Gorici","og_description":"Scopri Pogo M-Tech Skokica, l'innovativo robot tagliaerba telecomandato, progettato per terreni di piccole e medie dimensioni, ma anche impegnativi. Con trazione 4\u00d74 e una larghezza di taglio di 55 cm, garantisce un taglio preciso e accurato indipendentemente dal terreno. Supera facilmente pendenze, erba alta e superfici irregolari, assicurando una manutenzione impeccabile delle aree verdi senza [&hellip;]","og_url":"https:\/\/antler.si\/it\/prodotto\/robot-tagliaerba-telecomandato-pogo-mtech-skokica-hoppy-55-cm\/","og_site_name":"Trgovina in servis Antler, Solkan pri Novi Gorici","article_publisher":"https:\/\/www.facebook.com\/profile.php?id=100063136754534","og_image":[{"width":600,"height":360,"url":"https:\/\/antler.si\/wp-content\/uploads\/2026\/02\/6-1-2-600x360-1.jpg","type":"image\/jpeg"}],"twitter_card":"summary_large_image","twitter_misc":{"Tempo di lettura stimato":"2 minuti"},"schema":{"@context":"https:\/\/schema.org","@graph":[{"@type":"WebPage","@id":"https:\/\/antler.si\/it\/prodotto\/robot-tagliaerba-telecomandato-pogo-mtech-skokica-hoppy-55-cm\/","url":"https:\/\/antler.si\/it\/prodotto\/robot-tagliaerba-telecomandato-pogo-mtech-skokica-hoppy-55-cm\/","name":"ROBOT TAGLIAERBA TELECOMANDATO POGO MTECH SKOKICA (HOPPY) 55 cm - Trgovina in servis Antler, Solkan pri Novi Gorici","isPartOf":{"@id":"https:\/\/antler.si\/it\/#website"},"primaryImageOfPage":{"@id":"https:\/\/antler.si\/it\/prodotto\/robot-tagliaerba-telecomandato-pogo-mtech-skokica-hoppy-55-cm\/#primaryimage"},"image":{"@id":"https:\/\/antler.si\/it\/prodotto\/robot-tagliaerba-telecomandato-pogo-mtech-skokica-hoppy-55-cm\/#primaryimage"},"thumbnailUrl":"https:\/\/antler.si\/wp-content\/uploads\/2026\/02\/6-1-2-600x360-1.jpg","datePublished":"2026-02-25T14:24:38+00:00","breadcrumb":{"@id":"https:\/\/antler.si\/it\/prodotto\/robot-tagliaerba-telecomandato-pogo-mtech-skokica-hoppy-55-cm\/#breadcrumb"},"inLanguage":"it-IT","potentialAction":[{"@type":"ReadAction","target":["https:\/\/antler.si\/it\/prodotto\/robot-tagliaerba-telecomandato-pogo-mtech-skokica-hoppy-55-cm\/"]}]},{"@type":"ImageObject","inLanguage":"it-IT","@id":"https:\/\/antler.si\/it\/prodotto\/robot-tagliaerba-telecomandato-pogo-mtech-skokica-hoppy-55-cm\/#primaryimage","url":"https:\/\/antler.si\/wp-content\/uploads\/2026\/02\/6-1-2-600x360-1.jpg","contentUrl":"https:\/\/antler.si\/wp-content\/uploads\/2026\/02\/6-1-2-600x360-1.jpg","width":600,"height":360},{"@type":"BreadcrumbList","@id":"https:\/\/antler.si\/it\/prodotto\/robot-tagliaerba-telecomandato-pogo-mtech-skokica-hoppy-55-cm\/#breadcrumb","itemListElement":[{"@type":"ListItem","position":1,"name":"Home","item":"https:\/\/antler.si\/it\/"},{"@type":"ListItem","position":2,"name":"Trgovina","item":"https:\/\/antler.si\/?page_id=37"},{"@type":"ListItem","position":3,"name":"ROBOT TAGLIAERBA TELECOMANDATO POGO MTECH SKOKICA (HOPPY) 55 cm"}]},{"@type":"WebSite","@id":"https:\/\/antler.si\/it\/#website","url":"https:\/\/antler.si\/it\/","name":"Trgovina in servis Antler, Solkan pri Novi Gorici","description":"www.antler.si","publisher":{"@id":"https:\/\/antler.si\/it\/#organization"},"potentialAction":[{"@type":"SearchAction","target":{"@type":"EntryPoint","urlTemplate":"https:\/\/antler.si\/it\/?s={search_term_string}"},"query-input":{"@type":"PropertyValueSpecification","valueRequired":true,"valueName":"search_term_string"}}],"inLanguage":"it-IT"},{"@type":"Organization","@id":"https:\/\/antler.si\/it\/#organization","name":"Trgovina in servis Antler, Solkan pri Novi Gorici","url":"https:\/\/antler.si\/it\/","logo":{"@type":"ImageObject","inLanguage":"it-IT","@id":"https:\/\/antler.si\/it\/#\/schema\/logo\/image\/","url":"https:\/\/antler.si\/wp-content\/uploads\/2022\/11\/logo.png","contentUrl":"https:\/\/antler.si\/wp-content\/uploads\/2022\/11\/logo.png","width":399,"height":115,"caption":"Trgovina in servis Antler, Solkan pri Novi Gorici"},"image":{"@id":"https:\/\/antler.si\/it\/#\/schema\/logo\/image\/"},"sameAs":["https:\/\/www.facebook.com\/profile.php?id=100063136754534","https:\/\/www.instagram.com\/antlerservistrgovina\/"]}]}},"brands":[{"id":317,"name":"POGO MTECH","slug":"pogo-mtech"}],"_links":{"self":[{"href":"https:\/\/antler.si\/it\/wp-json\/wp\/v2\/product\/4652","targetHints":{"allow":["GET"]}}],"collection":[{"href":"https:\/\/antler.si\/it\/wp-json\/wp\/v2\/product"}],"about":[{"href":"https:\/\/antler.si\/it\/wp-json\/wp\/v2\/types\/product"}],"replies":[{"embeddable":true,"href":"https:\/\/antler.si\/it\/wp-json\/wp\/v2\/comments?post=4652"}],"wp:featuredmedia":[{"embeddable":true,"href":"https:\/\/antler.si\/it\/wp-json\/wp\/v2\/media\/4639"}],"wp:attachment":[{"href":"https:\/\/antler.si\/it\/wp-json\/wp\/v2\/media?parent=4652"}],"wp:term":[{"taxonomy":"pwb-brand","embeddable":true,"href":"https:\/\/antler.si\/it\/wp-json\/wp\/v2\/pwb-brand?post=4652"},{"taxonomy":"product_brand","embeddable":true,"href":"https:\/\/antler.si\/it\/wp-json\/wp\/v2\/product_brand?post=4652"},{"taxonomy":"product_cat","embeddable":true,"href":"https:\/\/antler.si\/it\/wp-json\/wp\/v2\/product_cat?post=4652"},{"taxonomy":"product_tag","embeddable":true,"href":"https:\/\/antler.si\/it\/wp-json\/wp\/v2\/product_tag?post=4652"}],"curies":[{"name":"wp","href":"https:\/\/api.w.org\/{rel}","templated":true}]}}